{"id":24195,"date":"2021-07-06T12:57:04","date_gmt":"2021-07-06T15:57:04","guid":{"rendered":"https:\/\/kpn.com.uy\/web\/?post_type=product&#038;p=24195"},"modified":"2021-07-06T13:04:22","modified_gmt":"2021-07-06T16:04:22","slug":"trimble-alltrak-cloud","status":"publish","type":"product","link":"https:\/\/kpn.com.uy\/web\/producto\/trimble-alltrak-cloud\/","title":{"rendered":"Trimble AllTrak Cloud"},"content":{"rendered":"<p>Ha invertido en las mejores y m\u00e1s precisas herramientas para realizar su trabajo. Ahora aseg\u00farese de manejar bien las herramientas de las que dependen su operaciones. Trimble AllTrak\u2122 Cloud es una aplicaci\u00f3n para la administraci\u00f3n de equipos que le ayuda a supervisar sus recursos, saber qui\u00e9n es el responsable de ellos y verificar si el equipo est\u00e1 disponible para que se asigne a otro trabajo.<\/p><p>Trimble AllTrak Select es un servicio que permite a todos rastrear la ubicaci\u00f3n de cualquier equipo que est\u00e9 en comunicaci\u00f3n con un controlador de datos que ejecute el software Trimble Access\u2122 o bien, cualquier estaci\u00f3n total que utilice un m\u00f3dulo Trimble L2P activo.<\/p><p>Si est\u00e1 interesado en AllTrak para ver contratistas de instalaciones mec\u00e1nicas, el\u00e9ctricas y de plomer\u00eda.<\/p><figure class=\"wp-block-embed is-type-video is-provider-youtube wp-block-embed-youtube wp-embed-aspect-16-9 wp-has-aspect-ratio\"><div class=\"wp-block-embed__wrapper\">\n<iframe title=\"Trimble AllTrak Cloud - Overview\" width=\"1136\" height=\"639\" src=\"https:\/\/www.youtube.com\/embed\/fVvsifdkmuM?feature=oembed\" frameborder=\"0\" allow=\"accelerometer; autoplay; clipboard-write; encrypted-media; gyroscope; picture-in-picture\" allowfullscreen><\/iframe>\n<\/div><\/figure>","protected":false},"excerpt":{"rendered":"<p>Software de oficina basado en la nube<\/p>\n[embed]https:\/\/www.youtube.com\/watch?v=fVvsifdkmuM[\/embed]\n","protected":false},"featured_media":24196,"template":"","meta":{"_exactmetrics_skip_tracking":false,"_exactmetrics_sitenote_active":false,"_exactmetrics_sitenote_note":"","_exactmetrics_sitenote_category":0,"_monsterinsights_skip_tracking":false,"_monsterinsights_sitenote_active":false,"_monsterinsights_sitenote_note":"","_monsterinsights_sitenote_category":0},"product_brand":[],"product_cat":[383,382],"product_tag":[],"class_list":{"0":"post-24195","1":"product","2":"type-product","3":"status-publish","4":"has-post-thumbnail","6":"product_cat-nubes-de-punto-y-modelado-trimble","7":"product_cat-nubes-de-punto-y-modelado","9":"first","10":"instock","11":"shipping-taxable","12":"product-type-simple","13":"col-xxl","14":"col-xl-4","15":"col-lg-6","16":"col-sm-6"},"_links":{"self":[{"href":"https:\/\/kpn.com.uy\/web\/wp-json\/wp\/v2\/product\/24195","targetHints":{"allow":["GET"]}}],"collection":[{"href":"https:\/\/kpn.com.uy\/web\/wp-json\/wp\/v2\/product"}],"about":[{"href":"https:\/\/kpn.com.uy\/web\/wp-json\/wp\/v2\/types\/product"}],"wp:featuredmedia":[{"embeddable":true,"href":"https:\/\/kpn.com.uy\/web\/wp-json\/wp\/v2\/media\/24196"}],"wp:attachment":[{"href":"https:\/\/kpn.com.uy\/web\/wp-json\/wp\/v2\/media?parent=24195"}],"wp:term":[{"taxonomy":"product_brand","embeddable":true,"href":"https:\/\/kpn.com.uy\/web\/wp-json\/wp\/v2\/product_brand?post=24195"},{"taxonomy":"product_cat","embeddable":true,"href":"https:\/\/kpn.com.uy\/web\/wp-json\/wp\/v2\/product_cat?post=24195"},{"taxonomy":"product_tag","embeddable":true,"href":"https:\/\/kpn.com.uy\/web\/wp-json\/wp\/v2\/product_tag?post=24195"}],"curies":[{"name":"wp","href":"https:\/\/api.w.org\/{rel}","templated":true}]}}