{"id":24197,"date":"2021-07-06T13:12:45","date_gmt":"2021-07-06T16:12:45","guid":{"rendered":"https:\/\/kpn.com.uy\/web\/?post_type=product&#038;p=24197"},"modified":"2021-07-06T13:14:50","modified_gmt":"2021-07-06T16:14:50","slug":"trimble-clarity","status":"publish","type":"product","link":"https:\/\/kpn.com.uy\/web\/producto\/trimble-clarity\/","title":{"rendered":"Trimble Clarity"},"content":{"rendered":"<p>Trimble Clarity trabaja con los datos de cualquier hardware, incluido el\u00a0<a rel=\"noreferrer noopener\" href=\"https:\/\/geospatial.trimble.com\/products-and-solutions\/trimble-sx10\" target=\"_blank\">Trimble SX10<\/a>\u00a0,\u00a0<a rel=\"noreferrer noopener\" href=\"https:\/\/geospatial.trimble.com\/node\/2650\" target=\"_blank\">X7<\/a>\u00a0y\u00a0<a rel=\"noreferrer noopener\" href=\"https:\/\/geospatial.trimble.com\/products-and-solutions\/mobile-mapping\" target=\"_blank\">la<\/a>\u00a0tecnolog\u00eda\u00a0<a rel=\"noreferrer noopener\" href=\"https:\/\/geospatial.trimble.com\/products-and-solutions\/mobile-mapping\" target=\"_blank\">Mobile Mapping<\/a>\u00a0.<br \/><br \/>Simplemente sincronice con sus aplicaciones favoritas como Google Drive, OneDrive, Dropbox o Trimble Connect y cargue sus datos de nube de puntos (.las, .laz, .e57) y modelos 3D (.skp, .ifc, .obj, .dae).\u00a0O, si est\u00e1 trabajando en Trimble Business Center, puede publicar directamente en Clarity<\/p><h3 class=\"wp-block-heading\">Equipos distribuidos con necesidades locales<\/h3><p>Comparta visualmente su progreso con sus partes interesadas internas y externas, sin importar d\u00f3nde se encuentren.\u00a0Con todos en la misma p\u00e1gina, minimizar\u00e1 la repetici\u00f3n y mantendr\u00e1 su proyecto a tiempo y dentro del presupuesto.<\/p><h3 class=\"wp-block-heading\">Gana m\u00e1s clientes<\/h3><p>Comparta p\u00fablicamente los enlaces de Trimble Clarity en su sitio web y en su material de marketing y ventas para ganar m\u00e1s negocios.&nbsp;Comparta enlaces directamente desde Trimble Clarity a las redes sociales para atraer a su audiencia.<\/p><figure class=\"wp-block-embed is-type-video is-provider-youtube wp-block-embed-youtube wp-embed-aspect-16-9 wp-has-aspect-ratio\"><div class=\"wp-block-embed__wrapper\">\n<iframe title=\"Trimble Clarity: Point Cloud Viewer Online\" width=\"1136\" height=\"639\" src=\"https:\/\/www.youtube.com\/embed\/_MLx8eZ7Y-w?feature=oembed\" frameborder=\"0\" allow=\"accelerometer; autoplay; clipboard-write; encrypted-media; gyroscope; picture-in-picture\" allowfullscreen><\/iframe>\n<\/div><\/figure>","protected":false},"excerpt":{"rendered":"<h3><span>Flujos de trabajo fluidos entre el campo y la oficina<\/span><\/h3>\n","protected":false},"featured_media":22149,"template":"","meta":{"_exactmetrics_skip_tracking":false,"_exactmetrics_sitenote_active":false,"_exactmetrics_sitenote_note":"","_exactmetrics_sitenote_category":0,"_monsterinsights_skip_tracking":false,"_monsterinsights_sitenote_active":false,"_monsterinsights_sitenote_note":"","_monsterinsights_sitenote_category":0},"product_brand":[],"product_cat":[382,383],"product_tag":[],"class_list":{"0":"post-24197","1":"product","2":"type-product","3":"status-publish","4":"has-post-thumbnail","6":"product_cat-nubes-de-punto-y-modelado","7":"product_cat-nubes-de-punto-y-modelado-trimble","9":"first","10":"instock","11":"shipping-taxable","12":"product-type-simple","13":"col-xxl","14":"col-xl-4","15":"col-lg-6","16":"col-sm-6"},"_links":{"self":[{"href":"https:\/\/kpn.com.uy\/web\/wp-json\/wp\/v2\/product\/24197","targetHints":{"allow":["GET"]}}],"collection":[{"href":"https:\/\/kpn.com.uy\/web\/wp-json\/wp\/v2\/product"}],"about":[{"href":"https:\/\/kpn.com.uy\/web\/wp-json\/wp\/v2\/types\/product"}],"wp:featuredmedia":[{"embeddable":true,"href":"https:\/\/kpn.com.uy\/web\/wp-json\/wp\/v2\/media\/22149"}],"wp:attachment":[{"href":"https:\/\/kpn.com.uy\/web\/wp-json\/wp\/v2\/media?parent=24197"}],"wp:term":[{"taxonomy":"product_brand","embeddable":true,"href":"https:\/\/kpn.com.uy\/web\/wp-json\/wp\/v2\/product_brand?post=24197"},{"taxonomy":"product_cat","embeddable":true,"href":"https:\/\/kpn.com.uy\/web\/wp-json\/wp\/v2\/product_cat?post=24197"},{"taxonomy":"product_tag","embeddable":true,"href":"https:\/\/kpn.com.uy\/web\/wp-json\/wp\/v2\/product_tag?post=24197"}],"curies":[{"name":"wp","href":"https:\/\/api.w.org\/{rel}","templated":true}]}}