{"id":24198,"date":"2021-07-06T13:20:05","date_gmt":"2021-07-06T16:20:05","guid":{"rendered":"https:\/\/kpn.com.uy\/web\/?post_type=product&#038;p=24198"},"modified":"2021-07-30T12:30:15","modified_gmt":"2021-07-30T15:30:15","slug":"trimble-edgewise","status":"publish","type":"product","link":"https:\/\/kpn.com.uy\/web\/producto\/trimble-edgewise\/","title":{"rendered":"Trimble Edgewise"},"content":{"rendered":"<p>El software Trimble\u00ae EdgeWise\u2122 suplementa los esc\u00e1neres 3D de Trimble con el software de Trimble RealWorks\u00ae y proporciona flujos de trabajo eficientes de principio a fin para la generaci\u00f3n de modelos precisos de informaci\u00f3n para la edificaci\u00f3n (BIM).<\/p><p><\/p>","protected":false},"excerpt":{"rendered":"<p>Genere modelos inteligentes r\u00e1pidamente a partir de nubes de puntos.<\/p>\n[maxbutton id=\"1\" url=\"https:\/\/trl.trimble.com\/docushare\/dsweb\/Get\/Document-814602\/022516-216A-ESP_Trimble_EdgeWise_TS_A4_0416_LR.pdf\" ]\n","protected":false},"featured_media":24199,"template":"","meta":{"_exactmetrics_skip_tracking":false,"_exactmetrics_sitenote_active":false,"_exactmetrics_sitenote_note":"","_exactmetrics_sitenote_category":0,"_monsterinsights_skip_tracking":false,"_monsterinsights_sitenote_active":false,"_monsterinsights_sitenote_note":"","_monsterinsights_sitenote_category":0},"product_brand":[],"product_cat":[300,382,383,385],"product_tag":[],"class_list":{"0":"post-24198","1":"product","2":"type-product","3":"status-publish","4":"has-post-thumbnail","6":"product_cat-bim-rubros","7":"product_cat-nubes-de-punto-y-modelado","8":"product_cat-nubes-de-punto-y-modelado-trimble","9":"product_cat-software-bim-rubros","11":"first","12":"instock","13":"shipping-taxable","14":"product-type-simple","15":"col-xxl","16":"col-xl-4","17":"col-lg-6","18":"col-sm-6"},"_links":{"self":[{"href":"https:\/\/kpn.com.uy\/web\/wp-json\/wp\/v2\/product\/24198","targetHints":{"allow":["GET"]}}],"collection":[{"href":"https:\/\/kpn.com.uy\/web\/wp-json\/wp\/v2\/product"}],"about":[{"href":"https:\/\/kpn.com.uy\/web\/wp-json\/wp\/v2\/types\/product"}],"wp:featuredmedia":[{"embeddable":true,"href":"https:\/\/kpn.com.uy\/web\/wp-json\/wp\/v2\/media\/24199"}],"wp:attachment":[{"href":"https:\/\/kpn.com.uy\/web\/wp-json\/wp\/v2\/media?parent=24198"}],"wp:term":[{"taxonomy":"product_brand","embeddable":true,"href":"https:\/\/kpn.com.uy\/web\/wp-json\/wp\/v2\/product_brand?post=24198"},{"taxonomy":"product_cat","embeddable":true,"href":"https:\/\/kpn.com.uy\/web\/wp-json\/wp\/v2\/product_cat?post=24198"},{"taxonomy":"product_tag","embeddable":true,"href":"https:\/\/kpn.com.uy\/web\/wp-json\/wp\/v2\/product_tag?post=24198"}],"curies":[{"name":"wp","href":"https:\/\/api.w.org\/{rel}","templated":true}]}}