{"id":24213,"date":"2021-07-08T10:47:07","date_gmt":"2021-07-08T13:47:07","guid":{"rendered":"https:\/\/kpn.com.uy\/web\/?post_type=product&#038;p=24213"},"modified":"2024-12-06T11:09:50","modified_gmt":"2024-12-06T14:09:50","slug":"trimble-business-center","status":"publish","type":"product","link":"https:\/\/kpn.com.uy\/web\/producto\/trimble-business-center\/","title":{"rendered":"Trimble Business Center"},"content":{"rendered":"<p>El software CAD para topograf\u00eda Trimble Business Center (con descarga autom\u00e1tica y dibujo de puntos de levantamiento en el campo &#8220;Field to Finish&#8221;) permite a los top\u00f3grafos obtener datos GNSS de alta exactitud, generar entregables CAD y optimizar la trazabilidad total de los datos a lo largo del ciclo de vida del proyecto.<\/p><figure class=\"wp-block-embed is-type-video is-provider-youtube wp-block-embed-youtube wp-embed-aspect-16-9 wp-has-aspect-ratio\">\r\n<div class=\"wp-block-embed__wrapper\">https:\/\/www.youtube.com\/watch?v=D4RKimnEtI8<\/div>\r\n<\/figure>","protected":false},"excerpt":{"rendered":"<div class=\"small-12 medium-5 column\">\n<div class=\"text-style-headline title-color\">Software de oficina para top\u00f3grafos<\/div>\n<\/div>\n<div class=\"small-12 medium-7 column end pt2\">\u00a0<\/div>\n","protected":false},"featured_media":24217,"template":"","meta":{"_exactmetrics_skip_tracking":false,"_exactmetrics_sitenote_active":false,"_exactmetrics_sitenote_note":"","_exactmetrics_sitenote_category":0,"_monsterinsights_skip_tracking":false,"_monsterinsights_sitenote_active":false,"_monsterinsights_sitenote_note":"","_monsterinsights_sitenote_category":0},"product_brand":[],"product_cat":[79,382,289],"product_tag":[],"class_list":{"0":"post-24213","1":"product","2":"type-product","3":"status-publish","4":"has-post-thumbnail","6":"product_cat-cad","7":"product_cat-nubes-de-punto-y-modelado","8":"product_cat-software-arquitectura","10":"first","11":"instock","12":"shipping-taxable","13":"product-type-simple","14":"col-xxl","15":"col-xl-4","16":"col-lg-6","17":"col-sm-6"},"_links":{"self":[{"href":"https:\/\/kpn.com.uy\/web\/wp-json\/wp\/v2\/product\/24213","targetHints":{"allow":["GET"]}}],"collection":[{"href":"https:\/\/kpn.com.uy\/web\/wp-json\/wp\/v2\/product"}],"about":[{"href":"https:\/\/kpn.com.uy\/web\/wp-json\/wp\/v2\/types\/product"}],"wp:featuredmedia":[{"embeddable":true,"href":"https:\/\/kpn.com.uy\/web\/wp-json\/wp\/v2\/media\/24217"}],"wp:attachment":[{"href":"https:\/\/kpn.com.uy\/web\/wp-json\/wp\/v2\/media?parent=24213"}],"wp:term":[{"taxonomy":"product_brand","embeddable":true,"href":"https:\/\/kpn.com.uy\/web\/wp-json\/wp\/v2\/product_brand?post=24213"},{"taxonomy":"product_cat","embeddable":true,"href":"https:\/\/kpn.com.uy\/web\/wp-json\/wp\/v2\/product_cat?post=24213"},{"taxonomy":"product_tag","embeddable":true,"href":"https:\/\/kpn.com.uy\/web\/wp-json\/wp\/v2\/product_tag?post=24213"}],"curies":[{"name":"wp","href":"https:\/\/api.w.org\/{rel}","templated":true}]}}