{"id":24237,"date":"2021-08-04T12:58:32","date_gmt":"2021-08-04T15:58:32","guid":{"rendered":"https:\/\/kpn.com.uy\/web\/?post_type=product&#038;p=24237"},"modified":"2022-04-08T14:05:24","modified_gmt":"2022-04-08T17:05:24","slug":"wingtra-gen-ii","status":"publish","type":"product","link":"https:\/\/kpn.com.uy\/web\/producto\/wingtra-gen-ii\/","title":{"rendered":"WingtraOne Gen. II"},"content":{"rendered":"<figure class=\"wp-block-embed is-type-video is-provider-youtube wp-block-embed-youtube wp-embed-aspect-16-9 wp-has-aspect-ratio\"><div class=\"wp-block-embed__wrapper\">\n<iframe title=\"NEW VTOL UAV | WingtraOne Gen II: Map larger, map faster, map anywhere\" width=\"1136\" height=\"639\" src=\"https:\/\/www.youtube.com\/embed\/Xmg5YKFvnAE?feature=oembed\" frameborder=\"0\" allow=\"accelerometer; autoplay; clipboard-write; encrypted-media; gyroscope; picture-in-picture\" allowfullscreen><\/iframe>\n<\/div><\/figure><h5 class=\"wp-block-heading\">Mantenimiento predictivo<\/h5><p>Los algoritmos inteligentes WingtraOne GEN II analizan continuamente todos los componentes cr\u00edticos del vuelo antes y durante el vuelo.<\/p><h5 class=\"wp-block-heading\">Notificaciones inteligentes<\/h5><p>WingtraPilot puede notificarle de cualquier posible mal funcionamiento incluso antes de que ocurra, para que siempre pueda volar con el equipo m\u00e1s seguro.<\/p><p><strong>Un dron para mapearlo todo<\/strong><\/p><p>El rango de carga \u00fatil ahora incluye una c\u00e1mara oblicua para la reconstrucci\u00f3n 3D m\u00e1s detallada y un receptor PPK GNSS incorporado para cada c\u00e1mara, lo que le permite asumir una gama m\u00e1s amplia de misiones con una precisi\u00f3n de un cent\u00edmetro.<\/p><h3 class=\"wp-block-heading\">Sony oblicua a6100<\/h3><p>Montada sobre un eje inclinado, esta c\u00e1mara gran angular est\u00e1 optimizada para mapear estructuras verticales, lo que le permite generar mallas 3D de alta resoluci\u00f3n.<\/p><p>Para mapear estructuras 3D como edificios, necesita capturar suficientes detalles en las paredes verticales.<\/p><p>La oblicua Sony a6100 con su campo de visi\u00f3n de gran angular desde el frente hacia los lados presenta la configuraci\u00f3n \u00f3ptima para esta aplicaci\u00f3n.<\/p><p><\/p>","protected":false},"excerpt":{"rendered":"<p>Wingtra presenta la confiabilidad m\u00e1s avanzada en drones topogr\u00e1ficos. Esta es la clave para maximizar el tiempo de actividad de los drones, aumentar su productividad y garantizar que entregue constantemente.<\/p>\n<p>El siguiente nivel de confiabilidad en el lugar de trabajo de drones y versatilidad de mapeo con una carga \u00fatil oblicua a la cabeza.<\/p>\n<p>&nbsp;<\/p>\n<p>&nbsp;<\/p>\n","protected":false},"featured_media":24239,"template":"","meta":{"_exactmetrics_skip_tracking":false,"_exactmetrics_sitenote_active":false,"_exactmetrics_sitenote_note":"","_exactmetrics_sitenote_category":0,"_monsterinsights_skip_tracking":false,"_monsterinsights_sitenote_active":false,"_monsterinsights_sitenote_note":"","_monsterinsights_sitenote_category":0},"product_brand":[],"product_cat":[111,92,304,388],"product_tag":[],"class_list":{"0":"post-24237","1":"product","2":"type-product","3":"status-publish","4":"has-post-thumbnail","6":"product_cat-fotogrametria","7":"product_cat-uas","8":"product_cat-wingtra","9":"product_cat-wingtraone-gen-ii","11":"first","12":"instock","13":"shipping-taxable","14":"product-type-simple","15":"col-xxl","16":"col-xl-4","17":"col-lg-6","18":"col-sm-6"},"_links":{"self":[{"href":"https:\/\/kpn.com.uy\/web\/wp-json\/wp\/v2\/product\/24237","targetHints":{"allow":["GET"]}}],"collection":[{"href":"https:\/\/kpn.com.uy\/web\/wp-json\/wp\/v2\/product"}],"about":[{"href":"https:\/\/kpn.com.uy\/web\/wp-json\/wp\/v2\/types\/product"}],"wp:featuredmedia":[{"embeddable":true,"href":"https:\/\/kpn.com.uy\/web\/wp-json\/wp\/v2\/media\/24239"}],"wp:attachment":[{"href":"https:\/\/kpn.com.uy\/web\/wp-json\/wp\/v2\/media?parent=24237"}],"wp:term":[{"taxonomy":"product_brand","embeddable":true,"href":"https:\/\/kpn.com.uy\/web\/wp-json\/wp\/v2\/product_brand?post=24237"},{"taxonomy":"product_cat","embeddable":true,"href":"https:\/\/kpn.com.uy\/web\/wp-json\/wp\/v2\/product_cat?post=24237"},{"taxonomy":"product_tag","embeddable":true,"href":"https:\/\/kpn.com.uy\/web\/wp-json\/wp\/v2\/product_tag?post=24237"}],"curies":[{"name":"wp","href":"https:\/\/api.w.org\/{rel}","templated":true}]}}