{"id":24290,"date":"2021-10-04T10:35:22","date_gmt":"2021-10-04T13:35:22","guid":{"rendered":"https:\/\/kpn.com.uy\/web\/?post_type=product&#038;p=24290"},"modified":"2021-10-04T10:37:56","modified_gmt":"2021-10-04T13:37:56","slug":"hydrolite-plus","status":"publish","type":"product","link":"https:\/\/kpn.com.uy\/web\/producto\/hydrolite-plus\/","title":{"rendered":"HydroLite Plus"},"content":{"rendered":"","protected":false},"excerpt":{"rendered":"<p><span>El nuevo Hydrolite Plus \u2122 es el resultado de m\u00e1s de 20 a\u00f1os de Seafloor en el desarrollo de ecosondas para top\u00f3grafos.\u00a0<\/span><span>El Hydrolite Plus \u2122 es port\u00e1til para una sola persona y est\u00e1 construido con componentes robustos para sobrevivir en cualquier entorno de levantamiento.\u00a0<\/span><span>Las unidades de frecuencia simple y dual miden y registran r\u00e1pidamente las profundidades con mayor precisi\u00f3n que los sistemas est\u00e1ndar, lo que agiliza el trabajo de estanques, r\u00edos, lagos y m\u00e1s.\u00a0<\/span><\/p>\n[maxbutton id=\"2\" url=\"https:\/\/kpn.com.uy\/web\/wp-content\/uploads\/2021\/10\/5e48e6_91fb832de54f4a8fb9214615f9aced46.pdf\" text=\"Hoja de Datos\" ]\n","protected":false},"featured_media":24292,"template":"","meta":{"_exactmetrics_skip_tracking":false,"_exactmetrics_sitenote_active":false,"_exactmetrics_sitenote_note":"","_exactmetrics_sitenote_category":0,"_monsterinsights_skip_tracking":false,"_monsterinsights_sitenote_active":false,"_monsterinsights_sitenote_note":"","_monsterinsights_sitenote_category":0},"product_brand":[],"product_cat":[72,112,246],"product_tag":[],"class_list":{"0":"post-24290","1":"product","2":"type-product","3":"status-publish","4":"has-post-thumbnail","6":"product_cat-ecosondasypesca","7":"product_cat-hidrografia","8":"product_cat-seafloor","10":"first","11":"instock","12":"shipping-taxable","13":"product-type-simple","14":"col-xxl","15":"col-xl-4","16":"col-lg-6","17":"col-sm-6"},"_links":{"self":[{"href":"https:\/\/kpn.com.uy\/web\/wp-json\/wp\/v2\/product\/24290","targetHints":{"allow":["GET"]}}],"collection":[{"href":"https:\/\/kpn.com.uy\/web\/wp-json\/wp\/v2\/product"}],"about":[{"href":"https:\/\/kpn.com.uy\/web\/wp-json\/wp\/v2\/types\/product"}],"wp:featuredmedia":[{"embeddable":true,"href":"https:\/\/kpn.com.uy\/web\/wp-json\/wp\/v2\/media\/24292"}],"wp:attachment":[{"href":"https:\/\/kpn.com.uy\/web\/wp-json\/wp\/v2\/media?parent=24290"}],"wp:term":[{"taxonomy":"product_brand","embeddable":true,"href":"https:\/\/kpn.com.uy\/web\/wp-json\/wp\/v2\/product_brand?post=24290"},{"taxonomy":"product_cat","embeddable":true,"href":"https:\/\/kpn.com.uy\/web\/wp-json\/wp\/v2\/product_cat?post=24290"},{"taxonomy":"product_tag","embeddable":true,"href":"https:\/\/kpn.com.uy\/web\/wp-json\/wp\/v2\/product_tag?post=24290"}],"curies":[{"name":"wp","href":"https:\/\/api.w.org\/{rel}","templated":true}]}}