{"id":24293,"date":"2021-10-04T11:04:28","date_gmt":"2021-10-04T14:04:28","guid":{"rendered":"https:\/\/kpn.com.uy\/web\/?post_type=product&#038;p=24293"},"modified":"2021-10-04T11:06:56","modified_gmt":"2021-10-04T14:06:56","slug":"terraflex","status":"publish","type":"product","link":"https:\/\/kpn.com.uy\/web\/producto\/terraflex\/","title":{"rendered":"TerraFlex"},"content":{"rendered":"<figure class=\"wp-block-embed is-type-video is-provider-youtube wp-block-embed-youtube wp-embed-aspect-16-9 wp-has-aspect-ratio\"><div class=\"wp-block-embed__wrapper\">\n<iframe title=\"Trimble TerraFlex Overview\" width=\"1136\" height=\"639\" src=\"https:\/\/www.youtube.com\/embed\/tQvfc94njmE?feature=oembed\" frameborder=\"0\" allow=\"accelerometer; autoplay; clipboard-write; encrypted-media; gyroscope; picture-in-picture\" allowfullscreen><\/iframe>\n<\/div><\/figure>","protected":false},"excerpt":{"rendered":"<p><strong><span>Trimble\u00ae TerraFlex \u2122<\/span><\/strong><span>\u00a0es una soluci\u00f3n basada en la nube que le proporciona las herramientas para optimizar sus flujos de trabajo de recopilaci\u00f3n de datos y ofrece un posicionamiento de alta precisi\u00f3n cuando lo necesita.\u00a0Con TerraFlex, toda su organizaci\u00f3n se vuelve m\u00e1s eficiente.<\/span><\/p>\n<div class=\"field-wrapper\"><strong>C\u00f3mo funciona<\/strong><\/div>\n<div class=\"plp-features-highlight-features\">\n<div class=\"field-wrapper\">\n<div>\n<div class=\"plp-features-highlight-feature\">\n<div class=\"field-wrapper\">1. Crear<\/div>\n<div class=\"field-wrapper\">\n<p>Cree plantillas de formulario personalizadas y comp\u00e1rtalas con sus equipos sobre el terreno.<\/p>\n<\/div>\n<\/div>\n<\/div>\n<div>\n<div class=\"plp-features-highlight-feature\">\n<div class=\"field-wrapper\">2. Captura<\/div>\n<div class=\"field-wrapper\">\n<p>Capture los datos en sus dispositivos inteligentes y sincron\u00edcelos con la oficina.\u00a0Tome fotos, apunte y capture ubicaciones;\u00a0recopile nuevos datos o mantenga sus datos existentes actualizados.<\/p>\n<\/div>\n<\/div>\n<\/div>\n<div>\n<div class=\"plp-features-highlight-feature\">\n<div class=\"field-wrapper\">3. Colabora<\/div>\n<div class=\"field-wrapper\">\n<p>Exporte y comparta los datos con su organizaci\u00f3n o almac\u00e9nelos en su sistema de registro.\u00a0Comparta proyectos de recopilaci\u00f3n de datos con los miembros de su equipo;\u00a0visualice los datos recopilados en tiempo real.\u00a0Los flujos de trabajo optimizados entre la oficina y el campo garantizan una \u00fanica fuente de informaci\u00f3n y que todos trabajen con los mismos datos precisos.<\/p>\n[maxbutton id=\"2\" url=\"https:\/\/kpn.com.uy\/web\/wp-content\/uploads\/2021\/10\/Datasheet-TerraFlex-Software-Spanish-Lat-Am-Screen.pdf\" text=\"Hoja de Datos\" ]\n<\/div>\n<\/div>\n<\/div>\n<\/div>\n<\/div>\n","protected":false},"featured_media":24295,"template":"","meta":{"_exactmetrics_skip_tracking":false,"_exactmetrics_sitenote_active":false,"_exactmetrics_sitenote_note":"","_exactmetrics_sitenote_category":0,"_monsterinsights_skip_tracking":false,"_monsterinsights_sitenote_active":false,"_monsterinsights_sitenote_note":"","_monsterinsights_sitenote_category":0},"product_brand":[],"product_cat":[287,93],"product_tag":[],"class_list":{"0":"post-24293","1":"product","2":"type-product","3":"status-publish","4":"has-post-thumbnail","6":"product_cat-sig-mapping-trimble","7":"product_cat-trimble","9":"first","10":"instock","11":"shipping-taxable","12":"product-type-simple","13":"col-xxl","14":"col-xl-4","15":"col-lg-6","16":"col-sm-6"},"_links":{"self":[{"href":"https:\/\/kpn.com.uy\/web\/wp-json\/wp\/v2\/product\/24293","targetHints":{"allow":["GET"]}}],"collection":[{"href":"https:\/\/kpn.com.uy\/web\/wp-json\/wp\/v2\/product"}],"about":[{"href":"https:\/\/kpn.com.uy\/web\/wp-json\/wp\/v2\/types\/product"}],"wp:featuredmedia":[{"embeddable":true,"href":"https:\/\/kpn.com.uy\/web\/wp-json\/wp\/v2\/media\/24295"}],"wp:attachment":[{"href":"https:\/\/kpn.com.uy\/web\/wp-json\/wp\/v2\/media?parent=24293"}],"wp:term":[{"taxonomy":"product_brand","embeddable":true,"href":"https:\/\/kpn.com.uy\/web\/wp-json\/wp\/v2\/product_brand?post=24293"},{"taxonomy":"product_cat","embeddable":true,"href":"https:\/\/kpn.com.uy\/web\/wp-json\/wp\/v2\/product_cat?post=24293"},{"taxonomy":"product_tag","embeddable":true,"href":"https:\/\/kpn.com.uy\/web\/wp-json\/wp\/v2\/product_tag?post=24293"}],"curies":[{"name":"wp","href":"https:\/\/api.w.org\/{rel}","templated":true}]}}