{"id":24302,"date":"2021-10-19T17:42:19","date_gmt":"2021-10-19T20:42:19","guid":{"rendered":"https:\/\/kpn.com.uy\/web\/?post_type=product&#038;p=24302"},"modified":"2021-10-19T17:53:52","modified_gmt":"2021-10-19T20:53:52","slug":"ut12p-rugged-tablet","status":"publish","type":"product","link":"https:\/\/kpn.com.uy\/web\/producto\/ut12p-rugged-tablet\/","title":{"rendered":"UT12P Rugged Tablet"},"content":{"rendered":"","protected":false},"excerpt":{"rendered":"<p>UT12P es una tableta Android compacta, su eficiencia y rendimiento la hacen adecuada para trabajar en condiciones dif\u00edciles.<\/p>\n<p>Ha sido dise\u00f1ado para ser manejable y de bolsillo con una pantalla muy visible, con la que puede interactuar f\u00e1cilmente, utilizando todos los gestos t\u00e1ctiles est\u00e1ndar. Este dispositivo est\u00e1 optimizado para funcionar durante un per\u00edodo prolongado sin detenerse, est\u00e1 hecho para tareas exigentes.<\/p>\n<p>\u00a1UT12P funcionar\u00e1 sin descanso en cualquier lugar y en cualquier momento!<\/p>\n","protected":false},"featured_media":24303,"template":"","meta":{"_exactmetrics_skip_tracking":false,"_exactmetrics_sitenote_active":false,"_exactmetrics_sitenote_note":"","_exactmetrics_sitenote_category":0,"_monsterinsights_skip_tracking":false,"_monsterinsights_sitenote_active":false,"_monsterinsights_sitenote_note":"","_monsterinsights_sitenote_category":0},"product_brand":[],"product_cat":[400],"product_tag":[],"class_list":{"0":"post-24302","1":"product","2":"type-product","3":"status-publish","4":"has-post-thumbnail","6":"product_cat-sin-categorizar","8":"first","9":"instock","10":"shipping-taxable","11":"product-type-simple","12":"col-xxl","13":"col-xl-4","14":"col-lg-6","15":"col-sm-6"},"_links":{"self":[{"href":"https:\/\/kpn.com.uy\/web\/wp-json\/wp\/v2\/product\/24302","targetHints":{"allow":["GET"]}}],"collection":[{"href":"https:\/\/kpn.com.uy\/web\/wp-json\/wp\/v2\/product"}],"about":[{"href":"https:\/\/kpn.com.uy\/web\/wp-json\/wp\/v2\/types\/product"}],"wp:featuredmedia":[{"embeddable":true,"href":"https:\/\/kpn.com.uy\/web\/wp-json\/wp\/v2\/media\/24303"}],"wp:attachment":[{"href":"https:\/\/kpn.com.uy\/web\/wp-json\/wp\/v2\/media?parent=24302"}],"wp:term":[{"taxonomy":"product_brand","embeddable":true,"href":"https:\/\/kpn.com.uy\/web\/wp-json\/wp\/v2\/product_brand?post=24302"},{"taxonomy":"product_cat","embeddable":true,"href":"https:\/\/kpn.com.uy\/web\/wp-json\/wp\/v2\/product_cat?post=24302"},{"taxonomy":"product_tag","embeddable":true,"href":"https:\/\/kpn.com.uy\/web\/wp-json\/wp\/v2\/product_tag?post=24302"}],"curies":[{"name":"wp","href":"https:\/\/api.w.org\/{rel}","templated":true}]}}