{"id":24347,"date":"2022-04-08T13:47:23","date_gmt":"2022-04-08T16:47:23","guid":{"rendered":"https:\/\/kpn.com.uy\/web\/?post_type=product&#038;p=24347"},"modified":"2022-04-08T13:58:53","modified_gmt":"2022-04-08T16:58:53","slug":"camara-sony-rx1r","status":"publish","type":"product","link":"https:\/\/kpn.com.uy\/web\/producto\/camara-sony-rx1r\/","title":{"rendered":"C\u00e1mara Sony RX1R"},"content":{"rendered":"<h4 class=\"wp-block-heading\">La m\u00e1s alta calidad de datos<\/h4><p>Obt\u00e9n im\u00e1genes nadir n\u00edtidas y sin distorsiones con alta densidad de p\u00edxeles, lo que da como resultado un GSD de hasta 0,7 cm \/ px y la mejor precisi\u00f3n horizontal absoluta de su clase, hasta 1 cm (0,4 pulgadas) sin PAFs. *<\/p><h4 class=\"wp-block-heading\">Conjuntos de datos<\/h4><p>Explora diferentes salidas de mapas de la c\u00e1mara RX1R II de Wingtra o descarga conjuntos de datos de muestra para procesarlos por ti mismo.<\/p>","protected":false},"excerpt":{"rendered":"<p>Para estudios de alta precisi\u00f3n, el sensor de fotograma completo de 42 MP de Sony garantiza una resoluci\u00f3n de imagen superior para una c\u00e1mara de drones, mientras que la lente de baja distorsi\u00f3n garantiza los mejores resultados de reconstrucci\u00f3n.<\/p>\n","protected":false},"featured_media":24348,"template":"","meta":{"_exactmetrics_skip_tracking":false,"_exactmetrics_sitenote_active":false,"_exactmetrics_sitenote_note":"","_exactmetrics_sitenote_category":0,"_monsterinsights_skip_tracking":false,"_monsterinsights_sitenote_active":false,"_monsterinsights_sitenote_note":"","_monsterinsights_sitenote_category":0},"product_brand":[],"product_cat":[387],"product_tag":[],"class_list":{"0":"post-24347","1":"product","2":"type-product","3":"status-publish","4":"has-post-thumbnail","6":"product_cat-camaras-rgb","8":"first","9":"instock","10":"shipping-taxable","11":"product-type-simple","12":"col-xxl","13":"col-xl-4","14":"col-lg-6","15":"col-sm-6"},"_links":{"self":[{"href":"https:\/\/kpn.com.uy\/web\/wp-json\/wp\/v2\/product\/24347","targetHints":{"allow":["GET"]}}],"collection":[{"href":"https:\/\/kpn.com.uy\/web\/wp-json\/wp\/v2\/product"}],"about":[{"href":"https:\/\/kpn.com.uy\/web\/wp-json\/wp\/v2\/types\/product"}],"wp:featuredmedia":[{"embeddable":true,"href":"https:\/\/kpn.com.uy\/web\/wp-json\/wp\/v2\/media\/24348"}],"wp:attachment":[{"href":"https:\/\/kpn.com.uy\/web\/wp-json\/wp\/v2\/media?parent=24347"}],"wp:term":[{"taxonomy":"product_brand","embeddable":true,"href":"https:\/\/kpn.com.uy\/web\/wp-json\/wp\/v2\/product_brand?post=24347"},{"taxonomy":"product_cat","embeddable":true,"href":"https:\/\/kpn.com.uy\/web\/wp-json\/wp\/v2\/product_cat?post=24347"},{"taxonomy":"product_tag","embeddable":true,"href":"https:\/\/kpn.com.uy\/web\/wp-json\/wp\/v2\/product_tag?post=24347"}],"curies":[{"name":"wp","href":"https:\/\/api.w.org\/{rel}","templated":true}]}}