{"id":24349,"date":"2022-04-08T13:53:31","date_gmt":"2022-04-08T16:53:31","guid":{"rendered":"https:\/\/kpn.com.uy\/web\/?post_type=product&#038;p=24349"},"modified":"2022-08-03T12:09:55","modified_gmt":"2022-08-03T15:09:55","slug":"camara-sony-a6100","status":"publish","type":"product","link":"https:\/\/kpn.com.uy\/web\/producto\/camara-sony-a6100\/","title":{"rendered":"C\u00e1mara Sony a6100"},"content":{"rendered":"<h4 class=\"wp-block-heading\">Calidad de datos a un precio asequible<\/h4><p>La c\u00e1mara Sony a6100 te permite recopilar datos a\u00e9reos y una gran calidad de imagen a una distancia de muestreo del suelo de hasta 1,2 cm.<\/p><h4 class=\"wp-block-heading\">Conjunto de datos<\/h4><p>Explora una salida de mapeo de la c\u00e1mara Sony QX1 de Wingtra (la predecesora de la a6100) o descarga el conjunto de datos de muestra para procesarlos t\u00fa mismo.<\/p><p><strong>M\u00e1s especificaciones t\u00e9cnicas en la secci\u00f3n 04 del siguiente PDF<\/strong><\/p><div class=\"wp-block-buttons is-layout-flex wp-block-buttons-is-layout-flex\"><div class=\"wp-block-button\"><a class=\"wp-block-button__link\" href=\"https:\/\/wingtra.com\/wp-content\/uploads\/Wingtra-Technical-Specifications-Spanish.pdf\" target=\"_blank\" rel=\"noreferrer noopener\">VER PDF<\/a><\/div><\/div><p><\/p>","protected":false},"excerpt":{"rendered":"<p>La c\u00e1mara a6100 de Sony ofrece la mejor combinaci\u00f3n de precisi\u00f3n y cobertura a un precio asequible.<\/p>\n","protected":false},"featured_media":24351,"template":"","meta":{"_exactmetrics_skip_tracking":false,"_exactmetrics_sitenote_active":false,"_exactmetrics_sitenote_note":"","_exactmetrics_sitenote_category":0,"_monsterinsights_skip_tracking":false,"_monsterinsights_sitenote_active":false,"_monsterinsights_sitenote_note":"","_monsterinsights_sitenote_category":0},"product_brand":[],"product_cat":[396,387],"product_tag":[],"class_list":{"0":"post-24349","1":"product","2":"type-product","3":"status-publish","4":"has-post-thumbnail","6":"product_cat-camara-oblicua","7":"product_cat-camaras-rgb","9":"first","10":"instock","11":"shipping-taxable","12":"product-type-simple","13":"col-xxl","14":"col-xl-4","15":"col-lg-6","16":"col-sm-6"},"_links":{"self":[{"href":"https:\/\/kpn.com.uy\/web\/wp-json\/wp\/v2\/product\/24349","targetHints":{"allow":["GET"]}}],"collection":[{"href":"https:\/\/kpn.com.uy\/web\/wp-json\/wp\/v2\/product"}],"about":[{"href":"https:\/\/kpn.com.uy\/web\/wp-json\/wp\/v2\/types\/product"}],"wp:featuredmedia":[{"embeddable":true,"href":"https:\/\/kpn.com.uy\/web\/wp-json\/wp\/v2\/media\/24351"}],"wp:attachment":[{"href":"https:\/\/kpn.com.uy\/web\/wp-json\/wp\/v2\/media?parent=24349"}],"wp:term":[{"taxonomy":"product_brand","embeddable":true,"href":"https:\/\/kpn.com.uy\/web\/wp-json\/wp\/v2\/product_brand?post=24349"},{"taxonomy":"product_cat","embeddable":true,"href":"https:\/\/kpn.com.uy\/web\/wp-json\/wp\/v2\/product_cat?post=24349"},{"taxonomy":"product_tag","embeddable":true,"href":"https:\/\/kpn.com.uy\/web\/wp-json\/wp\/v2\/product_tag?post=24349"}],"curies":[{"name":"wp","href":"https:\/\/api.w.org\/{rel}","templated":true}]}}