{"id":24474,"date":"2022-07-15T16:58:18","date_gmt":"2022-07-15T19:58:18","guid":{"rendered":"https:\/\/kpn.com.uy\/web\/?post_type=product&#038;p=24474"},"modified":"2022-07-15T17:01:28","modified_gmt":"2022-07-15T20:01:28","slug":"zenmuse-h20-y-h20t","status":"publish","type":"product","link":"https:\/\/kpn.com.uy\/web\/producto\/zenmuse-h20-y-h20t\/","title":{"rendered":"ZENMUSE H20 Y H20T"},"content":{"rendered":"<h2 class=\"wp-block-heading\">Descripci\u00f3n<\/h2><figure class=\"wp-block-table\"><table><tbody><tr><td>H20 \u2013 Soluci\u00f3n con tres sensores<\/td><td>H20T \u2013 Soluci\u00f3n con cuatro sensores<\/td><\/tr><tr><td>C\u00e1mara con zoom de 20 MP&nbsp;C\u00e1mara gran angular de 12 MPTel\u00e9metro l\u00e1ser con un alcance m\u00e1x. de 1200 m<\/td><td>C\u00e1mara con zoom de 20 MP&nbsp;C\u00e1mara gran angular de 12 MPTel\u00e9metro l\u00e1ser con un alcance m\u00e1x. de 1200 mC\u00e1mara t\u00e9rmica radiom\u00e9trica de 640\u00d7512 px<\/td><\/tr><\/tbody><\/table><\/figure><p><\/p><p>Alarma de temperatura: Recibe notificaciones inmediatas en DJI Pilot cuando las temperaturas del objeto superen los valores de alerta predeterminados.<\/p><p><\/p><p>Isotermas: Visualiza una determinada banda de temperaturas para identificar qu\u00e9 es importante.<\/p><p>Paletas de color: Ajusta los colores que se aplican a los datos t\u00e9rmicos en funci\u00f3n de cada uno de los escenarios.<\/p><p>Modos de ganancia: Ajusta los modos de ganancia para modificar el rango de temperatura capturado. El modo de alta ganancia cubre un peque\u00f1o intervalo de temperatura, pero es m\u00e1s sensible a las diferencias de temperatura. Por otro lado, el modo de baja ganancia cubre un intervalo de temperatura mayor.<\/p><div class=\"wp-block-image\"><figure class=\"alignright\"><img decoding=\"async\" src=\"https:\/\/i0.wp.com\/grupoacre.es\/wp-content\/uploads\/sites\/3\/2020\/05\/zenmuse-h20t-espec-300x300.jpg?resize=300%2C300&amp;ssl=1\" alt=\"zenmuse-h20t-espec\" class=\"wp-image-328469\"\/><\/figure><\/div><p><\/p><p>Im\u00e1genes R-JPEG: Las im\u00e1genes que captura la Zenmuse H20T tienen un formato R-JPEG e incorporan informaci\u00f3n de la temperatura. Al importar estas im\u00e1genes en DJI Thermal Analysis Tool, puedes medir la temperatura y ajustar par\u00e1metros como la emisividad y la temperatura reflejada.<\/p><h5 class=\"wp-block-heading\">Potente c\u00e1mara con zoom<\/h5><ul class=\"wp-block-list\"><li>Zoom \u00f3ptico h\u00edbrido 23\u00d7, zoom m\u00e1x. 200\u00d7<\/li><li>Sensor CMOS de 1\/1.7\u201d y 20 MP<\/li><li>Resoluci\u00f3n de v\u00eddeo: 4K\/30 fps<\/li><\/ul><h5 class=\"wp-block-heading\">Todo bajo control. C\u00e1mara gran angular<\/h5><ul class=\"wp-block-list\"><li>Distancia focal equivalente: 24 mm,<\/li><li>DFOV: 82.9\u00b0<\/li><li>Sensor CMOS de 1\/2.3\u201d y 12 MP<\/li><\/ul><h5 class=\"wp-block-heading\">Datos precisos de distancia. Tel\u00e9metro l\u00e1ser<\/h5><ul class=\"wp-block-list\"><li>Rango: 3-1200 m<br \/>Precisi\u00f3n: \u00b1 (0.2 m + D \u00d7 0.15 %)<\/li><\/ul><h5 class=\"wp-block-heading\">Salvando distancias. Potente c\u00e1mara con zoom<\/h5><ul class=\"wp-block-list\"><li>Zoom \u00f3ptico h\u00edbrido 23\u00d7, zoom m\u00e1x. 200\u00d7<\/li><li>Sensor CMOS de 1\/1.7\u201d y 20 MP<\/li><li>Resoluci\u00f3n de v\u00eddeo: 4K\/30 fps<\/li><\/ul><h5 class=\"wp-block-heading\">Ve lo invisible. C\u00e1mara t\u00e9rmica radiom\u00e9trica<\/h5><ul class=\"wp-block-list\"><li>DFOV: 40.6\u00b0<\/li><li>Resoluci\u00f3n: 640\u00d7512<\/li><li>Tasa de fotogramas: 30 fps<\/li><li>Sensibilidad t\u00e9rmica: \u226450 mk a f1.0 (NEDT)<\/li><\/ul><h4 class=\"wp-block-heading\">Completa interfaz de usuario<\/h4><p>La nueva interfaz de usuario integrada te permite cambiar r\u00e1pidamente entre una vista con zoom, de gran angular o t\u00e9rmica, as\u00ed como previsualizar el FOV zoom en la vista de c\u00e1mara t\u00e9rmica o de gran angular.<\/p><div class=\"wp-block-image\"><figure class=\"aligncenter\"><img decoding=\"async\" src=\"https:\/\/i0.wp.com\/grupoacre.es\/wp-content\/uploads\/sites\/3\/2020\/05\/dji-zenmuse-hb20-control-remoto.jpg?resize=850%2C428&amp;ssl=1\" alt=\"dji-zenmuse-hb20-control remoto\" class=\"wp-image-328474\"\/><\/figure><\/div><h5 class=\"wp-block-heading\">Focalizaci\u00f3n por inteligencia artificial (AI Spot-Check)<\/h5><div class=\"wp-block-image\"><figure class=\"alignright\"><img decoding=\"async\" src=\"https:\/\/i0.wp.com\/grupoacre.es\/wp-content\/uploads\/sites\/3\/2020\/05\/dji-matrice-300-inspecione-300x164.jpg?resize=300%2C164&amp;ssl=1\" alt=\"dji-matrice-300-inspecione\" class=\"wp-image-328451\"\/><\/figure><\/div><p>Automatiza inspecciones rutinarias y captura resultados coherentes en todo momento. La&nbsp;<strong>inteligencia artificial<\/strong>&nbsp;de a bordo reconoce el objetivo de inter\u00e9s y lo identifica en las siguientes misiones automatizadas para asegurar un encuadre coherente.<\/p><h5 class=\"wp-block-heading\">Cuadr\u00edcula fotogr\u00e1fica de alta resoluci\u00f3n (High-Res Grid Photo)<\/h5><p>Encuadra un \u00e1rea espec\u00edfica en la vista de c\u00e1mara gran angular, y la c\u00e1mara zoom capturar\u00e1 autom\u00e1ticamente un conjunto de im\u00e1genes de 20 MP de dicha \u00e1rea.<br \/>A continuaci\u00f3n, est\u00e1s im\u00e1genes se almacenan juntas con una imagen general para una visualizaci\u00f3n m\u00e1s detallada.<\/p><h5 class=\"wp-block-heading\">Marca (Pin Point)<\/h5><p>Marca un objeto en la c\u00e1mara o en la v<strong>isualizaci\u00f3n del mapa con tan solo un toque<\/strong>. Los algoritmos avanzados de fusi\u00f3n de datos obtendr\u00e1n autom\u00e1ticamente sus coordenadas y las proyectar\u00e1n en todas las vistas de c\u00e1mara como un icono AR. La localizaci\u00f3n del objetivo se compartir\u00e1 autom\u00e1ticamente con otro control remoto o con plataformas online, como DJI&nbsp;FlightHub<\/p><div class=\"wp-block-image\"><figure class=\"alignright\"><img decoding=\"async\" src=\"https:\/\/i0.wp.com\/grupoacre.es\/wp-content\/uploads\/sites\/3\/2020\/05\/dji-matrice-300-salvamento-300x169.jpg?resize=300%2C169&amp;ssl=1\" alt=\"dji-matrice-300-salvamento\" class=\"wp-image-328453\"\/><\/figure><\/div><h5 class=\"wp-block-heading\">Seguimiento inteligente (Smart Track)<\/h5><p>Identifica y sigue objetivos en movimiento como personas, veh\u00edculos o barcos con la funci\u00f3n Smart Track (Seguimiento inteligente). El&nbsp;<strong>zoom autom\u00e1tico<\/strong>&nbsp;se aplica para lograr un seguimiento y una visualizaci\u00f3n estables. La&nbsp;<strong>localizaci\u00f3n din\u00e1mica del objetivo<\/strong>&nbsp;se obtiene continuamente y se comparte con otro control remoto o&nbsp;DJI FlightHub<\/p><div class=\"wp-block-image\"><figure class=\"aligncenter\"><img decoding=\"async\" src=\"https:\/\/i0.wp.com\/grupoacre.es\/wp-content\/uploads\/sites\/3\/2020\/05\/dji-zenmuse-hb20-expsoimetro-300x225.jpg?resize=300%2C225&amp;ssl=1\" alt=\"dji-zenmuse-hb20-expsoimetro\" class=\"wp-image-328476\"\/><\/figure><\/div><div class=\"wp-block-image\"><figure class=\"aligncenter\"><img decoding=\"async\" src=\"https:\/\/i0.wp.com\/grupoacre.es\/wp-content\/uploads\/sites\/3\/2020\/05\/dji-zenmuse-hb20-area-300x225.jpg?resize=300%2C225&amp;ssl=1\" alt=\"dji-zenmuse-hb20-area\" class=\"wp-image-328475\"\/><\/figure><\/div><h4 class=\"wp-block-heading\">Visualizaci\u00f3n inmediata de la temperatura. Medici\u00f3n precisa de la temperatura<\/h4><p>Obt\u00e9n una medici\u00f3n precisa de la temperatura de un sitio o activo desde el aire para evitar cualquier tipo de riesgo.<\/p>","protected":false},"excerpt":{"rendered":"<p>Descripci\u00f3n H20 \u2013 Soluci\u00f3n con tres sensores H20T \u2013 Soluci\u00f3n con cuatro sensores C\u00e1mara con zoom de 20 MP&nbsp;C\u00e1mara gran angular de 12 MPTel\u00e9metro l\u00e1ser con un alcance<\/p>\n","protected":false},"featured_media":0,"template":"","meta":{"_exactmetrics_skip_tracking":false,"_exactmetrics_sitenote_active":false,"_exactmetrics_sitenote_note":"","_exactmetrics_sitenote_category":0,"_monsterinsights_skip_tracking":false,"_monsterinsights_sitenote_active":false,"_monsterinsights_sitenote_note":"","_monsterinsights_sitenote_category":0},"product_brand":[],"product_cat":[313,302],"product_tag":[],"class_list":{"0":"post-24474","1":"product","2":"type-product","3":"status-publish","5":"product_cat-camaras-dji","6":"product_cat-dji","8":"first","9":"instock","10":"shipping-taxable","11":"product-type-simple","12":"col-xxl","13":"col-xl-4","14":"col-lg-6","15":"col-sm-6"},"_links":{"self":[{"href":"https:\/\/kpn.com.uy\/web\/wp-json\/wp\/v2\/product\/24474","targetHints":{"allow":["GET"]}}],"collection":[{"href":"https:\/\/kpn.com.uy\/web\/wp-json\/wp\/v2\/product"}],"about":[{"href":"https:\/\/kpn.com.uy\/web\/wp-json\/wp\/v2\/types\/product"}],"wp:attachment":[{"href":"https:\/\/kpn.com.uy\/web\/wp-json\/wp\/v2\/media?parent=24474"}],"wp:term":[{"taxonomy":"product_brand","embeddable":true,"href":"https:\/\/kpn.com.uy\/web\/wp-json\/wp\/v2\/product_brand?post=24474"},{"taxonomy":"product_cat","embeddable":true,"href":"https:\/\/kpn.com.uy\/web\/wp-json\/wp\/v2\/product_cat?post=24474"},{"taxonomy":"product_tag","embeddable":true,"href":"https:\/\/kpn.com.uy\/web\/wp-json\/wp\/v2\/product_tag?post=24474"}],"curies":[{"name":"wp","href":"https:\/\/api.w.org\/{rel}","templated":true}]}}