{"id":24478,"date":"2022-07-15T17:10:56","date_gmt":"2022-07-15T20:10:56","guid":{"rendered":"https:\/\/kpn.com.uy\/web\/?post_type=product&#038;p=24478"},"modified":"2022-07-15T17:12:38","modified_gmt":"2022-07-15T20:12:38","slug":"zenmuse-h20n","status":"publish","type":"product","link":"https:\/\/kpn.com.uy\/web\/producto\/zenmuse-h20n\/","title":{"rendered":"ZENMUSE H20N"},"content":{"rendered":"<h5 class=\"wp-block-heading\"><strong>CARARCTER\u00cdSTICAS:<\/strong><\/h5><ul class=\"wp-block-list\"><li>Visi\u00f3n nocturna a la luz de las estrellas<\/li><\/ul><ul class=\"wp-block-list\"><li>C\u00e1maras t\u00e9rmicas duales de 640 \u00d7 512: Zoom \u00f3ptico de 2 \u00d7, 8 \u00d7<\/li><\/ul><ul class=\"wp-block-list\"><li>Zoom \u00f3ptico h\u00edbrido 20\u00d7<\/li><\/ul><ul class=\"wp-block-list\"><li>Tel\u00e9metro l\u00e1ser: Alcance m\u00e1ximo de 1200 m<\/li><\/ul><ul class=\"wp-block-list\"><li>Zoom sincronizado de pantalla dividida<\/li><\/ul><ul class=\"wp-block-list\"><li>Mejora de escena nocturna inteligente<\/li><\/ul><ul class=\"wp-block-list\"><li>Clasificaci\u00f3n IP44<\/li><\/ul><ul class=\"wp-block-list\"><li>-20\u00b0C a 50\u00b0C: Temperatura de funcionamiento<\/li><\/ul><p><\/p><p><strong>Sensores actualizados en m\u00faltiples dimensiones<\/strong>: <\/p><h3 class=\"wp-block-heading\">Zoom infrarrojo<\/h3><p>C\u00e1maras t\u00e9rmicas duales<br \/>Resoluci\u00f3n: 640\u00d7512<br \/>Zoom 2x (Longitud focal equivalente: 53 mm)<br \/>Zoom 8x (Longitud focal equivalente: 196 mm)<\/p><h3 class=\"wp-block-heading\">Ver la imagen completa<\/h3><p>Sensor Starlight&nbsp;de c\u00e1mara ancha de visi\u00f3n nocturna : 2 MP m\u00e1s potente<br \/>en condiciones de poca luz<\/p><h3 class=\"wp-block-heading\">Atravesar el velo<\/h3><p>C\u00e1mara con zoom de visi\u00f3n nocturna<br \/>Sensor Starlight: Zoom \u00f3ptico de 4MP<br \/>20\u00d7, zoom m\u00e1ximo de 128\u00d7<br \/>Detalles con poca luz<\/p><h3 class=\"wp-block-heading\">Datos de distancia precisos<\/h3><p>Tel\u00e9metro l\u00e1ser<br \/>Alcance: 3 m a 1200 m<br \/>Precisi\u00f3n: \u00b1 (0,2 m + D\u00d70,15%)\u00a0<\/p>","protected":false},"excerpt":{"rendered":"<h5 class=\"style__headline___1ripS style__headline-text___1tW5r aos-init aos-animate\" data-aos=\"none\">&#8220;N&#8221; para visi\u00f3n nocturna:<\/h5>\n<p>La Zenmuse H20N integra sensores de luz estelar\u00a0\u00a0en sus c\u00e1maras con zoom y gran angular.\u00a0Combine esto con c\u00e1maras t\u00e9rmicas de doble zoom y un tel\u00e9metro l\u00e1ser, y tendr\u00e1 una carga \u00fatil h\u00edbrida vers\u00e1til que est\u00e1 a la altura de las circunstancias.<\/p>\n","protected":false},"featured_media":24479,"template":"","meta":{"_exactmetrics_skip_tracking":false,"_exactmetrics_sitenote_active":false,"_exactmetrics_sitenote_note":"","_exactmetrics_sitenote_category":0,"_monsterinsights_skip_tracking":false,"_monsterinsights_sitenote_active":false,"_monsterinsights_sitenote_note":"","_monsterinsights_sitenote_category":0},"product_brand":[],"product_cat":[313,302],"product_tag":[],"class_list":{"0":"post-24478","1":"product","2":"type-product","3":"status-publish","4":"has-post-thumbnail","6":"product_cat-camaras-dji","7":"product_cat-dji","9":"first","10":"instock","11":"shipping-taxable","12":"product-type-simple","13":"col-xxl","14":"col-xl-4","15":"col-lg-6","16":"col-sm-6"},"_links":{"self":[{"href":"https:\/\/kpn.com.uy\/web\/wp-json\/wp\/v2\/product\/24478","targetHints":{"allow":["GET"]}}],"collection":[{"href":"https:\/\/kpn.com.uy\/web\/wp-json\/wp\/v2\/product"}],"about":[{"href":"https:\/\/kpn.com.uy\/web\/wp-json\/wp\/v2\/types\/product"}],"wp:featuredmedia":[{"embeddable":true,"href":"https:\/\/kpn.com.uy\/web\/wp-json\/wp\/v2\/media\/24479"}],"wp:attachment":[{"href":"https:\/\/kpn.com.uy\/web\/wp-json\/wp\/v2\/media?parent=24478"}],"wp:term":[{"taxonomy":"product_brand","embeddable":true,"href":"https:\/\/kpn.com.uy\/web\/wp-json\/wp\/v2\/product_brand?post=24478"},{"taxonomy":"product_cat","embeddable":true,"href":"https:\/\/kpn.com.uy\/web\/wp-json\/wp\/v2\/product_cat?post=24478"},{"taxonomy":"product_tag","embeddable":true,"href":"https:\/\/kpn.com.uy\/web\/wp-json\/wp\/v2\/product_tag?post=24478"}],"curies":[{"name":"wp","href":"https:\/\/api.w.org\/{rel}","templated":true}]}}