{"id":24491,"date":"2022-07-26T16:44:10","date_gmt":"2022-07-26T19:44:10","guid":{"rendered":"https:\/\/kpn.com.uy\/web\/?post_type=product&#038;p=24491"},"modified":"2022-07-26T16:47:46","modified_gmt":"2022-07-26T19:47:46","slug":"trimble-x12","status":"publish","type":"product","link":"https:\/\/kpn.com.uy\/web\/producto\/trimble-x12\/","title":{"rendered":"Trimble X12"},"content":{"rendered":"<div class=\"wp-block-buttons is-layout-flex wp-block-buttons-is-layout-flex\"><div class=\"wp-block-button\"><a class=\"wp-block-button__link\" href=\"https:\/\/drive.google.com\/file\/d\/1n4BGPkjU-P2zjpFD62Zk8ULKdBAAniyE\/view?usp=sharing\" target=\"_blank\" rel=\"noreferrer noopener\">VER PDF<\/a><\/div><\/div><p><\/p><p>Escaneo e im\u00e1genes accesibles con velocidad, precisi\u00f3n, rango y calidad superiores<\/p><p><strong>El escaneo l\u00e1ser 3D ha evolucionado.<\/strong><\/p><p>El sistema de escaneo Trimble\u00ae X12 une lo mejor de ambos mundos con hardware l\u00edder en la industria y el software Trimble Perspective potente y ultraeficiente de Trimble para un rendimiento m\u00e1ximo garantizado.<\/p><p>No m\u00e1s flujos de trabajo complicados.&nbsp;Ning\u00fan proceso de registro complejo.&nbsp;Sin compromisos en cuanto a precisi\u00f3n, velocidad, alcance o imagen.<\/p><p>Mejora tu perspectiva.&nbsp;Con el sistema de escaneo Trimble X12, la facilidad de uso incomparable, la mayor eficiencia, la calidad excepcional de las nubes de puntos y las im\u00e1genes son ahora m\u00e1s accesibles que nunca.<\/p><p><\/p><h3 class=\"wp-block-heading\"><br \/>Datos de nube de puntos precisos y de alta resoluci\u00f3n<\/h3><ul class=\"wp-block-list\"><li>Escanee hasta la asombrosa cifra de 2,18 millones de puntos por segundo con un alcance de 365 metros.<\/li><li>Alcance de ruido de 0,2 mm y densidad de 0,6 mm a 10 metros.<\/li><\/ul><h3 class=\"wp-block-heading\">Adquisici\u00f3n de im\u00e1genes n\u00edtidas y limpias<\/h3><ul class=\"wp-block-list\"><li>Experimente una coloraci\u00f3n impresionante de sus datos de nube de puntos con im\u00e1genes sin paralaje.<\/li><li>Luz inteligente, los focos LED de 700 l\u00famenes mejoran la adquisici\u00f3n de im\u00e1genes en condiciones de poca luz e incluso en entornos completamente oscuros.<\/li><\/ul><h3 class=\"wp-block-heading\"><br \/>Captura r\u00e1pida y flexible de nubes de puntos<\/h3><ul class=\"wp-block-list\"><li>Escaneos de domo completo en tan solo 23 segundos, complementados con la capacidad de escanear \u00e1reas de inter\u00e9s de manera r\u00e1pida y eficiente en configuraciones de alta calidad.&nbsp;<\/li><li>Un rango de escaneo m\u00ednimo de 0,3 metros, lo que le permite capturar m\u00e1s detalles en espacios reducidos.<\/li><\/ul><h3 class=\"wp-block-heading\"><br \/>Facilidad de uso incomparable<\/h3><ul class=\"wp-block-list\"><li>Registro, refinamiento, informes y exportaciones autom\u00e1ticos en el campo con Trimble Perspective en la tableta T10x.<\/li><li>Interfaz OnBoard completa y f\u00e1cil de usar.<\/li><\/ul><h3 class=\"wp-block-heading\"><strong>Aplicaciones Trimble X12<\/strong>:<\/h3><ul class=\"wp-block-list\"><li><strong>Levantamientos topogr\u00e1ficos generales<\/strong><\/li><\/ul><ul class=\"wp-block-list\"><li><strong>Infraestructura civil: <\/strong><\/li><\/ul><ul class=\"wp-block-list\"><li><strong>Encuesta industrial:<\/strong> <\/li><\/ul><ul class=\"wp-block-list\"><li><strong>Medicina forense:<\/strong> <\/li><\/ul><ul class=\"wp-block-list\"><li><strong>Patrimonio cultural<\/strong><\/li><\/ul><ul class=\"wp-block-list\"><li><strong>Gemelo digita<\/strong>l<\/li><li><strong>Tanque, calibraci\u00f3n e inspecci\u00f3n<\/strong><\/li><li><strong>Encuestas de construcci\u00f3n naval<\/strong><\/li><\/ul><figure class=\"wp-block-embed is-type-video is-provider-youtube wp-block-embed-youtube wp-embed-aspect-16-9 wp-has-aspect-ratio\"><div class=\"wp-block-embed__wrapper\">\n<iframe title=\"Announcing the Trimble X12\" width=\"1136\" height=\"639\" src=\"https:\/\/www.youtube.com\/embed\/X0R71BbjDEc?feature=oembed\" frameborder=\"0\" allow=\"accelerometer; autoplay; clipboard-write; encrypted-media; gyroscope; picture-in-picture\" allowfullscreen><\/iframe>\n<\/div><\/figure>","protected":false},"excerpt":{"rendered":"<p><strong>Sistema de escaneo l\u00e1ser 3D<\/strong><\/p>\n[embed]https:\/\/www.youtube.com\/watch?v=X0R71BbjDEc&#038;ab_channel=TrimbleGeospatial[\/embed]\n","protected":false},"featured_media":24492,"template":"","meta":{"_exactmetrics_skip_tracking":false,"_exactmetrics_sitenote_active":false,"_exactmetrics_sitenote_note":"","_exactmetrics_sitenote_category":0,"_monsterinsights_skip_tracking":false,"_monsterinsights_sitenote_active":false,"_monsterinsights_sitenote_note":"","_monsterinsights_sitenote_category":0},"product_brand":[],"product_cat":[277,93],"product_tag":[],"class_list":{"0":"post-24491","1":"product","2":"type-product","3":"status-publish","4":"has-post-thumbnail","6":"product_cat-escaner-3d-trimble","7":"product_cat-trimble","9":"first","10":"instock","11":"shipping-taxable","12":"product-type-simple","13":"col-xxl","14":"col-xl-4","15":"col-lg-6","16":"col-sm-6"},"_links":{"self":[{"href":"https:\/\/kpn.com.uy\/web\/wp-json\/wp\/v2\/product\/24491","targetHints":{"allow":["GET"]}}],"collection":[{"href":"https:\/\/kpn.com.uy\/web\/wp-json\/wp\/v2\/product"}],"about":[{"href":"https:\/\/kpn.com.uy\/web\/wp-json\/wp\/v2\/types\/product"}],"wp:featuredmedia":[{"embeddable":true,"href":"https:\/\/kpn.com.uy\/web\/wp-json\/wp\/v2\/media\/24492"}],"wp:attachment":[{"href":"https:\/\/kpn.com.uy\/web\/wp-json\/wp\/v2\/media?parent=24491"}],"wp:term":[{"taxonomy":"product_brand","embeddable":true,"href":"https:\/\/kpn.com.uy\/web\/wp-json\/wp\/v2\/product_brand?post=24491"},{"taxonomy":"product_cat","embeddable":true,"href":"https:\/\/kpn.com.uy\/web\/wp-json\/wp\/v2\/product_cat?post=24491"},{"taxonomy":"product_tag","embeddable":true,"href":"https:\/\/kpn.com.uy\/web\/wp-json\/wp\/v2\/product_tag?post=24491"}],"curies":[{"name":"wp","href":"https:\/\/api.w.org\/{rel}","templated":true}]}}