{"id":24511,"date":"2022-08-03T19:14:28","date_gmt":"2022-08-03T22:14:28","guid":{"rendered":"https:\/\/kpn.com.uy\/web\/?post_type=product&#038;p=24511"},"modified":"2022-08-03T19:16:44","modified_gmt":"2022-08-03T22:16:44","slug":"micasense-rededge-p","status":"publish","type":"product","link":"https:\/\/kpn.com.uy\/web\/producto\/micasense-rededge-p\/","title":{"rendered":"MicaSense RedEdge &#8211; P"},"content":{"rendered":"<p>RedEdge-P combina sensores industriales con filtros de banda estrecha de grado cient\u00edfico. Adem\u00e1s, es sometido a rigurosos procesos de calibraci\u00f3n en f\u00e1brica, generando una herramienta de alta calidad, calibrada, resistente para resultados de alta calidad.\u00a0<\/p><figure class=\"wp-block-embed is-type-video is-provider-youtube wp-block-embed-youtube wp-embed-aspect-16-9 wp-has-aspect-ratio\"><div class=\"wp-block-embed__wrapper\">\n<iframe title=\"RedEdge-P\" width=\"1136\" height=\"639\" src=\"https:\/\/www.youtube.com\/embed\/zWv771V_hbU?feature=oembed\" frameborder=\"0\" allow=\"accelerometer; autoplay; clipboard-write; encrypted-media; gyroscope; picture-in-picture\" allowfullscreen><\/iframe>\n<\/div><\/figure><h3 class=\"wp-block-heading\">CARACTER\u00cdSTICAS PRINCIPALES<\/h3><p><strong>ALMACENAMIENTO AUMENTADO&nbsp;<\/strong><br \/>Nuevo est\u00e1ndar de almacenamiento extra\u00edble en CFexpress, permitiendo m\u00e1s de 2 capturas por segundo y tiempo de entrega inmediato entre vuelos simplemente intercambiando tarjetas.&nbsp;<\/p><p><strong>CAPTURA SINCRONIZADA DE RVA Y MULTIESPECTRAL DE ALTA RESOLUCI\u00d3N<\/strong><br \/>Captura simult\u00e1nea de hasta seis bandas espectrales distintas, permitiendo m\u00faltiples salidas de alta resoluci\u00f3n como, por ejemplo, RVA, \u00edndice de vigor de cultivos (NDVI, NDRE,&nbsp;etc.), y alta resoluci\u00f3n pancrom\u00e1tica.&nbsp;<\/p><p><strong>DOS VECES LA RESOLUCI\u00d3N ESPACIAL DEL REDEDGE ANTERIOR<\/strong><br \/>Con una c\u00e1mara pancrom\u00e1tica de alta resoluci\u00f3n, RedEdge-P permite salidas RVA y multiespectrales de mayor resoluci\u00f3n &#8211; resoluci\u00f3n de 2 cm cuando vuela a 60 m. Detecte problemas o caracter\u00edsticas menores de forma anticipada y tome decisiones de gesti\u00f3n m\u00e1s confiables a lo largo de una variedad de casos pr\u00e1cticos.&nbsp;<\/p><p><strong>FUNCIONA CON LO QUE USTED TIENE (DRONES, PROCESAMIENTO, PLANIFICACI\u00d3N DE VUELO)<\/strong><br \/>Esta soluci\u00f3n es compatible con una amplia gama de aeronaves, desde grandes de ala fija hasta las de multirotores peque\u00f1as. La planificaci\u00f3n de vuelo y el procesamiento de datos puede hacerse con herramientas est\u00e1ndar de la industria.&nbsp;&nbsp;<\/p><p><strong>DISE\u00d1O ROBUSTO<\/strong><br \/>Con clasificaci\u00f3n IP4X para inmunidad de tierra y salpicaduras\u00a0<\/p><h2 class=\"wp-block-heading\">IM\u00c1GENES MULTIESPECTRALES CALIBRADAS<\/h2><p><strong>CRP 2<\/strong>&nbsp;Una nueva versi\u00f3n compacta de nuestro Panel de Reflectancia Calibrado. \u00a1La misma funcionalidad, ahora en un tama\u00f1o m\u00e1s peque\u00f1o y m\u00e1s f\u00e1cil de transportar!<\/p><p>**Nota:\u00a0Todos los kits de las c\u00e1maras vienen con las herramientas de calibraci\u00f3n radiom\u00e9trica que necesita para posibilitar la comparaci\u00f3n a lo largo del tiempo.<\/p><p><strong>DLS 2\u00a0<\/strong>\u00a0Nuestro sensor de luz de \u00faltima generaci\u00f3n. Con tecnolog\u00eda de punta para medir la irradiancia y el \u00e1ngulo del sol, proporciona datos m\u00e1s precisos y confiables, reduce en gran medida la necesidad de procesamientos posteriores y mejora considerablemente la precisi\u00f3n radiom\u00e9trica. Y, como tambi\u00e9n cuenta con un GPS integrado, su configuraci\u00f3n para cualquier aeronave es simple.<\/p><h2 class=\"wp-block-heading\">LAS MISMAS BANDAS ESTRECHAS, CON EL DOBLE DE RESOLUCI\u00d3N<\/h2><p>Esta soluci\u00f3n ofrece una forma continua de capturar no solo bandas espectrales est\u00e1ndar sino una resoluci\u00f3n espacial que la coloca un paso adelante. Con una c\u00e1mara pancrom\u00e1tica de alta resoluci\u00f3n, RedEdge-P permite salidas RVA y multiespectrales de mayor resoluci\u00f3n &#8211; resoluci\u00f3n de 2 cm cuando vuela a 60 m.<\/p><figure class=\"wp-block-image\"><img decoding=\"async\" src=\"https:\/\/1w2yci3p7wwa1k9jjd1jygxd-wpengine.netdna-ssl.com\/wp-content\/uploads\/2021\/10\/RedEdge-P-Spectrum_Spanish.png\" alt=\"Image\"\/><\/figure><h3 class=\"wp-block-heading\">MICASENSE AUMENTA LA PRECISI\u00d3N Y<br \/>LA REPETIBILIDAD DE LOS DATOS<\/h3><p>Usted conoce los beneficios de la predicci\u00f3n y precisi\u00f3n de los datos. Apuntamos a la precisi\u00f3n y repetibilidad en nuestros datos y an\u00e1lisis, para que usted pueda confiar en los datos que le ayudamos a recolectar.&nbsp;<\/p>","protected":false},"excerpt":{"rendered":"<p>EL NUEVO\u00a0EST\u00c1NDAR PARA LA CALIDAD Y REPETIBILIDAD DE DATOS<\/p>\n","protected":false},"featured_media":24512,"template":"","meta":{"_exactmetrics_skip_tracking":false,"_exactmetrics_sitenote_active":false,"_exactmetrics_sitenote_note":"","_exactmetrics_sitenote_category":0,"_monsterinsights_skip_tracking":false,"_monsterinsights_sitenote_active":false,"_monsterinsights_sitenote_note":"","_monsterinsights_sitenote_category":0},"product_brand":[],"product_cat":[389],"product_tag":[],"class_list":{"0":"post-24511","1":"product","2":"type-product","3":"status-publish","4":"has-post-thumbnail","6":"product_cat-camaras-multiespectrales","8":"first","9":"instock","10":"shipping-taxable","11":"product-type-simple","12":"col-xxl","13":"col-xl-4","14":"col-lg-6","15":"col-sm-6"},"_links":{"self":[{"href":"https:\/\/kpn.com.uy\/web\/wp-json\/wp\/v2\/product\/24511","targetHints":{"allow":["GET"]}}],"collection":[{"href":"https:\/\/kpn.com.uy\/web\/wp-json\/wp\/v2\/product"}],"about":[{"href":"https:\/\/kpn.com.uy\/web\/wp-json\/wp\/v2\/types\/product"}],"wp:featuredmedia":[{"embeddable":true,"href":"https:\/\/kpn.com.uy\/web\/wp-json\/wp\/v2\/media\/24512"}],"wp:attachment":[{"href":"https:\/\/kpn.com.uy\/web\/wp-json\/wp\/v2\/media?parent=24511"}],"wp:term":[{"taxonomy":"product_brand","embeddable":true,"href":"https:\/\/kpn.com.uy\/web\/wp-json\/wp\/v2\/product_brand?post=24511"},{"taxonomy":"product_cat","embeddable":true,"href":"https:\/\/kpn.com.uy\/web\/wp-json\/wp\/v2\/product_cat?post=24511"},{"taxonomy":"product_tag","embeddable":true,"href":"https:\/\/kpn.com.uy\/web\/wp-json\/wp\/v2\/product_tag?post=24511"}],"curies":[{"name":"wp","href":"https:\/\/api.w.org\/{rel}","templated":true}]}}