{"id":24514,"date":"2022-08-04T16:26:43","date_gmt":"2022-08-04T19:26:43","guid":{"rendered":"https:\/\/kpn.com.uy\/web\/?post_type=product&#038;p=24514"},"modified":"2025-12-19T14:07:25","modified_gmt":"2025-12-19T17:07:25","slug":"trimble-r780","status":"publish","type":"product","link":"https:\/\/kpn.com.uy\/web\/producto\/trimble-r780\/","title":{"rendered":"Trimble R780"},"content":{"rendered":"<div class=\"wp-block-buttons is-layout-flex wp-block-buttons-is-layout-flex\"><div class=\"wp-block-button\"><a class=\"wp-block-button__link\" href=\"https:\/\/drive.google.com\/file\/d\/1G66TmY7E9XlAFaCW8OA_KyR67ic4zIF0\/view?usp=sharing\" target=\"_blank\" rel=\"noreferrer noopener\">DESCARGAR HOJA DE DATOS<\/a><\/div><\/div><p>El&nbsp;<strong>receptor Trimble\u00ae R780 GNSS<\/strong>&nbsp;es un sistema GNSS altamente preciso construido para trabajar en los entornos topogr\u00e1ficos m\u00e1s dif\u00edciles. Impulsado por las tecnolog\u00edas de posicionamiento GNSS de Trimble l\u00edderes de la industria, el ultra robusto R780 eleva la productividad en un sistema que es escalable y adaptable. Disfrute de la libertad de elegir el tipo de configuraci\u00f3n y funciones a la medida exacta de las necesidades de su trabajo actual con la flexibilidad de agregar m\u00e1s funciones seg\u00fan cambien sus requisitos. Dise\u00f1e el receptor que necesita ahora. Ampl\u00ede y escale sus funciones tranquilamente en el futuro.&nbsp;<\/p><h2 class=\"wp-block-heading\">M\u00e1ximo rendimiento.<\/h2><ul class=\"wp-block-list\"><li><strong>Trimble Maxwell\u2122 7 GNSS ASIC:<\/strong>&nbsp;rastrea las se\u00f1ales m\u00e1s modernas de todas las constelaciones GNSS con mitigaci\u00f3n de multitrayectoria EVEREST\u2122 Plus, detecci\u00f3n de interferencias y protecci\u00f3n contra se\u00f1ales GNSS falsas.<\/li><li><strong>Tecnolog\u00eda Trimble ProPoint\u2122:<\/strong>&nbsp;robusto motor de posicionamiento independiente de la constelaci\u00f3n que brinda una mayor exactitud, confiabilidad y productividad en entornos GNSS dif\u00edciles.<\/li><li><strong>Tecnolog\u00eda Trimble TIP\u2122:<\/strong>&nbsp;haga levantamientos m\u00e1s r\u00e1pido aprovechando la tecnolog\u00eda de compensaci\u00f3n de inclinaci\u00f3n basada en la Unidad de Medici\u00f3n Inercial (IMU) con inmunidad magn\u00e9tica que lo ayuda a replantear r\u00e1pidamente, con precisi\u00f3n y seguridad o a medir puntos sin necesidad de nivelar el jal\u00f3n.<\/li><li><strong>Trimble CenterPoint RTX:<\/strong>reciba correcciones GNSS dondequiera que se encuentre por v\u00eda satelital o por IP con una velocidad y exactitud inigualables y obtenga una soluci\u00f3n de posicionamiento de puntos precisa.<\/li><li><strong>Tecnolog\u00eda Trimble xFill\u00ae:<\/strong>&nbsp;reduce el tiempo de inactividad en el campo al ofrecer cobertura RTK continua cuando se pierde la conexi\u00f3n con la estaci\u00f3n base RTK o la red VRS.<\/li><\/ul><h2 class=\"wp-block-heading\">Flexibilidad total<\/h2><ul class=\"wp-block-list\"><li>Elija el nivel de configuraci\u00f3n que se adapta a sus necesidades: Base y m\u00f3vil, Solo m\u00f3vil, Solo base.<\/li><li>Compre solamente las funciones que necesita ahora, con la posibilidad de actualizar f\u00e1cilmente en el futuro seg\u00fan cambien sus necesidades.<\/li><\/ul><h2 class=\"wp-block-heading\">Construido para operar en todos los entornos<\/h2><ul class=\"wp-block-list\"><li>Dise\u00f1o compacto y ultra robusto que absorve los peores golpes y ca\u00eddas en el sitio de la obra. Ya no tendr\u00e1 que perder m\u00e1s el tiempo con equipos que no funcionen.&nbsp;<\/li><li>Agregue un plan de protecci\u00f3n Trimble Protected* a su garant\u00eda est\u00e1ndar de productos de Trimble para proteger su trabajo y tener garantizada una cobertura segura del equipo que posee.<\/li><\/ul><figure class=\"wp-block-embed is-type-video is-provider-youtube wp-block-embed-youtube wp-embed-aspect-16-9 wp-has-aspect-ratio\"><div class=\"wp-block-embed__wrapper\">\n<iframe title=\"Introducing the Trimble R780 GNSS Receiver\" width=\"1136\" height=\"639\" src=\"https:\/\/www.youtube.com\/embed\/WVn8phqqueE?feature=oembed\" frameborder=\"0\" allow=\"accelerometer; autoplay; clipboard-write; encrypted-media; gyroscope; picture-in-picture\" allowfullscreen><\/iframe>\n<\/div><\/figure>","protected":false},"excerpt":{"rendered":"<p>Sistema GNSS integrado<\/p>\n","protected":false},"featured_media":24515,"template":"","meta":{"_exactmetrics_skip_tracking":false,"_exactmetrics_sitenote_active":false,"_exactmetrics_sitenote_note":"","_exactmetrics_sitenote_category":0,"_monsterinsights_skip_tracking":false,"_monsterinsights_sitenote_active":false,"_monsterinsights_sitenote_note":"","_monsterinsights_sitenote_category":0},"product_brand":[],"product_cat":[350,275,93],"product_tag":[],"class_list":{"0":"post-24514","1":"product","2":"type-product","3":"status-publish","4":"has-post-thumbnail","6":"product_cat-equipos-forense","7":"product_cat-gnss-topograficos","8":"product_cat-trimble","10":"first","11":"instock","12":"shipping-taxable","13":"product-type-simple","14":"col-xxl","15":"col-xl-4","16":"col-lg-6","17":"col-sm-6"},"_links":{"self":[{"href":"https:\/\/kpn.com.uy\/web\/wp-json\/wp\/v2\/product\/24514","targetHints":{"allow":["GET"]}}],"collection":[{"href":"https:\/\/kpn.com.uy\/web\/wp-json\/wp\/v2\/product"}],"about":[{"href":"https:\/\/kpn.com.uy\/web\/wp-json\/wp\/v2\/types\/product"}],"wp:featuredmedia":[{"embeddable":true,"href":"https:\/\/kpn.com.uy\/web\/wp-json\/wp\/v2\/media\/24515"}],"wp:attachment":[{"href":"https:\/\/kpn.com.uy\/web\/wp-json\/wp\/v2\/media?parent=24514"}],"wp:term":[{"taxonomy":"product_brand","embeddable":true,"href":"https:\/\/kpn.com.uy\/web\/wp-json\/wp\/v2\/product_brand?post=24514"},{"taxonomy":"product_cat","embeddable":true,"href":"https:\/\/kpn.com.uy\/web\/wp-json\/wp\/v2\/product_cat?post=24514"},{"taxonomy":"product_tag","embeddable":true,"href":"https:\/\/kpn.com.uy\/web\/wp-json\/wp\/v2\/product_tag?post=24514"}],"curies":[{"name":"wp","href":"https:\/\/api.w.org\/{rel}","templated":true}]}}