{"id":24698,"date":"2023-05-30T09:58:43","date_gmt":"2023-05-30T12:58:43","guid":{"rendered":"https:\/\/kpn.com.uy\/web\/?post_type=product&#038;p=24698"},"modified":"2025-12-19T14:08:09","modified_gmt":"2025-12-19T17:08:09","slug":"trimble-x9","status":"publish","type":"product","link":"https:\/\/kpn.com.uy\/web\/producto\/trimble-x9\/","title":{"rendered":"Trimble X9"},"content":{"rendered":"<a class=\"maxbutton-1 maxbutton maxbutton-descargarpdf\" target=\"_blank\" rel=\"noopener\" href=\"https:\/\/drive.google.com\/file\/d\/1GGliJBTsSopXjdFll9Lz-dKMeu82dTLS\/view?usp=sharing\"><span class='mb-text'>HOJA DE DATOS <\/span><\/a>\n<p><strong>El poder de hacer m\u00e1s.<\/strong><\/p>\n<p>Haga m\u00e1s, mejor y m\u00e1s r\u00e1pido con el alcance, la precisi\u00f3n y los cortos tiempos de escaneo que necesita para aumentar la productividad.<\/p>\n<p>Ese es el poder del sistema de escaneo l\u00e1ser Trimble X9. Capture la realidad en minutos para un trabajo bien hecho la primera vez.<\/p>\n<p>Basado en las tecnolog\u00edas comprobadas de escaneo l\u00e1ser de Trimble que incluyen calibraci\u00f3n autom\u00e1tica de instrumentos, autonivelaci\u00f3n y puntero l\u00e1ser para georreferenciaci\u00f3n, el Trimble X9 con el software Trimble Perspective, entrega del campo a la oficina con confianza.<\/p>\n<div>Caracter\u00edsticas del esc\u00e1ner l\u00e1ser Trimble X9 3D<\/div>\n<div class=\"plp-features-grid-row row small-up-1 medium-up-2\">\n<div class=\"column\">\n<div class=\"plp-features-grid-feature\">\n<div class=\"plp-features-grid-feature-icon\"><\/div>\n<div class=\"plp-features-grid-feature-copy\">\n<div>Confianza<\/div>\n<div>\n<ul>\n<li>Calibraci\u00f3n autom\u00e1tica para datos confiables en cada escaneo.<\/li>\n<li>Nivelaci\u00f3n autom\u00e1tica de grado topogr\u00e1fico para una configuraci\u00f3n r\u00e1pida y sencilla.<\/li>\n<li>Protecci\u00f3n ambiental IP55 contra el polvo y el agua.<\/li>\n<li>Amplio rango de temperatura de funcionamiento para mantenerlo trabajando todo el a\u00f1o.<\/li>\n<\/ul>\n<\/div>\n<\/div>\n<\/div>\n<\/div>\n<div class=\"column\">\n<div class=\"plp-features-grid-feature\">\n<div class=\"plp-features-grid-feature-icon\"><\/div>\n<div class=\"plp-features-grid-feature-copy\">\n<div>Actuaci\u00f3n<\/div>\n<div>\n<ul>\n<li>Se pueden alcanzar tiempos de escaneo r\u00e1pidos de menos de 1 minuto para completar r\u00e1pidamente el proyecto.<\/li>\n<li>Alcance de 150 m para poner m\u00e1s proyectos al alcance.<\/li>\n<li>Datos de nube de puntos de ruido de alta precisi\u00f3n y rango bajo para gemelos digitales detallados.<\/li>\n<\/ul>\n<\/div>\n<\/div>\n<\/div>\n<\/div>\n<div class=\"column\">\n<div class=\"plp-features-grid-feature\">\n<div class=\"plp-features-grid-feature-icon\"><\/div>\n<div class=\"plp-features-grid-feature-copy\">\n<div>Versatilidad<\/div>\n<div>\n<ul>\n<li>Escaneo de alta velocidad de hasta 1 mill\u00f3n de pts\/s.<\/li>\n<li>Mejor rango, precisi\u00f3n angular y calidad de datos para admitir una gama m\u00e1s amplia de aplicaciones.<\/li>\n<li>Sensibilidad mejorada para escaneos est\u00e1ndar para capturar superficies oscuras o brillantes dif\u00edciles.<\/li>\n<li>Operaci\u00f3n flexible con tableta, tel\u00e9fono o flujo de trabajo de un solo bot\u00f3n.<\/li>\n<\/ul>\n<\/div>\n<\/div>\n<\/div>\n<\/div>\n<div class=\"column\">\n<div class=\"plp-features-grid-feature\">\n<div class=\"plp-features-grid-feature-icon\"><\/div>\n<div class=\"plp-features-grid-feature-copy\">\n<div>Software de perspectiva de Trimble<\/div>\n<div>\n<ul>\n<li>Registro en campo.<\/li>\n<li>Visualizaci\u00f3n de datos 3D en el campo.<\/li>\n<li>Georreferenciaci\u00f3n con puntero l\u00e1ser y punto de precisi\u00f3n.<\/li>\n<li>Escaneo de \u00e1rea para mayor densidad en \u00e1reas cr\u00edticas.<\/li>\n<\/ul>\n<h5>Aplicaciones Trimble X9:<\/h5>\n<ul>\n<li>LEVANTAMIENTOS TOPOGR\u00c1FICOS \/ GENERALES<\/li>\n<li>INFRAESTRUCTURA CIVIL<\/li>\n<li>ENCUESTA INDUSTRIAL<\/li>\n<li>MEDICINA FORENSE<\/li>\n<li>PATRIMONIO CULTURAL<\/li>\n<li>GEMELO DIGITAL<\/li>\n<li>TANQUE: CALIBRACI\u00d3N E INSPECCI\u00d3N<\/li>\n<li>INSPECCIONES DE CONSTRUCCI\u00d3N NAVAL<\/li>\n<\/ul>\n<ul id=\"applications-tabs-353\" class=\"applications-tabs tabs\" role=\"tablist\" data-active-collapse=\"false\" data-tabs=\"nm6pcc-tabs\"><\/ul>\n<\/div>\n<\/div>\n<\/div>\n<\/div>\n<\/div>\n","protected":false},"excerpt":{"rendered":"<div>Sistema de escaneo l\u00e1ser Trimble X9 3D<\/div>\n<div>\n<p>Vers\u00e1tiles escaneos e im\u00e1genes avanzados en los que puede confiar.<\/p>\n[embed]https:\/\/youtu.be\/O3B_6U6TQMc[\/embed]\n<\/div>\n","protected":false},"featured_media":24699,"template":"","meta":{"_exactmetrics_skip_tracking":false,"_exactmetrics_sitenote_active":false,"_exactmetrics_sitenote_note":"","_exactmetrics_sitenote_category":0,"_monsterinsights_skip_tracking":false,"_monsterinsights_sitenote_active":false,"_monsterinsights_sitenote_note":"","_monsterinsights_sitenote_category":0},"product_brand":[],"product_cat":[297,300,350,263,277,386],"product_tag":[],"class_list":{"0":"post-24698","1":"product","2":"type-product","3":"status-publish","4":"has-post-thumbnail","6":"product_cat-bim","7":"product_cat-bim-rubros","8":"product_cat-equipos-forense","9":"product_cat-escaner-3d","10":"product_cat-escaner-3d-trimble","11":"product_cat-scan-to-bim","13":"first","14":"instock","15":"shipping-taxable","16":"product-type-simple","17":"col-xxl","18":"col-xl-4","19":"col-lg-6","20":"col-sm-6"},"_links":{"self":[{"href":"https:\/\/kpn.com.uy\/web\/wp-json\/wp\/v2\/product\/24698","targetHints":{"allow":["GET"]}}],"collection":[{"href":"https:\/\/kpn.com.uy\/web\/wp-json\/wp\/v2\/product"}],"about":[{"href":"https:\/\/kpn.com.uy\/web\/wp-json\/wp\/v2\/types\/product"}],"wp:featuredmedia":[{"embeddable":true,"href":"https:\/\/kpn.com.uy\/web\/wp-json\/wp\/v2\/media\/24699"}],"wp:attachment":[{"href":"https:\/\/kpn.com.uy\/web\/wp-json\/wp\/v2\/media?parent=24698"}],"wp:term":[{"taxonomy":"product_brand","embeddable":true,"href":"https:\/\/kpn.com.uy\/web\/wp-json\/wp\/v2\/product_brand?post=24698"},{"taxonomy":"product_cat","embeddable":true,"href":"https:\/\/kpn.com.uy\/web\/wp-json\/wp\/v2\/product_cat?post=24698"},{"taxonomy":"product_tag","embeddable":true,"href":"https:\/\/kpn.com.uy\/web\/wp-json\/wp\/v2\/product_tag?post=24698"}],"curies":[{"name":"wp","href":"https:\/\/api.w.org\/{rel}","templated":true}]}}