{"id":24796,"date":"2023-09-21T12:57:10","date_gmt":"2023-09-21T15:57:10","guid":{"rendered":"https:\/\/kpn.com.uy\/web\/?post_type=product&#038;p=24796"},"modified":"2023-09-21T13:01:38","modified_gmt":"2023-09-21T16:01:38","slug":"imajnet-2","status":"publish","type":"product","link":"https:\/\/kpn.com.uy\/web\/producto\/imajnet-2\/","title":{"rendered":"Imajnet"},"content":{"rendered":"<p>VENTAJAS:<\/p>\n<ul class=\"fill-circle\">\n<li>Obtener una visi\u00f3n en im\u00e1genes de su red gracias a los levantamientos con imajbox<\/li>\n<li>Fusionarlo con sus aplicaciones y entorno SIG<\/li>\n<li>Realizar mediciones 3D de objetos, geo-referenciaci\u00f3n, navegaci\u00f3n temporal<\/li>\n<li>Hacer el trabajo de colaboraci\u00f3n m\u00e1s f\u00e1cil y con mayores rendimientos<\/li>\n<\/ul>\n<p>PARA CUALQUIER TIPO DE USUARIO:<\/p>\n<p>La aplicaci\u00f3n web de imajnet\u00ae es un\u00a0<strong>web app<\/strong> que permite utilizar el web service de imajnet\u00ae directamente desde su navegador a trav\u00e9s de la direcci\u00f3n <a href=\"http:\/\/gecko.imajnet.net,\">gecko.imajnet.net<\/a>, y usar todas sus funcionalidades libremente. Como mapa de fondo est\u00e1 disponible OpenStreetMap u otros proveedores dependiendo del tipo de suscripci\u00f3n.<\/p>\n<p>PARA DESARROLLADORES E INTEGRADORES:<\/p>\n<p>Los\u00a0<strong>SDK\u2019s de imajnet<\/strong>\u00a0han sido desarrollados para integrar y fusionar la ventana de imajnet y su funcionalidad en cualquier aplicaci\u00f3n SIG, tanto web como desktop, con componentes JavaScript y .NET.<\/p>\n<p>PARA USUARIOS SIG:<\/p>\n<p>Hay disponibles\u00a0<strong>Plug-ins SIG<\/strong>\u00a0para poder acceder a los datos e im\u00e1genes producidos con imajbox directamente desde su software SIG. Puede interactuar con QGis, ArcGIS\u00ae10.1 y 10.2, y GeoMedia\u00ae 06. 01. 11. 13.<\/p>\n<p>PARA TRABAJOS EN CAMPO:<\/p>\n<p>imajnet LRS app es une <strong>aplicaci\u00f3n Android<\/strong>\u00a0que funciona en cualquier tel\u00e9fono 3G con GPS.<br \/>\nSe conecta con el sistema de referencia lineal de imajnet para calcular, en el campo y en tiempo real, la localizaci\u00f3n actual de un elemento en el sistema de coordenadas lineal (Posici\u00f3n PK).<\/p>\n","protected":false},"excerpt":{"rendered":"<p>Imajnet\u00ae es un\u00a0<strong>web service<\/strong>\u00a0que publica im\u00e1genes verticales de alta calidad provenientes de los levantamientos con imajbox\u00ae. imajnet\u00ae gestiona el almacenamiento de las im\u00e1genes y su indexaci\u00f3n espacial y temporal para nutrir a aplicaciones online que puedan consumir un web service.\u00a0Los gestores de activos e ingenieros tienen la posibilidad de utilizar, consumir y\u00a0<strong>fusionar los datos de imajnet\u00ae con sus propias aplicaciones en entorno SIG. <\/strong>Imajnet\u00ae permite acceder a\u00a0<strong>miles de kil\u00f3metros de una red de transportes<\/strong>\u00a0con opciones de b\u00fasqueda avanzadas y herramientas de medici\u00f3n 3D.<\/p>\n","protected":false},"featured_media":24800,"template":"","meta":{"_exactmetrics_skip_tracking":false,"_exactmetrics_sitenote_active":false,"_exactmetrics_sitenote_note":"","_exactmetrics_sitenote_category":0,"_monsterinsights_skip_tracking":false,"_monsterinsights_sitenote_active":false,"_monsterinsights_sitenote_note":"","_monsterinsights_sitenote_category":0},"product_brand":[],"product_cat":[294,380,281,272,91],"product_tag":[],"class_list":{"0":"post-24796","1":"product","2":"type-product","3":"status-publish","4":"has-post-thumbnail","6":"product_cat-imajing","7":"product_cat-procesamiento-de-imagenes","8":"product_cat-sistemasmapeomovil","9":"product_cat-software-fotogrametria","10":"product_cat-softwaremapping","12":"first","13":"instock","14":"shipping-taxable","15":"product-type-simple","16":"col-xxl","17":"col-xl-4","18":"col-lg-6","19":"col-sm-6"},"_links":{"self":[{"href":"https:\/\/kpn.com.uy\/web\/wp-json\/wp\/v2\/product\/24796","targetHints":{"allow":["GET"]}}],"collection":[{"href":"https:\/\/kpn.com.uy\/web\/wp-json\/wp\/v2\/product"}],"about":[{"href":"https:\/\/kpn.com.uy\/web\/wp-json\/wp\/v2\/types\/product"}],"wp:featuredmedia":[{"embeddable":true,"href":"https:\/\/kpn.com.uy\/web\/wp-json\/wp\/v2\/media\/24800"}],"wp:attachment":[{"href":"https:\/\/kpn.com.uy\/web\/wp-json\/wp\/v2\/media?parent=24796"}],"wp:term":[{"taxonomy":"product_brand","embeddable":true,"href":"https:\/\/kpn.com.uy\/web\/wp-json\/wp\/v2\/product_brand?post=24796"},{"taxonomy":"product_cat","embeddable":true,"href":"https:\/\/kpn.com.uy\/web\/wp-json\/wp\/v2\/product_cat?post=24796"},{"taxonomy":"product_tag","embeddable":true,"href":"https:\/\/kpn.com.uy\/web\/wp-json\/wp\/v2\/product_tag?post=24796"}],"curies":[{"name":"wp","href":"https:\/\/api.w.org\/{rel}","templated":true}]}}