{"id":24822,"date":"2023-10-03T16:50:57","date_gmt":"2023-10-03T19:50:57","guid":{"rendered":"https:\/\/kpn.com.uy\/web\/?post_type=product&#038;p=24822"},"modified":"2023-10-03T17:23:06","modified_gmt":"2023-10-03T20:23:06","slug":"trimble-r580","status":"publish","type":"product","link":"https:\/\/kpn.com.uy\/web\/producto\/trimble-r580\/","title":{"rendered":"Trimble R580"},"content":{"rendered":"<p class=\"luna-super-hero__header\" data-sb-field-path=\"headline\"><strong>Conf\u00eda en tu posici\u00f3n: <\/strong>Tenga confianza en entornos GNSS desafiantes y obtenga los resultados que necesita.<\/p>\n<p><iframe title=\"Trimble R580 | GNSS System | Proven Reliable Positioning\" width=\"1136\" height=\"639\" src=\"https:\/\/www.youtube.com\/embed\/LItjkMOdwOQ?feature=oembed\" frameborder=\"0\" allow=\"accelerometer; autoplay; clipboard-write; encrypted-media; gyroscope; picture-in-picture; web-share\" allowfullscreen><\/iframe><\/p>\n<p class=\"headline headline--no-margin\" data-sb-field-path=\"headline\"><strong>Beneficios y rendimiento: <\/strong>Con mayor precisi\u00f3n y confiabilidad en entornos urbanos y rurales dif\u00edciles, el Trimble R580 optimiza la productividad utilizando potentes tecnolog\u00edas GNSS para obtener los m\u00e1ximos resultados.<\/p>\n<p><strong>Productividad maximizada: <\/strong>El Trimble R580 aprovecha la tecnolog\u00eda Trimble ProPoint para que pueda realizar levantamientos con precisi\u00f3n en lugares dif\u00edciles, aumentando la productividad del trabajo de campo como nunca antes.<\/p>\n<p><strong>Confiabilidad de Trimble:<\/strong> Con tecnolog\u00eda comprobada para proteger contra problemas de suplantaci\u00f3n de identidad y rutas m\u00faltiples, el confiable R580 brinda confianza para cada medici\u00f3n y punto que capture.<\/p>\n<p class=\"super-hero-fullscreen__header\" data-sb-field-path=\"headline\"><strong>Especificaciones clave:<\/strong> El sistema GNSS Trimble R580 es un receptor integrado confiable y cotidiano para flujos de trabajo de nivel topogr\u00e1fico.<\/p>\n<div class=\"data-point__item data-point--variant_2A__item data-point--variant_2A__item--0 \" data-sb-object-id=\"6FUfUmolBo7SCOv9zH8IEE\">\n<div class=\"data-point__text-wrapper data-point--variant_2A__text-wrapper\">\n<p class=\"data-point__header data-point--variant_2A__header\" data-sb-field-path=\"header\" aria-label=\"10 mm alto\/20 mm V\">\u2705Precisi\u00f3n RTK 10mm H \/ 20mm V<\/p>\n<p class=\"data-point__description data-point--variant_2A__description \" data-sb-field-path=\"description\" aria-label=\"Precisi\u00f3n RTK\">\u2705Precisi\u00f3n RTX 2cm H\/ 5cm V<\/p>\n<p data-sb-field-path=\"description\" aria-label=\"Precisi\u00f3n RTK\">\u2705Tecnolog\u00eda xFill<\/p>\n<\/div>\n<\/div>\n<div class=\"data-point__item data-point--variant_2A__item data-point--variant_2A__item--2 \" data-sb-object-id=\"Kr9spDhrKMxK6CR8kDapL\">\n<div class=\"data-point__text-wrapper data-point--variant_2A__text-wrapper\">\n<p data-sb-field-path=\"description\" aria-label=\"Robustez\"><a class=\"maxbutton-1 maxbutton maxbutton-descargarpdf\" target=\"_blank\" rel=\"noopener\" href=\"https:\/\/drive.google.com\/file\/d\/1aZK7doXvl6tWMPCZElYYEd-eGK9zzeYH\/view?usp=sharing\"><span class='mb-text'>descargar hoja de datos<\/span><\/a><\/p>\n<p data-sb-field-path=\"description\" aria-label=\"Robustez\">\n<\/div>\n<\/div>\n","protected":false},"excerpt":{"rendered":"<div class=\"header\">\n<div class=\"subheading\" data-sb-field-path=\"subhead\">Posicionamiento probado y confiable<\/div>\n<\/div>\n<div class=\"content content__bullet-theme--transparent-light-text\" data-sb-field-path=\"body\">\n<p>Conf\u00ede en el sistema GNSS Trimble\u00a0R580 para seguir trabajando con precisi\u00f3n topogr\u00e1fica.\u00a0Impulsado por el motor GNSS Trimble ProPoint l\u00edder en la industria , este receptor integrado de uso diario ofrece mayor productividad y precisi\u00f3n confiable en m\u00e1s lugares.<\/p>\n<\/div>\n","protected":false},"featured_media":24823,"template":"","meta":{"_exactmetrics_skip_tracking":false,"_exactmetrics_sitenote_active":false,"_exactmetrics_sitenote_note":"","_exactmetrics_sitenote_category":0,"_monsterinsights_skip_tracking":false,"_monsterinsights_sitenote_active":false,"_monsterinsights_sitenote_note":"","_monsterinsights_sitenote_category":0},"product_brand":[],"product_cat":[275,93],"product_tag":[],"class_list":{"0":"post-24822","1":"product","2":"type-product","3":"status-publish","4":"has-post-thumbnail","6":"product_cat-gnss-topograficos","7":"product_cat-trimble","9":"first","10":"instock","11":"shipping-taxable","12":"product-type-simple","13":"col-xxl","14":"col-xl-4","15":"col-lg-6","16":"col-sm-6"},"_links":{"self":[{"href":"https:\/\/kpn.com.uy\/web\/wp-json\/wp\/v2\/product\/24822","targetHints":{"allow":["GET"]}}],"collection":[{"href":"https:\/\/kpn.com.uy\/web\/wp-json\/wp\/v2\/product"}],"about":[{"href":"https:\/\/kpn.com.uy\/web\/wp-json\/wp\/v2\/types\/product"}],"wp:featuredmedia":[{"embeddable":true,"href":"https:\/\/kpn.com.uy\/web\/wp-json\/wp\/v2\/media\/24823"}],"wp:attachment":[{"href":"https:\/\/kpn.com.uy\/web\/wp-json\/wp\/v2\/media?parent=24822"}],"wp:term":[{"taxonomy":"product_brand","embeddable":true,"href":"https:\/\/kpn.com.uy\/web\/wp-json\/wp\/v2\/product_brand?post=24822"},{"taxonomy":"product_cat","embeddable":true,"href":"https:\/\/kpn.com.uy\/web\/wp-json\/wp\/v2\/product_cat?post=24822"},{"taxonomy":"product_tag","embeddable":true,"href":"https:\/\/kpn.com.uy\/web\/wp-json\/wp\/v2\/product_tag?post=24822"}],"curies":[{"name":"wp","href":"https:\/\/api.w.org\/{rel}","templated":true}]}}