{"id":24834,"date":"2023-10-10T15:14:49","date_gmt":"2023-10-10T18:14:49","guid":{"rendered":"https:\/\/kpn.com.uy\/web\/?post_type=product&#038;p=24834"},"modified":"2023-10-10T15:16:41","modified_gmt":"2023-10-10T18:16:41","slug":"dji-dock","status":"publish","type":"product","link":"https:\/\/kpn.com.uy\/web\/producto\/dji-dock\/","title":{"rendered":"DJI Dock"},"content":{"rendered":"<ul>\n<li>Integrado y f\u00e1cil de implementar<\/li>\n<li>Trabaje de forma m\u00e1s inteligente con la automatizaci\u00f3n<\/li>\n<li>Gesti\u00f3n de la nube a su alcance<\/li>\n<li>7 km Radio de operaci\u00f3n<\/li>\n<li>Carga r\u00e1pida para un tiempo de inactividad m\u00ednimo<\/li>\n<li>-35 \u2103 a 50 \u2103 Temperatura de funcionamiento<\/li>\n<li>Soporte para implementaci\u00f3n privada<\/li>\n<li>Computaci\u00f3n de borde abierto<\/li>\n<\/ul>\n<p class=\"style__headline___1ripS style__headline-text___1tW5r\" data-aos=\"none\" data-aos-once=\"true\"><strong>Una nueva visi\u00f3n del trabajo remoto<\/strong><\/p>\n<p class=\"style__headline___1ripS style__headline-text___1tW5r\" data-aos=\"none\" data-aos-once=\"true\"><strong>Control completo de la nube: <\/strong>Con FlightHub 2, desbloquea la funcionalidad completa de DJI Dock desde la nube.\u00a0Programe misiones, cree y edite rutas de vuelo y administre los datos recopilados.<\/p>\n<div class=\"style__tab-item___2XPNc \" data-ga-label=\"all-0-tab-button\">\n<p>Conciencia en tiempo real: Transmite en vivo en alta definici\u00f3n en cualquier momento para controlar tu DJI Dock o tu dron.<\/p>\n<p>Planificaci\u00f3n de la misi\u00f3n: Planifique rutas de vuelo complejas de forma remota a trav\u00e9s de FlightHub 2.<\/p>\n<div class=\"style__tab-item___2XPNc \" data-ga-label=\"all-1-tab-button\">\n<div>Gesti\u00f3n de planes de vuelo: Edite, administre y env\u00ede rutas de vuelo a sus bases DJI y<br \/>\nrealice un seguimiento del progreso y los resultados del vuelo.<\/div>\n<div><\/div>\n<div>\n<div class=\"style__tab-item___2XPNc \" data-ga-label=\"all-3-tab-button\">\n<div>Gesti\u00f3n y almacenamiento de medios: Revise las im\u00e1genes, v\u00eddeos, mapas y panoramas geoetiquetados recopilados por sus drones.\u00a0Los datos recopilados por sus drones se pueden cargar y almacenar autom\u00e1ticamente para su uso posterior.<\/div>\n<div><\/div>\n<\/div>\n<div>Operaci\u00f3n y mantenimiento\u00a0integrales: Supervise la salud y el estado de sus DJI Docks y drones, todo de forma remota desde la nube.<\/div>\n<\/div>\n<div>\n<p class=\"style__headline___1ripS style__headline-text___1tW5r\" data-aos=\"none\" data-aos-once=\"true\"><strong>Carga r\u00e1pida, respuesta r\u00e1pida<\/strong><\/p>\n<p class=\"style__description___2V1Q7\" data-aos=\"none\" data-aos-once=\"true\">Carga y despegue r\u00e1pido gracias al aire acondicionado TEC que enfr\u00eda las bater\u00edas del dron, permitiendo una carga del 10 al 90% en solo 25 minutos.<\/p>\n<div style=\"width: 1136px;\" class=\"wp-video\"><!--[if lt IE 9]><script>document.createElement('video');<\/script><![endif]-->\n<video class=\"wp-video-shortcode\" id=\"video-24834-1\" width=\"1136\" height=\"639\" preload=\"metadata\" controls=\"controls\"><source type=\"video\/mp4\" src=\"https:\/\/kpn.com.uy\/web\/wp-content\/uploads\/2023\/10\/954e2cbd-43f4-45f6-ba6c-c75a64f481ae.mp4?_=1\" \/><a href=\"https:\/\/kpn.com.uy\/web\/wp-content\/uploads\/2023\/10\/954e2cbd-43f4-45f6-ba6c-c75a64f481ae.mp4\">https:\/\/kpn.com.uy\/web\/wp-content\/uploads\/2023\/10\/954e2cbd-43f4-45f6-ba6c-c75a64f481ae.mp4<\/a><\/video><\/div>\n<\/div>\n<\/div>\n<\/div>\n<div><\/div>\n<div>\n<p class=\"style__headline___1ripS style__headline-text___1tW5r\" data-aos=\"none\" data-aos-once=\"true\"><strong>Una potente soluci\u00f3n industrial:<\/strong><\/p>\n<p class=\"style__headline___1ripS style__headline-text___1tW5r\" data-aos=\"none\" data-aos-once=\"true\">D\u00eda o noche, lluvia o sol: Las bases DJI est\u00e1n dise\u00f1adas para resistir los elementos, para que usted no tenga que hacerlo.<\/p>\n<\/div>\n<div class=\"style__tab-item___2XPNc \" data-ga-label=\"all-0-tab-button\">\n<div class=\"style__tab-item___2XPNc \" data-ga-label=\"all-1-tab-button\">\n<div>\n<div class=\"style__tab-item___2XPNc \" data-ga-label=\"all-4-tab-button\">IP55: Protecci\u00f3n de ingreso<\/div>\n<div data-ga-label=\"all-4-tab-button\">-35 \u2103 a 50 \u2103: Temperatura de funcionamiento<\/div>\n<div data-ga-label=\"all-4-tab-button\">40kA: Protecci\u00f3n contra sobretensiones<\/div>\n<div data-ga-label=\"all-4-tab-button\">5 horas: Bater\u00eda de respaldo<\/div>\n<div data-ga-label=\"all-4-tab-button\">Control activo de temperatura: Para una carga r\u00e1pida y seguridad de los drones<\/div>\n<div data-ga-label=\"all-4-tab-button\">6 meses: Intervalo de mantenimiento<\/div>\n<\/div>\n<div data-ga-label=\"all-4-tab-button\">\n<p class=\"style__headline___1ripS style__headline-text___1tW5r\" data-aos=\"none\" data-aos-once=\"true\"><strong>Versi\u00f3n de base serie Matrice 30<\/strong><\/p>\n<p class=\"style__headline___1GB_U\" data-aos=\"none\" data-aos-once=\"true\"><strong>Operaciones sin parar:<\/strong> La versi\u00f3n de base de la serie M30 ofrece un rendimiento de nivel emblem\u00e1tico con una resistencia m\u00e1xima al viento de 12 m\/s y una clasificaci\u00f3n IP55.<\/p>\n<div style=\"width: 1136px;\" class=\"wp-video\"><video class=\"wp-video-shortcode\" id=\"video-24834-2\" width=\"1136\" height=\"639\" preload=\"metadata\" controls=\"controls\"><source type=\"video\/webm\" src=\"https:\/\/kpn.com.uy\/web\/wp-content\/uploads\/2023\/10\/31ad4a17-295e-4350-bfc3-b0ea7bbc86b1.webm?_=2\" \/><a href=\"https:\/\/kpn.com.uy\/web\/wp-content\/uploads\/2023\/10\/31ad4a17-295e-4350-bfc3-b0ea7bbc86b1.webm\">https:\/\/kpn.com.uy\/web\/wp-content\/uploads\/2023\/10\/31ad4a17-295e-4350-bfc3-b0ea7bbc86b1.webm<\/a><\/video><\/div>\n<p class=\"style__headline___1GB_U\" data-aos=\"none\" data-aos-once=\"true\"><strong>Cobertura de \u00e1rea amplia: <\/strong>Completamente cargado, el M30 vuela durante 40 minutos\u00a0\u00a0y puede realizar misiones e inspecciones hasta a 7 km<br \/>\ndel muelle.<\/p>\n<div style=\"width: 1136px;\" class=\"wp-video\"><video class=\"wp-video-shortcode\" id=\"video-24834-3\" width=\"1136\" height=\"639\" preload=\"metadata\" controls=\"controls\"><source type=\"video\/webm\" src=\"https:\/\/kpn.com.uy\/web\/wp-content\/uploads\/2023\/10\/7c701f5c-daf0-437a-809d-e2ed54bd45bd.webm?_=3\" \/><a href=\"https:\/\/kpn.com.uy\/web\/wp-content\/uploads\/2023\/10\/7c701f5c-daf0-437a-809d-e2ed54bd45bd.webm\">https:\/\/kpn.com.uy\/web\/wp-content\/uploads\/2023\/10\/7c701f5c-daf0-437a-809d-e2ed54bd45bd.webm<\/a><\/video><\/div>\n<p><strong>Detalles del objetivo a su alcance:<\/strong> La versi\u00f3n base de la serie M30 integra c\u00e1maras gran angular, con zoom y t\u00e9rmicas (solo M30T) con un tel\u00e9metro l\u00e1ser, que en conjunto pueden capturar los datos a\u00e9reos que necesita, cuando los necesita.<\/p>\n<\/div>\n<div data-ga-label=\"all-4-tab-button\">\n<div style=\"width: 1136px;\" class=\"wp-video\"><video class=\"wp-video-shortcode\" id=\"video-24834-4\" width=\"1136\" height=\"639\" preload=\"metadata\" controls=\"controls\"><source type=\"video\/webm\" src=\"https:\/\/kpn.com.uy\/web\/wp-content\/uploads\/2023\/10\/7c701f5c-daf0-437a-809d-e2ed54bd45bd-1.webm?_=4\" \/><a href=\"https:\/\/kpn.com.uy\/web\/wp-content\/uploads\/2023\/10\/7c701f5c-daf0-437a-809d-e2ed54bd45bd-1.webm\">https:\/\/kpn.com.uy\/web\/wp-content\/uploads\/2023\/10\/7c701f5c-daf0-437a-809d-e2ed54bd45bd-1.webm<\/a><\/video><\/div>\n<h4 class=\"style__headline___1ripS style__headline-text___1tW5r\" data-aos=\"none\" data-aos-once=\"true\">Configuraci\u00f3n sencilla<\/h4>\n<p class=\"style__description___2V1Q7\" data-aos=\"none\" data-aos-once=\"true\">Un DJI Dock pesa menos de 105 kg y ocupa menos de 1 metro cuadrado.\u00a0La configuraci\u00f3n solo requiere fijaci\u00f3n a tierra, acceso a energ\u00eda e Internet y una configuraci\u00f3n r\u00e1pida a trav\u00e9s del control remoto DJI RC Plus.<\/p>\n<h4 class=\"style__headline___1ripS style__headline-text___1tW5r\" data-aos=\"none\" data-aos-once=\"true\">Dise\u00f1o integrado<\/h4>\n<p class=\"style__description___2V1Q7\" data-aos=\"none\" data-aos-once=\"true\">Los DJI Docks est\u00e1n equipados con hardware altamente integrado, lo que mejora la funcionalidad.<\/p>\n<p class=\"style__item-title___1Ig0D\"><strong>C\u00e1mara de seguridad gran angular<\/strong><\/p>\n<p class=\"style__item-title___1Ig0D\"><strong>Estaci\u00f3n meteorol\u00f3gica integrada<\/strong><\/p>\n<p class=\"style__item-title___1Ig0D\"><strong>Antena omnidireccional interna<\/strong><\/p>\n<p class=\"style__item-title___1Ig0D\"><strong>M\u00f3dulo RTK<\/strong><\/p>\n<p class=\"style__item-title___1Ig0D\"><strong>Ranura de expansi\u00f3n de computaci\u00f3n perimetral<\/strong><\/p>\n<div style=\"width: 1136px;\" class=\"wp-video\"><video class=\"wp-video-shortcode\" id=\"video-24834-5\" width=\"1136\" height=\"1136\" preload=\"metadata\" controls=\"controls\"><source type=\"video\/mp4\" src=\"https:\/\/kpn.com.uy\/web\/wp-content\/uploads\/2023\/10\/0c91f84e-4b43-4c33-aadb-308155d60aa0.mp4?_=5\" \/><a href=\"https:\/\/kpn.com.uy\/web\/wp-content\/uploads\/2023\/10\/0c91f84e-4b43-4c33-aadb-308155d60aa0.mp4\">https:\/\/kpn.com.uy\/web\/wp-content\/uploads\/2023\/10\/0c91f84e-4b43-4c33-aadb-308155d60aa0.mp4<\/a><\/video><\/div>\n<p class=\"style__headline___1ripS style__headline-text___1tW5r\" data-aos=\"none\" data-aos-once=\"true\"><strong>Mantenimiento modular: <\/strong>El dise\u00f1o modular de los componentes principales simplifica el mantenimiento.<\/p>\n<div style=\"width: 1136px;\" class=\"wp-video\"><video class=\"wp-video-shortcode\" id=\"video-24834-6\" width=\"1136\" height=\"639\" preload=\"metadata\" controls=\"controls\"><source type=\"video\/mp4\" src=\"https:\/\/kpn.com.uy\/web\/wp-content\/uploads\/2023\/10\/c77946ce-ec24-42dd-9e05-7fcb00788332.mp4?_=6\" \/><a href=\"https:\/\/kpn.com.uy\/web\/wp-content\/uploads\/2023\/10\/c77946ce-ec24-42dd-9e05-7fcb00788332.mp4\">https:\/\/kpn.com.uy\/web\/wp-content\/uploads\/2023\/10\/c77946ce-ec24-42dd-9e05-7fcb00788332.mp4<\/a><\/video><\/div>\n<h5 class=\"style__headline___1ripS style__headline-text___1tW5r\" data-aos=\"none\" data-aos-once=\"true\">Dise\u00f1o altamente actualizable<\/h5>\n<p class=\"style__headline___1ripS style__connect-pic___26ccD style__headline-text___1tW5r\" data-aos=\"none\" data-aos-once=\"true\"><strong>Implementaci\u00f3n privada:<\/strong>Cloud API abre la funcionalidad Dock a desarrolladores e integradores de sistemas, quienes pueden configurar un servidor privado personalizado.<\/p>\n<p class=\"style__headline___1ripS style__connect-pic___26ccD style__headline-text___1tW5r\" data-aos=\"none\" data-aos-once=\"true\"><strong>Computaci\u00f3n de borde: <\/strong>Los DJI Docks tienen ranuras de expansi\u00f3n inform\u00e1tica de vanguardia que permiten el preprocesamiento de archivos multimedia y m\u00e1s para mejorar a\u00fan m\u00e1s la eficiencia operativa.<\/p>\n<div id=\"39711\" class=\"section-content\" data-hydration-on-demand=\"true\" data-ga-category=\"enterprise\/dock_39711\">\n<div class=\"atom-component\" tabindex=\"0\" role=\"button\">\n<div class=\"atom-design-v1 style__hero-vertical-component___2JEHR\">\n<div id=\"\" class=\"style__hero-vertical-wrapper___2mUEj\">\n<div class=\"style__vertical-card-list___LceQJ style__vertical-center-align___39Pu3\" data-aos=\"none\" data-aos-once=\"true\">\n<div class=\"style__vertical-card-col___3agtC\">\n<div class=\"atom-design-v1 style__hero-vertical-card___2B64y\">\n<div class=\"style__card-wrapper___3yqfZ style__vertical-center-align___3RP93 style__horizontal-center-align___YtBVc\" tabindex=\"0\" role=\"button\" data-ga-label=\"\">\n<div class=\"style__card-container___KPQkl style__size-xxxxl___3ItPZ\">\n<div class=\"style__text-content-container___1aLKY\">\n<h4 class=\"style__headline___1ripS style__headline-text___1tW5r\" data-aos=\"none\" data-aos-once=\"true\">Paquete de base DJI<\/h4>\n<\/div>\n<\/div>\n<\/div>\n<\/div>\n<\/div>\n<\/div>\n<\/div>\n<\/div>\n<\/div>\n<\/div>\n<div id=\"39716\" class=\"section-content\" data-hydration-on-demand=\"true\" data-ga-category=\"enterprise\/dock_39716\">\n<div class=\"atom-component\" tabindex=\"0\" role=\"button\">\n<div class=\"atom-design-v1 style__hero-vertical-component___2JEHR\">\n<div id=\"\" class=\"style__hero-vertical-wrapper___2mUEj\">\n<div class=\"style__vertical-card-list___LceQJ style__vertical-center-align___39Pu3\" data-aos=\"none\" data-aos-once=\"true\">\n<div class=\"atom-design-v1 style__hero-vertical-card___2B64y\">\n<div class=\"style__card-wrapper___3yqfZ style__vertical-center-align___3RP93 style__horizontal-center-align___YtBVc\" tabindex=\"0\" role=\"button\" data-ga-label=\"\">\n<div class=\"style__card-container___KPQkl style__size-xxxxl___3ItPZ\">\n<div class=\"style__text-content-container___1aLKY\">\n<h3 class=\"style__subhead___qRMqE\" data-aos=\"none\" data-aos-once=\"true\">Versi\u00f3n de base M30<\/h3>\n<\/div>\n<\/div>\n<\/div>\n<\/div>\n<div class=\"style__vertical-card-col___3agtC\">\n<div class=\"atom-design-v1 style__hero-vertical-card___2B64y\">\n<div class=\"style__card-wrapper___3yqfZ style__vertical-center-align___3RP93 style__horizontal-center-align___YtBVc\" tabindex=\"0\" role=\"button\" data-ga-label=\"\">\n<div class=\"style__card-container___KPQkl style__size-xxxxl___3ItPZ\">\n<div class=\"style__text-content-container___1aLKY\">\n<h4 class=\"style__subhead___qRMqE\" data-aos=\"none\" data-aos-once=\"true\">Versi\u00f3n de base M30T<\/h4>\n<\/div>\n<\/div>\n<\/div>\n<\/div>\n<\/div>\n<\/div>\n<\/div>\n<\/div>\n<\/div>\n<\/div>\n<\/div>\n<\/div>\n<\/div>\n","protected":false},"excerpt":{"rendered":"<p>Las bases DJI son resistentes, confiables y est\u00e1n dise\u00f1adas para funcionar las 24 horas del d\u00eda, los 7 d\u00edas de la semana, de d\u00eda o de noche, llueva o haga sol.<br \/>\nCada DJI Dock alberga un Matrice 30 donde aterriza, recarga, despega y ejecuta misiones programadas en DJI FlightHub 2.<\/p>\n","protected":false},"featured_media":24842,"template":"","meta":{"_exactmetrics_skip_tracking":false,"_exactmetrics_sitenote_active":false,"_exactmetrics_sitenote_note":"","_exactmetrics_sitenote_category":0,"_monsterinsights_skip_tracking":false,"_monsterinsights_sitenote_active":false,"_monsterinsights_sitenote_note":"","_monsterinsights_sitenote_category":0},"product_brand":[],"product_cat":[302],"product_tag":[],"class_list":{"0":"post-24834","1":"product","2":"type-product","3":"status-publish","4":"has-post-thumbnail","6":"product_cat-dji","8":"first","9":"instock","10":"shipping-taxable","11":"product-type-simple","12":"col-xxl","13":"col-xl-4","14":"col-lg-6","15":"col-sm-6"},"_links":{"self":[{"href":"https:\/\/kpn.com.uy\/web\/wp-json\/wp\/v2\/product\/24834","targetHints":{"allow":["GET"]}}],"collection":[{"href":"https:\/\/kpn.com.uy\/web\/wp-json\/wp\/v2\/product"}],"about":[{"href":"https:\/\/kpn.com.uy\/web\/wp-json\/wp\/v2\/types\/product"}],"wp:featuredmedia":[{"embeddable":true,"href":"https:\/\/kpn.com.uy\/web\/wp-json\/wp\/v2\/media\/24842"}],"wp:attachment":[{"href":"https:\/\/kpn.com.uy\/web\/wp-json\/wp\/v2\/media?parent=24834"}],"wp:term":[{"taxonomy":"product_brand","embeddable":true,"href":"https:\/\/kpn.com.uy\/web\/wp-json\/wp\/v2\/product_brand?post=24834"},{"taxonomy":"product_cat","embeddable":true,"href":"https:\/\/kpn.com.uy\/web\/wp-json\/wp\/v2\/product_cat?post=24834"},{"taxonomy":"product_tag","embeddable":true,"href":"https:\/\/kpn.com.uy\/web\/wp-json\/wp\/v2\/product_tag?post=24834"}],"curies":[{"name":"wp","href":"https:\/\/api.w.org\/{rel}","templated":true}]}}