{"id":24963,"date":"2024-05-29T13:47:44","date_gmt":"2024-05-29T16:47:44","guid":{"rendered":"https:\/\/kpn.com.uy\/web\/?post_type=product&#038;p=24963"},"modified":"2024-05-29T13:47:44","modified_gmt":"2024-05-29T16:47:44","slug":"escaner-lidar-de-mano-3d-fjd-trion-p1","status":"publish","type":"product","link":"https:\/\/kpn.com.uy\/web\/producto\/escaner-lidar-de-mano-3d-fjd-trion-p1\/","title":{"rendered":"Esc\u00e1ner LiDAR de mano 3D FJD Trion P1"},"content":{"rendered":"<h4>Caracter\u00edsticas principales:<\/h4>\n<p>&#8211; La potente tecnolog\u00eda SLAM permite que el P1 funcione bajo de luz solar, en la noche, y los lugares que pueden ser inaccesibles con los m\u00e9todos tradicionales. \/ En cualquier lugar<br \/>\n&#8211; El peso de P1 solo 1 kg o un poco m\u00e1s de 2 libras, puede poner en una bolsa de mensajero y puede funcionar todo el d\u00eda con sencillos cambios de bater\u00eda, recreando su entorno en minutos. \/ Compacto<br \/>\n&#8211; Escaneo en nube de puntos<\/p>\n<h4>Captura f\u00e1cil de la realidad<\/h4>\n<p class=\"sc-hOGkXu fXbcZH pf-449_ pf-heading-1-h3\" data-pf-type=\"Heading2\"><strong>Interior, exterior, subterr\u00e1neo, todo el d\u00eda:<\/strong> Donde quiera que vaya, el esc\u00e1ner de planos de planta 3D P1 puede capturar lo que ve. Mapee el entorno con detalles intrincados dentro y fuera, desde arquitectura ornamentada hasta infraestructura oculta, desde evidencia forense hasta an\u00e1lisis de vegetaci\u00f3n urbana. La potente tecnolog\u00eda SLAM permite que el P1 funcione bajo la luz solar directa o incluso de noche.<\/p>\n<p data-pf-type=\"Heading2\"><img decoding=\"async\" src=\"https:\/\/cdn.shopify.com\/s\/files\/1\/0552\/3744\/3745\/files\/All_Day_Long_500x.jpg?v=1711616013\" alt=\"Todo el d\u00eda.jpg__PID:3c15da0a-985a-492d-9a53-e7ef7d38c898\" \/><\/p>\n<div class=\"pf-c\">\n<div class=\"sc-dkYRCH jKtCIg pf-454_\" data-pf-type=\"Column\">\n<p class=\"sc-hOGkXu fXbcZH pf-455_ pf-heading-1-h3\" data-pf-type=\"Heading2\"><strong>Compacto pero poderoso: <\/strong><span>Elige el FJD Trion P1 cuando quieras observar m\u00e1s de cerca tu mundo. Con un peso de solo 1,15 kg o un poco m\u00e1s de 2 libras, el esc\u00e1ner LiDAR 3D P1 cabe en una bolsa de mensajero y puede funcionar todo el d\u00eda con un sencillo cambio de bater\u00eda, recreando su entorno en minutos con el escaneo LiDAR 3D.<\/span><\/p>\n<\/div>\n<\/div>\n<div class=\"pf-c\"><img decoding=\"async\" src=\"https:\/\/cdn.shopify.com\/s\/files\/1\/0552\/3744\/3745\/files\/Compact_500x.jpg?v=1711619479\" alt=\"Compacto.jpg__PID:6b8c7c54-21b8-46c0-8f8a-a64c6e6a064c\" \/><\/div>\n<div>\n<p class=\"sc-hOGkXu fXbcZH pf-465_ pf-heading-1-h3\" data-pf-type=\"Heading2\"><strong><span class=\"\">Precisi\u00f3n confiable: <\/span><\/strong>El esc\u00e1ner l\u00e1ser 3D port\u00e1til FJD Trion P1, combinado con hasta 2 cm de precisi\u00f3n relativa, proporciona resultados de escaneo LiDAR 3D que son m\u00e1s precisos, complejos y realistas que nunca<\/p>\n<p class=\"sc-hOGkXu fXbcZH pf-471_ pf-heading-1-h3\" data-pf-type=\"Heading2\"><strong>Gama incre\u00edble: <\/strong><span>Con la capacidad de capturar datos 3D desde una distancia de hasta 40 metros con un nivel de reflectividad del 10%, Trion P1 ofrece una experiencia de visualizaci\u00f3n que da vida a los datos escaneados en tiempo real mediante el uso de una nube de puntos.<\/span><\/p>\n<\/div>\n<p class=\"sc-dtMgUX eyUPwo pf-491_ pf-text-1\" data-pf-type=\"Paragraph3\">\n<p>&nbsp;<\/p>\n","protected":false},"excerpt":{"rendered":"<p>Esc\u00e1ner l\u00e1ser port\u00e1til liviano con tecnolog\u00eda SLAM para capturar f\u00e1cilmente la realidad. Escanea entornos mientras caminas y crea modelos 3D, planos de planta y BIM. Con una bater\u00eda de agarre interna, permite una distribuci\u00f3n m\u00e1s equilibrada del peso, lo que no s\u00f3lo mejora la experiencia de uso general sino que tambi\u00e9n se ajusta a los principios ergon\u00f3micos.<\/p>\n<p><img fetchpriority=\"high\" decoding=\"async\" class=\"alignnone wp-image-24967\" src=\"https:\/\/kpn.com.uy\/web\/wp-content\/uploads\/2024\/05\/Diseno-sin-titulo-1.png\" alt=\"\" width=\"559\" height=\"559\" \/><\/p>\n","protected":false},"featured_media":24966,"template":"","meta":{"_exactmetrics_skip_tracking":false,"_exactmetrics_sitenote_active":false,"_exactmetrics_sitenote_note":"","_exactmetrics_sitenote_category":0,"_monsterinsights_skip_tracking":false,"_monsterinsights_sitenote_active":false,"_monsterinsights_sitenote_note":"","_monsterinsights_sitenote_category":0},"product_brand":[],"product_cat":[297,263,384],"product_tag":[],"class_list":{"0":"post-24963","1":"product","2":"type-product","3":"status-publish","4":"has-post-thumbnail","6":"product_cat-bim","7":"product_cat-escaner-3d","8":"product_cat-fjd","10":"first","11":"instock","12":"shipping-taxable","13":"product-type-simple","14":"col-xxl","15":"col-xl-4","16":"col-lg-6","17":"col-sm-6"},"_links":{"self":[{"href":"https:\/\/kpn.com.uy\/web\/wp-json\/wp\/v2\/product\/24963","targetHints":{"allow":["GET"]}}],"collection":[{"href":"https:\/\/kpn.com.uy\/web\/wp-json\/wp\/v2\/product"}],"about":[{"href":"https:\/\/kpn.com.uy\/web\/wp-json\/wp\/v2\/types\/product"}],"wp:featuredmedia":[{"embeddable":true,"href":"https:\/\/kpn.com.uy\/web\/wp-json\/wp\/v2\/media\/24966"}],"wp:attachment":[{"href":"https:\/\/kpn.com.uy\/web\/wp-json\/wp\/v2\/media?parent=24963"}],"wp:term":[{"taxonomy":"product_brand","embeddable":true,"href":"https:\/\/kpn.com.uy\/web\/wp-json\/wp\/v2\/product_brand?post=24963"},{"taxonomy":"product_cat","embeddable":true,"href":"https:\/\/kpn.com.uy\/web\/wp-json\/wp\/v2\/product_cat?post=24963"},{"taxonomy":"product_tag","embeddable":true,"href":"https:\/\/kpn.com.uy\/web\/wp-json\/wp\/v2\/product_tag?post=24963"}],"curies":[{"name":"wp","href":"https:\/\/api.w.org\/{rel}","templated":true}]}}