{"id":24968,"date":"2024-05-29T14:15:14","date_gmt":"2024-05-29T17:15:14","guid":{"rendered":"https:\/\/kpn.com.uy\/web\/?post_type=product&#038;p=24968"},"modified":"2024-05-30T10:00:34","modified_gmt":"2024-05-30T13:00:34","slug":"escaner-lidar-3d-fjd-trion-s1","status":"publish","type":"product","link":"https:\/\/kpn.com.uy\/web\/producto\/escaner-lidar-3d-fjd-trion-s1\/","title":{"rendered":"ESC\u00c1NER LIDAR 3D FJD TRION S1"},"content":{"rendered":"<section class=\"s_title_text_image_wrapper fj_snippets o_colored_level pb0\" data-snippet=\"s_title_text_image\" data-name=\"Title Text Image\">\n<div class=\"container\">\n<div class=\"row\">\n<div class=\"col o_colored_level\">\n<div class=\"row\">\n<div class=\"col o_colored_level\">\n<p><img fetchpriority=\"high\" decoding=\"async\" class=\"alignnone wp-image-24972\" src=\"https:\/\/kpn.com.uy\/web\/wp-content\/uploads\/2024\/05\/Diseno-sin-titulo-4.png\" alt=\"\" width=\"457\" height=\"457\" \/><\/p>\n<p>Listo, configurado, escanear<br \/>\n&#8211; Precisi\u00f3n confiable: Escanee un \u00e1rea de 100 m\u00b2\/1000 pies cuadrados en solo 2 minutos y obtenga 2 cm<br \/>\nde precisi\u00f3n relativa con modelos de reconstrucci\u00f3n posprocesados.<br \/>\n&#8211; Medici\u00f3n de largo alcance: El S1 cuenta con tecnolog\u00eda de escaneo 3D LiDAR incorporada, que le permite<br \/>\ncapturar mediciones precisas de objetos y formas complejas en varias dimensiones, generando modelos 3D en un solo escaneo.<br \/>\n&#8211; Bater\u00eda dual para misiones sin parar: S1 utiliza bater\u00edas duales intercambiables en caliente para garantizar un suministro de energ\u00eda ininterrumpido. Ambas bater\u00edas proporcionan 4 horas de funcionamiento.<br \/>\n&#8211; Explora m\u00faltiples configuraciones: Utilice FJD Trion S1 en entornos interiores, exteriores y subterr\u00e1neos, incluso en el cielo con drones, ya que es liviano y port\u00e1til.<\/p>\n<h5 class=\"title\">Opci\u00f3n avanzada<\/h5>\n<\/div>\n<\/div>\n<div class=\"row\">\n<div class=\"col desc o_colored_level\">Mejore sus capacidades de escaneo con el FJD Trion S1 PRO, una versi\u00f3n avanzada del S1.Basado en el dise\u00f1o liviano y port\u00e1til del S1, el S1 Pro ofrece a\u00fan mayor precisi\u00f3n y eficiencia con su hardware actualizado.<\/div>\n<div><img decoding=\"async\" class=\"alignnone wp-image-24970\" src=\"https:\/\/kpn.com.uy\/web\/wp-content\/uploads\/2024\/05\/Diseno-sin-titulo-2.png\" alt=\"\" width=\"352\" height=\"352\" srcset=\"https:\/\/kpn.com.uy\/web\/wp-content\/uploads\/2024\/05\/Diseno-sin-titulo-2.png 1080w, https:\/\/kpn.com.uy\/web\/wp-content\/uploads\/2024\/05\/Diseno-sin-titulo-2-100x100.png 100w, https:\/\/kpn.com.uy\/web\/wp-content\/uploads\/2024\/05\/Diseno-sin-titulo-2-500x500.png 500w, https:\/\/kpn.com.uy\/web\/wp-content\/uploads\/2024\/05\/Diseno-sin-titulo-2-401x401.png 401w, https:\/\/kpn.com.uy\/web\/wp-content\/uploads\/2024\/05\/Diseno-sin-titulo-2-480x480.png 480w, https:\/\/kpn.com.uy\/web\/wp-content\/uploads\/2024\/05\/Diseno-sin-titulo-2-640x640.png 640w, https:\/\/kpn.com.uy\/web\/wp-content\/uploads\/2024\/05\/Diseno-sin-titulo-2-92x92.png 92w, https:\/\/kpn.com.uy\/web\/wp-content\/uploads\/2024\/05\/Diseno-sin-titulo-2-842x842.png 842w, https:\/\/kpn.com.uy\/web\/wp-content\/uploads\/2024\/05\/Diseno-sin-titulo-2-200x200.png 200w, https:\/\/kpn.com.uy\/web\/wp-content\/uploads\/2024\/05\/Diseno-sin-titulo-2-300x300.png 300w\" sizes=\"(max-width: 352px) 100vw, 352px\" \/><\/div>\n<\/div>\n<\/div>\n<\/div>\n<\/div>\n<\/section>\n<section class=\"s_responsive_image_wrapper fj_snippets o_colored_level pb0 d-md-block d-none o_snippet_mobile_invisible pt24\" data-snippet=\"s_responsive_image\" data-name=\"Responsive Image\">\n<div class=\"container\">\n<div class=\"row\">\n<h4 class=\"title\">Soluci\u00f3n completa de nube de puntos<\/h4>\n<\/div>\n<h3 class=\"img-wrap-h3\">FJD Trion Scan<\/h3>\n<p class=\"img-wrap-h4\">Software de visualizaci\u00f3n de nubes de puntos en tiempo real<\/p>\n<div class=\"img-desc\">\n<p title=\"\" data-original-title=\"\" aria-describedby=\"tooltip474201\">Mejore su experiencia de escaneo con el software FJD Trion Scan. Esta herramienta de visualizaci\u00f3n en tiempo real puede ayudarlo a monitorear el proceso de escaneo y as\u00ed garantizar una captura completa de datos en un solo escaneo.<br \/>\n<a title=\"\" href=\"https:\/\/play.google.com\/store\/apps\/details?id=com.lidar.fjd\" target=\"_blank\" rel=\"noopener\" data-original-title=\"\"><img decoding=\"async\" class=\"img-fluid o_we_custom_image\" title=\"FJD Trion Scan APP is used to connect and use the 3D laser scanner product developed by Fengjiang Intelligent Technology Co., Ltd. It can use a handheld scanner to perform scanning tasks, display point cloud data in real time, manage project files in the scanner, and update Firmware version, etc.\" src=\"https:\/\/www-fjdynamics-com.azureedge.net\/web\/image\/146253-98210920\/google-play-badge.png\" alt=\"FJD Trion Scan APP is used to connect and use the 3D laser scanner product developed by Fengjiang Intelligent Technology Co., Ltd. It can use a handheld scanner to perform scanning tasks, display point cloud data in real time, manage project files in the scanner, and update Firmware version, etc.\" width=\"135\" height=\"40\" data-original-title=\"\" aria-describedby=\"tooltip975468\" data-original-id=\"146253\" data-original-src=\"\/web\/image\/146253-98210920\/google-play-badge.png\" data-mimetype=\"image\/png\" \/><\/a><a title=\"\" href=\"https:\/\/apps.apple.com\/ca\/app\/fjd-trion-scan\/id6471658702\" target=\"_blank\" rel=\"noopener\" data-original-title=\"\"><img decoding=\"async\" class=\"img-fluid o_we_custom_image\" title=\"FJD Trion Scan APP is used to connect and use the 3D laser scanner product developed by Fengjiang Intelligent Technology Co., Ltd. It can use a handheld scanner to perform scanning tasks, display point cloud data in real time, manage project files in the scanner, and update Firmware version, etc.\" src=\"https:\/\/www-fjdynamics-com.azureedge.net\/web\/image\/146254-2f2fe1cb\/Download_on_the_App_Store_Badge_US-UK_RGB_blk_092917.svg\" alt=\"FJD Trion Scan APP is used to connect and use the 3D laser scanner product developed by Fengjiang Intelligent Technology Co., Ltd. It can use a handheld scanner to perform scanning tasks, display point cloud data in real time, manage project files in the scanner, and update Firmware version, etc.\" data-original-title=\"\" aria-describedby=\"tooltip895450\" data-original-id=\"146254\" data-original-src=\"\/web\/image\/146254-2f2fe1cb\/Download_on_the_App_Store_Badge_US-UK_RGB_blk_092917.svg\" data-mimetype=\"image\/svg+xml\" \/>\u00a0<\/a><\/p>\n<h3 class=\"img-wrap-h3 \">FJD Trion Model<\/h3>\n<p class=\"img-wrap-h4\">Software de procesamiento de nubes de puntos<\/p>\n<div class=\"img-desc\" title=\"\" data-original-title=\"\" aria-describedby=\"tooltip651344\">\n<p>FJD Trion Model es una solucion de precesamiento de nubes de puntos basada en PC que le puede lograr la eliminacion de ruido, clasificaci\u00f3n y m\u00e1s. Los m\u00f3dulos espec\u00edficos de la industria permiten resultados r\u00e1pidos y fluidos para planos de planta para construcci\u00f3n, segmentaci\u00f3n de \u00e1rboles para silvicultura, etc.<\/p>\n<\/div>\n<div title=\"\" data-original-title=\"\" aria-describedby=\"tooltip651344\">Escaners FJD permiten estos softwares:<br \/>\n&#8211; FJD Trion Scan: Software de visualizaci\u00f3n de nubes de puntos en tiempo real<br \/>\nMejore su experiencia de escaneo con el software FJD Trion Scan. Esta herramienta de visualizaci\u00f3n en tiempo real puede ayudarlo a monitorear el proceso de escaneo y as\u00ed garantizar una captura completa de datos en un solo escaneo.<br \/>\n&#8211; FJD Trion Model: Software de procesamiento de nubes de puntos<br \/>\nFJD Trion Model: es una soluci\u00f3n de procesamiento de nubes de puntos basada en PC que le puede lograr la eliminaci\u00f3n de ruido, clasificaci\u00f3n y m\u00e1s. Los m\u00f3dulos espec\u00edficos de la industria permiten resultados r\u00e1pidos y fluidos para planos de planta para construcci\u00f3n, segmentaci\u00f3n de \u00e1rboles para silvicultura, etc.<\/div>\n<div title=\"\" data-original-title=\"\" aria-describedby=\"tooltip651344\">\n<div class=\"row\">\n<div class=\"col o_colored_level\">\n<h4 class=\"title\">Explora m\u00faltiples configuraciones<\/h4>\n<\/div>\n<\/div>\n<div class=\"row\">\n<div class=\"col desc fj_title_image_desc o_colored_level\">Utilice FJD Trion S1 en entornos interiores, exteriores y subterr\u00e1neos, incluso en el cielo con drones, ya que es liviano y port\u00e1til.<\/div>\n<div><img loading=\"lazy\" decoding=\"async\" class=\"\" src=\"https:\/\/www-fjdynamics-com.azureedge.net\/web\/image\/138640-693cb153\/handheld_new%20%281%29.png\" alt=\"Mano\" width=\"152\" height=\"270\" \/> <img loading=\"lazy\" decoding=\"async\" class=\"\" src=\"https:\/\/www-fjdynamics-com.azureedge.net\/web\/image\/138639-a786fd2b\/222%20%282%29.png\" alt=\"Mochila\" width=\"152\" height=\"269\" \/> <img loading=\"lazy\" decoding=\"async\" class=\"\" src=\"https:\/\/www-fjdynamics-com.azureedge.net\/web\/image\/138638-f5810ba7\/333.png\" alt=\"Zumbido\" width=\"153\" height=\"271\" \/> <img loading=\"lazy\" decoding=\"async\" class=\"\" src=\"https:\/\/www-fjdynamics-com.azureedge.net\/web\/image\/150720-ca336b75\/EN_20240401_FJD%20Trion%20S1%20Car%20%26%20Ship%281%29.jpg\" alt=\"Coche y barco\" width=\"153\" height=\"272\" \/><\/div>\n<\/div>\n<div>\n<div class=\"row\">\n<div class=\"col o_colored_level\">\n<h2 class=\"title\">Escenarios de aplicaci\u00f3n<\/h2>\n<\/div>\n<\/div>\n<div class=\"row\">\n<div class=\"col desc s_multiple_image_desc o_colored_level\">El S1 est\u00e1 dise\u00f1ado para escanear tanto en interiores como en exteriores, lo que lo hace perfecto para una amplia gama de escenarios.<\/div>\n<\/div>\n<div><img loading=\"lazy\" decoding=\"async\" class=\"alignnone wp-image-24971\" src=\"https:\/\/kpn.com.uy\/web\/wp-content\/uploads\/2024\/05\/Diseno-sin-titulo-3.png\" alt=\"\" width=\"551\" height=\"551\" srcset=\"https:\/\/kpn.com.uy\/web\/wp-content\/uploads\/2024\/05\/Diseno-sin-titulo-3.png 1080w, https:\/\/kpn.com.uy\/web\/wp-content\/uploads\/2024\/05\/Diseno-sin-titulo-3-100x100.png 100w, https:\/\/kpn.com.uy\/web\/wp-content\/uploads\/2024\/05\/Diseno-sin-titulo-3-500x500.png 500w, https:\/\/kpn.com.uy\/web\/wp-content\/uploads\/2024\/05\/Diseno-sin-titulo-3-401x401.png 401w, https:\/\/kpn.com.uy\/web\/wp-content\/uploads\/2024\/05\/Diseno-sin-titulo-3-480x480.png 480w, https:\/\/kpn.com.uy\/web\/wp-content\/uploads\/2024\/05\/Diseno-sin-titulo-3-640x640.png 640w, https:\/\/kpn.com.uy\/web\/wp-content\/uploads\/2024\/05\/Diseno-sin-titulo-3-92x92.png 92w, https:\/\/kpn.com.uy\/web\/wp-content\/uploads\/2024\/05\/Diseno-sin-titulo-3-842x842.png 842w, https:\/\/kpn.com.uy\/web\/wp-content\/uploads\/2024\/05\/Diseno-sin-titulo-3-200x200.png 200w, https:\/\/kpn.com.uy\/web\/wp-content\/uploads\/2024\/05\/Diseno-sin-titulo-3-300x300.png 300w\" sizes=\"(max-width: 551px) 100vw, 551px\" \/><\/div>\n<div><img loading=\"lazy\" decoding=\"async\" class=\"\" src=\"https:\/\/www-fjdynamics-com.azureedge.net\/web\/image\/140862-a9384a27\/S1-%E5%9B%BE2.jpg\" alt=\"Esta c\u00e1mara panor\u00e1mica adicional opcional proporciona informaci\u00f3n RGB y de textura a sus nubes de puntos y malla, para que pueda darle vida a m\u00e1s realidad.\" width=\"635\" height=\"357\" \/><\/div>\n<div><img loading=\"lazy\" decoding=\"async\" class=\"\" src=\"https:\/\/www-fjdynamics-com.azureedge.net\/web\/image\/140863-7a549120\/S1-%E5%9B%BE1.jpg\" alt=\"Empareje la mochila con el rover FJD Trion V1t RTK para obtener nubes de puntos georreferenciadas con precisi\u00f3n de cent\u00edmetros. Esta combinaci\u00f3n es ideal para proyectos de escaneo m\u00f3vil en exteriores sin necesidad de puntos de control externos.\" width=\"628\" height=\"353\" \/><\/div>\n<div><img loading=\"lazy\" decoding=\"async\" class=\"\" src=\"https:\/\/www-fjdynamics-com.azureedge.net\/web\/image\/149992-1ae218cb\/Accessories-Car%20Mount.jpg\" alt=\"Posibilidad de combinar el soporte para autom\u00f3vil FJD Trion con el receptor GNSS para obtener nubes de puntos georreferenciadas precisas con precisi\u00f3n centimetrica, eliminando la necesidad de puntos de control externos.\" width=\"629\" height=\"354\" \/><\/div>\n<div><img loading=\"lazy\" decoding=\"async\" class=\"\" src=\"https:\/\/www-fjdynamics-com.azureedge.net\/web\/image\/149993-65398026\/Accessories-Extension%20Pole.jpg\" alt=\"Monte su esc\u00e1ner l\u00e1ser en el poste de extensi\u00f3n para mapear espacios de dif\u00edcil acceso, como huecos de techo, comprobaciones de volumen, inspecci\u00f3n de infraestructura y an\u00e1lisis de existencias. El esc\u00e1ner LiDAR se colocar\u00e1 a una longitud m\u00e1xima de 300 cm.\" width=\"627\" height=\"353\" \/><\/div>\n<div><\/div>\n<\/div>\n<\/div>\n<\/div>\n<\/div>\n<\/section>\n","protected":false},"excerpt":{"rendered":"<div class=\"row\">\n<div class=\"col o_colored_level\">\n<h4 class=\"title\">Una nueva forma de escanear el mundo<\/h4>\n<\/div>\n<\/div>\n<div class=\"row\">\n<div class=\"col desc o_colored_level\">Impulsado por los principales algoritmos SLAM, el S1 construye su realidad a medida que escanea. Capture entornos interiores y exteriores mientras camina y observe nubes de puntos en vivo en su dispositivo m\u00f3vil. Mire c\u00f3mo su entorno cobra vida a cada paso para no perder ning\u00fan detalle.<\/div>\n<div>\n[embed]https:\/\/www.youtube.com\/watch?v=TMnwIvRV_EY[\/embed]\n<\/div>\n<\/div>\n<div><\/div>\n","protected":false},"featured_media":24973,"template":"","meta":{"_exactmetrics_skip_tracking":false,"_exactmetrics_sitenote_active":false,"_exactmetrics_sitenote_note":"","_exactmetrics_sitenote_category":0,"_monsterinsights_skip_tracking":false,"_monsterinsights_sitenote_active":false,"_monsterinsights_sitenote_note":"","_monsterinsights_sitenote_category":0},"product_brand":[],"product_cat":[297,263,384,386],"product_tag":[],"class_list":{"0":"post-24968","1":"product","2":"type-product","3":"status-publish","4":"has-post-thumbnail","6":"product_cat-bim","7":"product_cat-escaner-3d","8":"product_cat-fjd","9":"product_cat-scan-to-bim","11":"first","12":"instock","13":"shipping-taxable","14":"product-type-simple","15":"col-xxl","16":"col-xl-4","17":"col-lg-6","18":"col-sm-6"},"_links":{"self":[{"href":"https:\/\/kpn.com.uy\/web\/wp-json\/wp\/v2\/product\/24968","targetHints":{"allow":["GET"]}}],"collection":[{"href":"https:\/\/kpn.com.uy\/web\/wp-json\/wp\/v2\/product"}],"about":[{"href":"https:\/\/kpn.com.uy\/web\/wp-json\/wp\/v2\/types\/product"}],"wp:featuredmedia":[{"embeddable":true,"href":"https:\/\/kpn.com.uy\/web\/wp-json\/wp\/v2\/media\/24973"}],"wp:attachment":[{"href":"https:\/\/kpn.com.uy\/web\/wp-json\/wp\/v2\/media?parent=24968"}],"wp:term":[{"taxonomy":"product_brand","embeddable":true,"href":"https:\/\/kpn.com.uy\/web\/wp-json\/wp\/v2\/product_brand?post=24968"},{"taxonomy":"product_cat","embeddable":true,"href":"https:\/\/kpn.com.uy\/web\/wp-json\/wp\/v2\/product_cat?post=24968"},{"taxonomy":"product_tag","embeddable":true,"href":"https:\/\/kpn.com.uy\/web\/wp-json\/wp\/v2\/product_tag?post=24968"}],"curies":[{"name":"wp","href":"https:\/\/api.w.org\/{rel}","templated":true}]}}