{"id":24974,"date":"2024-05-29T14:28:25","date_gmt":"2024-05-29T17:28:25","guid":{"rendered":"https:\/\/kpn.com.uy\/web\/?post_type=product&#038;p=24974"},"modified":"2025-07-22T11:13:50","modified_gmt":"2025-07-22T14:13:50","slug":"software-sketchup","status":"publish","type":"product","link":"https:\/\/kpn.com.uy\/web\/producto\/software-sketchup\/","title":{"rendered":"Software SketchUp"},"content":{"rendered":"<p><strong>Aprovecha todo el potencial de SketchUp:<\/strong><\/p>\n<p><strong>Formas de modelar:<\/strong> Crea en aplicaciones de escritorio, web y para iPad.<br \/>\n<strong>Formas de compartir:<\/strong> Gestiona el acceso a los proyectos, haz anotaciones en los modelos y sincroniza archivos en la nube para recibir comentarios.<br \/>\n<strong>Formas de ver:<\/strong> Consigue una inmersi\u00f3n total de las partes interesadas en tu visi\u00f3n con planos en 2D,<br \/>\nrecorridos en 3D, vistas en realidad extendida y mucho m\u00e1s.<br \/>\n<strong>Empieza a modelar con facilidad: <\/strong>Lleva las ideas a la pr\u00e1ctica con herramientas f\u00e1ciles de utilizar. A medida que el dise\u00f1o va evolucionando, profundiza m\u00e1s en el ecosistema de SketchUp para dar rienda suelta a tu<br \/>\nexpresi\u00f3n creativa.<br \/>\n<strong>Acelera tu flujo de trabajo:<\/strong> Utiliza herramientas nativas para generar formas org\u00e1nicas con libertad, agregar<br \/>\nextensiones para amplificar tu proceso o recurrir a modelos predise\u00f1ados de todo el mundo<br \/>\npara ahorrar tiempo.<br \/>\n<strong>Consigue un consenso deprisa:<\/strong> Colabora con equipos en la distancia y entre dispositivos para iterar con rapidez. Cuando ya est\u00e9 todo listo para compartirlo con los dem\u00e1s, crea presentaciones convincentes con<br \/>\ntecnolog\u00eda de renderizado de vanguardia.<br \/>\n<strong>Integra la sostenibilidad:<\/strong> Ve m\u00e1s all\u00e1 ofreciendo la excelencia en el dise\u00f1o sin necesidad de repetir el trabajo. Pasa del concepto al desarrollo del modelo con la optimizaci\u00f3n de la luz diurna y los objetivos de<br \/>\ncero emisiones netas como elementos centrales de tu dise\u00f1o.<\/p>\n<p>Versiones:<br \/>\n<strong>SketchUp Go: Es un plan de suscripci\u00f3n dise\u00f1ado para trabajar desde cualquier lugar!<\/strong><\/p>\n<p>Tu suscripci\u00f3n a SketchUp Go incluye:<br \/>\n&#8211; Funcionalidad adicional en SketchUp for Web<br \/>\n&#8211; Acceso a SketchUp para iPad<br \/>\n&#8211; Visualizaci\u00f3n de realidad aumentada a trav\u00e9s de Mobile Viewer de SketchUp<br \/>\n&#8211; Acceso ilimitado a 3D Warehouse<br \/>\n&#8211; Almacenamiento en la nube ilimitado de Trimble Connect y sincronizaci\u00f3n de archivos entre dispositivos<br \/>\n&#8211; Capacidades avanzadas de importaci\u00f3n y exportaci\u00f3n de archivos<\/p>\n<p>Incluido con Go:<br \/>\n&#8211; Accede a m\u00e1s de 4 millones de modelos 3D predise\u00f1ados<br \/>\n&#8211; Visor de realidad aumentada para m\u00f3viles<br \/>\n&#8211; Almacenamiento ilimitado en la nube<br \/>\n&#8211; Visualizaci\u00f3n con casco de realidad extendida (XR)<br \/>\nSketchUp Pro:<br \/>\nTodo lo de Go m\u00e1s:<br \/>\n&#8211; Modeladores 3D para escritorio, iPad y basado en la web<br \/>\n&#8211; Documentaci\u00f3n de dise\u00f1o en 2D<br \/>\n&#8211; Ideas r\u00e1pidas en investigaci\u00f3n para dise\u00f1o<br \/>\n&#8211; Accede a plugins para ampliar la funcionalidad de SketchUp para escritorio<br \/>\nSketchUp Studio:<br \/>\nTodo lo de Pro m\u00e1s:<br \/>\n&#8211; Importar archivos de Revit a SketchUp con unos pocos clics<br \/>\n&#8211; Importador de Revit a SketchUp<br \/>\n&#8211; Modela con nubes de puntos en 3D y documenta en 2D<br \/>\n&#8211; Crea visualizaciones en tiempo real e im\u00e1genes fotorrealistas<br \/>\n&#8211; Exporta animaciones totalmente renderizadas y panor\u00e1micas de 360\u00b0<\/p>\n","protected":false},"excerpt":{"rendered":"<p class=\"heading\" data-sb-field-path=\"headline\">Crea lo que quieras: Haz realidad tus ideas con el potente e intuitivo software de dise\u00f1o de SketchUp.<\/p>\n<h5>Si desea obtener m\u00e1s informaci\u00f3n, le invitamos a completar el formulario de contacto:<\/h5>\n[maxbutton id=\"1\" url=\"https:\/\/docs.google.com\/forms\/d\/e\/1FAIpQLSeQCcarJsuZ-QWVFuzkXOWFRTDw_Q72uPVYh6UrkWOW0dhv8g\/viewform\" text=\"FORMULARIO\" window=\"new\" ]\n","protected":false},"featured_media":24976,"template":"","meta":{"_exactmetrics_skip_tracking":false,"_exactmetrics_sitenote_active":false,"_exactmetrics_sitenote_note":"","_exactmetrics_sitenote_category":0,"_monsterinsights_skip_tracking":false,"_monsterinsights_sitenote_active":false,"_monsterinsights_sitenote_note":"","_monsterinsights_sitenote_category":0},"product_brand":[],"product_cat":[297,106,383,382,405,385,289],"product_tag":[],"class_list":{"0":"post-24974","1":"product","2":"type-product","3":"status-publish","4":"has-post-thumbnail","6":"product_cat-bim","7":"product_cat-marcas","8":"product_cat-nubes-de-punto-y-modelado-trimble","9":"product_cat-nubes-de-punto-y-modelado","10":"product_cat-sketchup","11":"product_cat-software-bim-rubros","12":"product_cat-software-arquitectura","14":"first","15":"instock","16":"shipping-taxable","17":"product-type-simple","18":"col-xxl","19":"col-xl-4","20":"col-lg-6","21":"col-sm-6"},"_links":{"self":[{"href":"https:\/\/kpn.com.uy\/web\/wp-json\/wp\/v2\/product\/24974","targetHints":{"allow":["GET"]}}],"collection":[{"href":"https:\/\/kpn.com.uy\/web\/wp-json\/wp\/v2\/product"}],"about":[{"href":"https:\/\/kpn.com.uy\/web\/wp-json\/wp\/v2\/types\/product"}],"wp:featuredmedia":[{"embeddable":true,"href":"https:\/\/kpn.com.uy\/web\/wp-json\/wp\/v2\/media\/24976"}],"wp:attachment":[{"href":"https:\/\/kpn.com.uy\/web\/wp-json\/wp\/v2\/media?parent=24974"}],"wp:term":[{"taxonomy":"product_brand","embeddable":true,"href":"https:\/\/kpn.com.uy\/web\/wp-json\/wp\/v2\/product_brand?post=24974"},{"taxonomy":"product_cat","embeddable":true,"href":"https:\/\/kpn.com.uy\/web\/wp-json\/wp\/v2\/product_cat?post=24974"},{"taxonomy":"product_tag","embeddable":true,"href":"https:\/\/kpn.com.uy\/web\/wp-json\/wp\/v2\/product_tag?post=24974"}],"curies":[{"name":"wp","href":"https:\/\/api.w.org\/{rel}","templated":true}]}}