{"id":24978,"date":"2024-05-29T14:43:57","date_gmt":"2024-05-29T17:43:57","guid":{"rendered":"https:\/\/kpn.com.uy\/web\/?post_type=product&#038;p=24978"},"modified":"2024-12-06T11:10:57","modified_gmt":"2024-12-06T14:10:57","slug":"trimble-sitevision","status":"publish","type":"product","link":"https:\/\/kpn.com.uy\/web\/producto\/trimble-sitevision\/","title":{"rendered":"Trimble SiteVision"},"content":{"rendered":"<div class=\"sitevision-box\">\n<div class=\"sitevision-img\"><img decoding=\"async\" class=\"\" src=\"https:\/\/sitevision.trimble.com\/wp-content\/uploads\/2019\/05\/sitevision_icons_home-visualize.svg\" alt=\"Visualizar en 3D\" width=\"96\" height=\"78\" \/> \u00a0<strong>Visualizar en 3D<\/strong>: Coloque y vea modelos 3D georreferenciados desde cualquier \u00e1ngulo a escala real, sobre o debajo del suelo.<\/div>\n<\/div>\n<div><\/div>\n<div><\/div>\n<div class=\"sitevision-box\">\n<div class=\"sitevision-img\"><img decoding=\"async\" class=\"\" src=\"https:\/\/sitevision.trimble.com\/wp-content\/uploads\/2019\/08\/Measure-Icon.png\" alt=\"Medida\" width=\"92\" height=\"76\" \/> <strong>Medida: <\/strong>Mida posiciones utilizando GNSS, medici\u00f3n electr\u00f3nica de distancia y realidad aumentada para comprender mejor sus datos en el sitio.<\/div>\n<div><\/div>\n<\/div>\n<div><\/div>\n<div class=\"sitevision-box\">\n<div>\n<div class=\"sitevision-box\">\n<div class=\"sitevision-img\"><img decoding=\"async\" class=\"\" src=\"https:\/\/sitevision.trimble.com\/wp-content\/uploads\/2019\/05\/sitevision_icons_home_collaborate.svg\" alt=\"Colaborar\" width=\"95\" height=\"72\" \/> \u00a0<strong>Colaborar: <\/strong>Comparta, comun\u00edquese e interact\u00fae colectivamente en tiempo real con visualizaciones f\u00e1ciles de entender.<\/div>\n<\/div>\n<\/div>\n<\/div>\n<div><\/div>\n<div><\/div>\n<div class=\"sitevision-box\">\n<div class=\"sitevision-box\">\n<div class=\"sitevision-img\"><img loading=\"lazy\" decoding=\"async\" class=\"\" src=\"https:\/\/sitevision.trimble.com\/wp-content\/uploads\/2019\/08\/Report-Icon.png\" alt=\"Informe\" width=\"96\" height=\"79\" \/>\u00a0 <strong>Informe: <\/strong>Tome fotograf\u00edas, registre mediciones y tome notas en el campo. Cree y asigne tareas a los miembros del equipo.<\/div>\n<\/div>\n<div>\n<h4>Posicionamiento y medici\u00f3n de alta precisi\u00f3n en un solo paquete<\/h4>\n<ul>\n<li>GNSS con precisi\u00f3n cm con Trimble Catalyst<\/li>\n<li>Medici\u00f3n Electr\u00f3nica de Distancias (EDM) con dispositivos iOS LiDAR<\/li>\n<li>Funciona con tel\u00e9fonos o tabletas iOS y Android<\/li>\n<\/ul>\n<h4>Software f\u00e1cil de usar para visualizaci\u00f3n de datos<\/h4>\n<p><img loading=\"lazy\" decoding=\"async\" class=\"\" src=\"https:\/\/sitevision.trimble.com\/wp-content\/uploads\/2019\/08\/trimble-sitevision-software-slide1-placemodels.jpg\" alt=\"Coloque modelos autom\u00e1ticamente en el sitio con precisi\u00f3n en cm\" width=\"559\" height=\"272\" \/><\/p>\n<\/div>\n<\/div>\n<p><img loading=\"lazy\" decoding=\"async\" class=\"\" src=\"https:\/\/sitevision.trimble.com\/wp-content\/uploads\/2019\/08\/trimble-sitevision-software-slide3-visualize-1.jpg\" alt=\"Visualice modelos en contexto con transparencia y seccionamiento.\" width=\"561\" height=\"273\" \/><\/p>\n<p><img loading=\"lazy\" decoding=\"async\" class=\"\" src=\"https:\/\/sitevision.trimble.com\/wp-content\/uploads\/2019\/08\/trimble-sitevision-software-slide4-pitview.jpg\" alt=\"Ver modelos de subsuelo con vista de tajo\" width=\"555\" height=\"270\" \/><\/p>\n<p><img loading=\"lazy\" decoding=\"async\" class=\"\" src=\"https:\/\/sitevision.trimble.com\/wp-content\/uploads\/2019\/08\/trimble-sitevision-software-slide5-measure.jpg\" alt=\"Mida e informe con facilidad\" width=\"554\" height=\"270\" \/><\/p>\n<p>&nbsp;<\/p>\n<div class=\"section-sub-title\">\n<h2>Flujos de trabajo fluidos entre el campo y la oficina<\/h2>\n<p>Cargue sus datos, visual\u00edcelos en el campo e inf\u00f3rmelos a la oficina, todo a trav\u00e9s de Trimble Connect. SiteVision trabaja con datos de toda la gama de herramientas de modelado, dise\u00f1o y recopilaci\u00f3n de datos de Trimble, as\u00ed como con datos disponibles en formatos est\u00e1ndar abiertos de la industria:<\/p>\n<p>LandXML, IFC, Shapefiles, Geodatabases, Bentley\u00ae Systems, Web Feature Services, Autodesk\u00ae Navisworks\u00ae, AutoCAD\u00ae &amp; Revit\u00ae y PDF.<\/p>\n<\/div>\n<div class=\"partner-logo\">\n<div class=\"partner-logo-box\"><a>\u00a0<img loading=\"lazy\" decoding=\"async\" class=\"\" src=\"https:\/\/sitevision.trimble.com\/wp-content\/uploads\/2022\/11\/SketchUp-Horizontal-RGB-e1669848029199.png\" alt=\"\" width=\"176\" height=\"36\" \/><\/a><a><img loading=\"lazy\" decoding=\"async\" class=\"\" src=\"https:\/\/sitevision.trimble.com\/wp-content\/uploads\/2019\/05\/trimble-unity.png\" alt=\"Unidad Trimble\" width=\"167\" height=\"38\" \/><\/a> <a><img loading=\"lazy\" decoding=\"async\" class=\"alignleft\" src=\"https:\/\/sitevision.trimble.com\/wp-content\/uploads\/2022\/11\/tekla-e1669848004654.png\" alt=\"\" width=\"137\" height=\"31\" \/><\/a><\/div>\n<div class=\"partner-logo-box\"><\/div>\n<div class=\"partner-logo-box\"><\/div>\n<div class=\"partner-logo-box\"><a><img loading=\"lazy\" decoding=\"async\" class=\"\" src=\"https:\/\/sitevision.trimble.com\/wp-content\/uploads\/2022\/11\/tbc-logo-e1669848822284.png\" alt=\"\" width=\"41\" height=\"41\" \/><\/a><a><img loading=\"lazy\" decoding=\"async\" class=\"\" src=\"https:\/\/sitevision.trimble.com\/wp-content\/uploads\/2022\/11\/Logo_Novapoint_Transp_505x109_2-e1669848131599.png\" alt=\"\" width=\"186\" height=\"40\" \/><\/a><a><img loading=\"lazy\" decoding=\"async\" class=\"\" src=\"https:\/\/sitevision.trimble.com\/wp-content\/uploads\/2022\/09\/BentleyLogo-e1664419508697.png\" alt=\"\" width=\"120\" height=\"30\" \/><\/a><a><img loading=\"lazy\" decoding=\"async\" class=\"\" src=\"https:\/\/sitevision.trimble.com\/wp-content\/uploads\/2022\/09\/AutodeskLogo-e1664419529291.png\" alt=\"\" width=\"178\" height=\"100\" \/><\/a><a><img decoding=\"async\" src=\"https:\/\/sitevision.trimble.com\/wp-content\/uploads\/2022\/09\/Esri_logo.svg-e1664419688148.png\" alt=\"\" \/><\/a><\/div>\n<div class=\"partner-logo-box\"><\/div>\n<div class=\"partner-logo-box\"><\/div>\n<div class=\"partner-logo-box\"><\/div>\n<div class=\"partner-logo-box\"><\/div>\n<\/div>\n<div class=\"sitevision-box\">\n<p>&nbsp;<\/p>\n<\/div>\n","protected":false},"excerpt":{"rendered":"<h4>El poder de la informaci\u00f3n reinventado<\/h4>\n<p>Trimble SiteVision es un sistema de realidad aumentada para exteriores f\u00e1cil de usar que da vida a los datos para que pueda visualizar y explorar informaci\u00f3n compleja con una precisi\u00f3n inigualable.<\/p>\n<p><img loading=\"lazy\" decoding=\"async\" class=\"alignnone wp-image-24980 size-full\" src=\"https:\/\/kpn.com.uy\/web\/wp-content\/uploads\/2024\/05\/Diseno-sin-titulo-7-e1717004451184.png\" alt=\"\" width=\"1080\" height=\"525\" srcset=\"https:\/\/kpn.com.uy\/web\/wp-content\/uploads\/2024\/05\/Diseno-sin-titulo-7-e1717004451184.png 1080w, https:\/\/kpn.com.uy\/web\/wp-content\/uploads\/2024\/05\/Diseno-sin-titulo-7-e1717004451184-500x243.png 500w, https:\/\/kpn.com.uy\/web\/wp-content\/uploads\/2024\/05\/Diseno-sin-titulo-7-e1717004451184-401x195.png 401w, https:\/\/kpn.com.uy\/web\/wp-content\/uploads\/2024\/05\/Diseno-sin-titulo-7-e1717004451184-480x233.png 480w, https:\/\/kpn.com.uy\/web\/wp-content\/uploads\/2024\/05\/Diseno-sin-titulo-7-e1717004451184-640x311.png 640w, https:\/\/kpn.com.uy\/web\/wp-content\/uploads\/2024\/05\/Diseno-sin-titulo-7-e1717004451184-189x92.png 189w, https:\/\/kpn.com.uy\/web\/wp-content\/uploads\/2024\/05\/Diseno-sin-titulo-7-e1717004451184-100x49.png 100w, https:\/\/kpn.com.uy\/web\/wp-content\/uploads\/2024\/05\/Diseno-sin-titulo-7-e1717004451184-200x97.png 200w, https:\/\/kpn.com.uy\/web\/wp-content\/uploads\/2024\/05\/Diseno-sin-titulo-7-e1717004451184-300x146.png 300w\" sizes=\"(max-width: 1080px) 100vw, 1080px\" \/><\/p>\n","protected":false},"featured_media":24982,"template":"","meta":{"_exactmetrics_skip_tracking":false,"_exactmetrics_sitenote_active":false,"_exactmetrics_sitenote_note":"","_exactmetrics_sitenote_category":0,"_monsterinsights_skip_tracking":false,"_monsterinsights_sitenote_active":false,"_monsterinsights_sitenote_note":"","_monsterinsights_sitenote_category":0},"product_brand":[],"product_cat":[277,382,93],"product_tag":[],"class_list":{"0":"post-24978","1":"product","2":"type-product","3":"status-publish","4":"has-post-thumbnail","6":"product_cat-escaner-3d-trimble","7":"product_cat-nubes-de-punto-y-modelado","8":"product_cat-trimble","10":"first","11":"instock","12":"shipping-taxable","13":"product-type-simple","14":"col-xxl","15":"col-xl-4","16":"col-lg-6","17":"col-sm-6"},"_links":{"self":[{"href":"https:\/\/kpn.com.uy\/web\/wp-json\/wp\/v2\/product\/24978","targetHints":{"allow":["GET"]}}],"collection":[{"href":"https:\/\/kpn.com.uy\/web\/wp-json\/wp\/v2\/product"}],"about":[{"href":"https:\/\/kpn.com.uy\/web\/wp-json\/wp\/v2\/types\/product"}],"wp:featuredmedia":[{"embeddable":true,"href":"https:\/\/kpn.com.uy\/web\/wp-json\/wp\/v2\/media\/24982"}],"wp:attachment":[{"href":"https:\/\/kpn.com.uy\/web\/wp-json\/wp\/v2\/media?parent=24978"}],"wp:term":[{"taxonomy":"product_brand","embeddable":true,"href":"https:\/\/kpn.com.uy\/web\/wp-json\/wp\/v2\/product_brand?post=24978"},{"taxonomy":"product_cat","embeddable":true,"href":"https:\/\/kpn.com.uy\/web\/wp-json\/wp\/v2\/product_cat?post=24978"},{"taxonomy":"product_tag","embeddable":true,"href":"https:\/\/kpn.com.uy\/web\/wp-json\/wp\/v2\/product_tag?post=24978"}],"curies":[{"name":"wp","href":"https:\/\/api.w.org\/{rel}","templated":true}]}}