{"id":25006,"date":"2024-12-06T11:31:38","date_gmt":"2024-12-06T14:31:38","guid":{"rendered":"https:\/\/kpn.com.uy\/web\/?post_type=product&#038;p=25006"},"modified":"2024-12-06T11:31:39","modified_gmt":"2024-12-06T14:31:39","slug":"trimble-connect","status":"publish","type":"product","link":"https:\/\/kpn.com.uy\/web\/producto\/trimble-connect\/","title":{"rendered":"Trimble Connect"},"content":{"rendered":"<h5 class=\"t2-lo-itemized-list__header t2-layout__header t2-biggie\"><span>Conecta lo que importa<\/span><\/h5>\n<div class=\"t2-lo-itemized-list__description t2-layout__description\">\n<div class=\"richtext-container transparent-dark-text richtext-container__bullet-theme--transparent-dark-text\">\n<p>Colabore de forma eficaz y eficiente con una \u00fanica fuente de verdad para sus proyectos.<\/p>\n<div class=\"t2-icon-text-noodle__heading\">\n<p class=\"t2-icon-text-noodle__header\"><strong>Comparta datos de forma segura y realice un seguimiento de las actividades del proyecto: <\/strong>Comparta y realice un seguimiento seguro de datos precisos en tiempo real para mejorar la transparencia y la confianza.<\/p>\n<div class=\"t2-icon-text-noodle__heading\">\n<p class=\"t2-icon-text-noodle__header\"><strong>Ampliar y personalizar datos: <\/strong>Acceda y ajuste los datos que necesita para resolver problemas de construcci\u00f3n del mundo real y obtener mejores conocimientos del proyecto.<\/p>\n<div class=\"t2-icon-text-noodle__heading\">\n<p class=\"t2-icon-text-noodle__header\"><strong>Colaborar en tiempo real: <\/strong>Re\u00fana a las partes interesadas y ahorre horas de trabajo repetido debido a errores costosos en un entorno colaborativo que brinda a los equipos la informaci\u00f3n que necesitan.<\/p>\n<div class=\"t2-icon-text-noodle__heading\">\n<p class=\"t2-icon-text-noodle__header\"><strong>Ver datos a pedido: <\/strong>Acceda, visualice, comparta y use datos de la manera que m\u00e1s le convenga, con los dispositivos y herramientas que usa todos los d\u00edas.<\/p>\n<div class=\"t2-icon-text-noodle__heading\">\n<p class=\"t2-icon-text-noodle__header\"><strong>Integrar plataformas: <\/strong>Nuestra API abierta permite el flujo de datos desde muchas aplicaciones. Personalice los flujos de trabajo combinando Connect con integraciones de Trimble, integraciones de socios o integrando soluciones empresariales existentes.<\/p>\n<p>Entregue proyectos m\u00e1s r\u00e1pidos y de mayor calidad, a la vez que reduce costos y evita riesgos. Trimble Connect ofrece a los equipos un acceso r\u00e1pido y conveniente a informaci\u00f3n precisa y actualizada cuando y donde la necesitan.<\/p>\n<\/div>\n<\/div>\n<\/div>\n<\/div>\n<\/div>\n<\/div>\n<\/div>\n","protected":false},"excerpt":{"rendered":"<p>Trimble Connect es una soluci\u00f3n de colaboraci\u00f3n y entorno de datos com\u00fan (CDE) basada en la nube, dise\u00f1ada para la construcci\u00f3n en el mundo real.<\/p>\n","protected":false},"featured_media":25007,"template":"","meta":{"_exactmetrics_skip_tracking":false,"_exactmetrics_sitenote_active":false,"_exactmetrics_sitenote_note":"","_exactmetrics_sitenote_category":0,"_monsterinsights_skip_tracking":false,"_monsterinsights_sitenote_active":false,"_monsterinsights_sitenote_note":"","_monsterinsights_sitenote_category":0},"product_brand":[],"product_cat":[382,383,289],"product_tag":[],"class_list":{"0":"post-25006","1":"product","2":"type-product","3":"status-publish","4":"has-post-thumbnail","6":"product_cat-nubes-de-punto-y-modelado","7":"product_cat-nubes-de-punto-y-modelado-trimble","8":"product_cat-software-arquitectura","10":"first","11":"instock","12":"shipping-taxable","13":"product-type-simple","14":"col-xxl","15":"col-xl-4","16":"col-lg-6","17":"col-sm-6"},"_links":{"self":[{"href":"https:\/\/kpn.com.uy\/web\/wp-json\/wp\/v2\/product\/25006","targetHints":{"allow":["GET"]}}],"collection":[{"href":"https:\/\/kpn.com.uy\/web\/wp-json\/wp\/v2\/product"}],"about":[{"href":"https:\/\/kpn.com.uy\/web\/wp-json\/wp\/v2\/types\/product"}],"wp:featuredmedia":[{"embeddable":true,"href":"https:\/\/kpn.com.uy\/web\/wp-json\/wp\/v2\/media\/25007"}],"wp:attachment":[{"href":"https:\/\/kpn.com.uy\/web\/wp-json\/wp\/v2\/media?parent=25006"}],"wp:term":[{"taxonomy":"product_brand","embeddable":true,"href":"https:\/\/kpn.com.uy\/web\/wp-json\/wp\/v2\/product_brand?post=25006"},{"taxonomy":"product_cat","embeddable":true,"href":"https:\/\/kpn.com.uy\/web\/wp-json\/wp\/v2\/product_cat?post=25006"},{"taxonomy":"product_tag","embeddable":true,"href":"https:\/\/kpn.com.uy\/web\/wp-json\/wp\/v2\/product_tag?post=25006"}],"curies":[{"name":"wp","href":"https:\/\/api.w.org\/{rel}","templated":true}]}}