{"id":25057,"date":"2025-05-27T11:42:29","date_gmt":"2025-05-27T14:42:29","guid":{"rendered":"https:\/\/kpn.com.uy\/web\/?post_type=product&#038;p=25057"},"modified":"2025-06-03T09:39:56","modified_gmt":"2025-06-03T12:39:56","slug":"serie-dji-matrice-4-matrice-4t-y-matrice-4e","status":"publish","type":"product","link":"https:\/\/kpn.com.uy\/web\/producto\/serie-dji-matrice-4-matrice-4t-y-matrice-4e\/","title":{"rendered":"SERIE DJI Matrice 4 &#8211; Matrice 4T y Matrice 4E"},"content":{"rendered":"<h5><img fetchpriority=\"high\" decoding=\"async\" class=\"alignnone wp-image-25058\" src=\"https:\/\/kpn.com.uy\/web\/wp-content\/uploads\/2025\/05\/Sin-titulo-1.png\" alt=\"\" width=\"696\" height=\"486\" srcset=\"https:\/\/kpn.com.uy\/web\/wp-content\/uploads\/2025\/05\/Sin-titulo-1.png 604w, https:\/\/kpn.com.uy\/web\/wp-content\/uploads\/2025\/05\/Sin-titulo-1-500x349.png 500w, https:\/\/kpn.com.uy\/web\/wp-content\/uploads\/2025\/05\/Sin-titulo-1-401x280.png 401w, https:\/\/kpn.com.uy\/web\/wp-content\/uploads\/2025\/05\/Sin-titulo-1-480x335.png 480w, https:\/\/kpn.com.uy\/web\/wp-content\/uploads\/2025\/05\/Sin-titulo-1-132x92.png 132w, https:\/\/kpn.com.uy\/web\/wp-content\/uploads\/2025\/05\/Sin-titulo-1-100x70.png 100w, https:\/\/kpn.com.uy\/web\/wp-content\/uploads\/2025\/05\/Sin-titulo-1-200x140.png 200w, https:\/\/kpn.com.uy\/web\/wp-content\/uploads\/2025\/05\/Sin-titulo-1-300x210.png 300w\" sizes=\"(max-width: 696px) 100vw, 696px\" \/><\/h5>\n<div id=\"302725\" class=\"section-content\" data-hydration-on-demand=\"true\" data-ga-category=\"enterprise\/matrice-4-series_302725\" data-component=\"1dea886b\">\n<div class=\"atom-component\" tabindex=\"0\" role=\"button\">\n<div class=\"atom-design-v1 style__hero-vertical-component___2JEHR\">\n<div id=\"\" class=\"style__hero-vertical-wrapper___2mUEj style__media-screen-1440___2Mhdb\">\n<div class=\"style__vertical-card-list___LceQJ style__vertical-top-align___3JPlu aos-init aos-animate\" data-aos=\"fade-in\" data-aos-once=\"true\">\n<div class=\"style__vertical-card-col___3agtC\">\n<div class=\"atom-design-v1 style__hero-vertical-card___2B64y style__media-screen-1440___2do0U\">\n<div class=\"style__card-wrapper___3yqfZ style__vertical-top-align___3w7Dp style__horizontal-center-align___YtBVc\" tabindex=\"0\" role=\"button\" data-ga-label=\"\">\n<div class=\"style__card-container___KPQkl style__size-xxxxxl___3-JTI\">\n<div class=\"style__text-content-container___1aLKY\">\n<h5 class=\"style__headline___1ripS style__headline-text___1tW5r aos-init aos-animate\" data-aos=\"fade-in\" data-aos-once=\"true\">Operaciones inteligentes<\/h5>\n<\/div>\n<\/div>\n<\/div>\n<\/div>\n<\/div>\n<\/div>\n<\/div>\n<\/div>\n<\/div>\n<\/div>\n<div id=\"302726\" class=\"section-content\" data-hydration-on-demand=\"true\" data-ga-category=\"enterprise\/matrice-4-series_302726\" data-component=\"a5fa5b36\">\n<div class=\"atom-component\" tabindex=\"0\" role=\"button\">\n<div class=\"atom-design-v1 style__hero-vertical-component___2JEHR\">\n<div id=\"\" class=\"style__hero-vertical-wrapper___2mUEj style__has-media-screen___dOgoS style__media-screen-1440___2Mhdb\">\n<div class=\"style__vertical-card-list___LceQJ style__vertical-top-align___3JPlu aos-init aos-animate\" data-aos=\"fade-in\" data-aos-once=\"true\">\n<div class=\"style__vertical-card-col___3agtC\">\n<div class=\"atom-design-v1 style__hero-vertical-card___2B64y style__has-media-screen___3Mu1K style__media-screen-1440___2do0U\">\n<div class=\"style__card-wrapper___3yqfZ style__vertical-top-align___3w7Dp style__horizontal-left-align___3tk_z\" tabindex=\"0\" role=\"button\" data-ga-label=\"\">\n<div class=\"style__card-container___KPQkl style__size-xl___30LZE\">\n<div class=\"style__text-content-container___1aLKY\">\n<p class=\"text-ms-20 style__description___2V1Q7 aos-init aos-animate\" data-aos=\"fade-in\" data-aos-once=\"true\">El modelo integrado puede detectar veh\u00edculos, embarcaciones y sujetos durante operaciones de b\u00fasqueda y rescate o vuelos rutinarios. Tambi\u00e9n admite la conversi\u00f3n a otros modelos, lo que permite ampliar los escenarios de aplicaci\u00f3n. Adem\u00e1s, admite fotos de cuadr\u00edcula de alta resoluci\u00f3n y cuenta con potentes funciones de seguimiento.<\/p>\n<p class=\"style__headline___1ripS style__headline-text___1tW5r aos-init aos-animate\" data-aos=\"fade-up\" data-aos-once=\"true\"><strong>Tel\u00e9metro l\u00e1ser, medici\u00f3n precisa<\/strong><\/p>\n<p class=\"text-ms-20 style__description___2V1Q7 aos-init aos-animate\" data-aos=\"fade-up\" data-aos-once=\"true\">El tel\u00e9metro l\u00e1ser permite mediciones precisas en tiempo real. Mediante operaciones sencillas como la localizaci\u00f3n, el trazado de l\u00edneas y el c\u00e1lculo de \u00e1reas, puede realizar tareas como marcar la ubicaci\u00f3n de objetivos para inspecci\u00f3n o calcular el \u00e1rea de un incendio forestal. Adem\u00e1s, los usuarios pueden compartir informaci\u00f3n mediante el c\u00f3digo QR de DJI Pilot o FlightHub 2 con el personal pertinente para optimizar la colaboraci\u00f3n y la eficiencia del flujo de trabajo.<\/p>\n<p class=\"style__headline___1ripS style__headline-text___1tW5r aos-init aos-animate\" data-aos=\"fade-up\" data-aos-once=\"true\"><strong>Registro del rango de observaci\u00f3n<\/strong><\/p>\n<p class=\"text-ms-20 style__description___2V1Q7 aos-init aos-animate\" data-aos=\"fade-up\" data-aos-once=\"true\">DJI Pilot 2 puede resaltar la posici\u00f3n central del encuadre de la c\u00e1mara y el \u00e1rea del terreno observada. Puede mostrar el \u00e1rea inspeccionada en el mapa, lo que lo hace especialmente \u00fatil para patrullas y operaciones de rescate en terrenos monta\u00f1osos sin puntos de referencia claros.<\/p>\n<div style=\"width: 1136px;\" class=\"wp-video\"><!--[if lt IE 9]><script>document.createElement('video');<\/script><![endif]-->\n<video class=\"wp-video-shortcode\" id=\"video-25057-1\" width=\"1136\" height=\"568\" preload=\"metadata\" controls=\"controls\"><source type=\"video\/mp4\" src=\"https:\/\/kpn.com.uy\/web\/wp-content\/uploads\/2025\/05\/b36bc7e3-a021-42fe-bc77-c13801f75f3f.mp4?_=1\" \/><a href=\"https:\/\/kpn.com.uy\/web\/wp-content\/uploads\/2025\/05\/b36bc7e3-a021-42fe-bc77-c13801f75f3f.mp4\">https:\/\/kpn.com.uy\/web\/wp-content\/uploads\/2025\/05\/b36bc7e3-a021-42fe-bc77-c13801f75f3f.mp4<\/a><\/video><\/div>\n<h3 class=\"style__item-title___1Ig0D\"><\/h3>\n<p class=\"style__item-title-hide___OeVxN\"><strong>Modo de escena nocturna<\/strong><\/p>\n<div class=\"style__item-content___2TwrZ\">La serie Matrice 4 ha recibido una importante actualizaci\u00f3n en su modo nocturno. Su visi\u00f3n nocturna a todo color ahora admite tres modos e incluye dos niveles de reducci\u00f3n de ruido mejorada. Equipada con un filtro de corte IR y una luz auxiliar NIR, supera f\u00e1cilmente los desaf\u00edos de la oscuridad, garantizando una visibilidad clara de los sujetos de b\u00fasqueda y rescate.<\/div>\n<div>\n<p class=\"style__item-title___1Ig0D\"><strong>Fotograf\u00eda inteligente con poca luz<\/strong><\/p>\n<div class=\"style__item-content___2TwrZ\">Las c\u00e1maras de la serie Matrice 4 cuentan con aperturas m\u00e1s grandes y capacidades inteligentes con poca luz, lo que mejora significativamente el rendimiento y optimiza las operaciones durante el anochecer y la noche.<\/div>\n<div>\n<p class=\"style__item-title___1Ig0D\"><strong>Luz auxiliar NIR<\/strong><\/p>\n<div class=\"style__item-content___2TwrZ\">El Matrice 4T cuenta con un nuevo hardware de iluminaci\u00f3n NIR, que permite distancias de iluminaci\u00f3n de hasta 100 metros.\u00a0<sup>[4]<\/sup>\u00a0Esto garantiza una visibilidad clara de los objetos en entornos oscuros, lo que lo hace ideal para aplicaciones como la protecci\u00f3n de la vida silvestre.<\/div>\n<div>\n<p class=\"style__item-title___1Ig0D\"><strong>Im\u00e1genes t\u00e9rmicas<\/strong><\/p>\n<div class=\"style__item-content___2TwrZ\">El Matrice 4T admite el modo infrarrojo de alta resoluci\u00f3n, con resoluciones de imagen de hasta 1280 \u00d7 1024. Tambi\u00e9n ofrece ultraalta resoluci\u00f3n, que revela peque\u00f1os detalles de temperatura para diversas operaciones. Cada dispositivo se calibra con precisi\u00f3n de temperatura y utiliza un sensor de temperatura integrado para proporcionar mediciones de temperatura en tiempo real.<\/div>\n<div>\n<p class=\"style__item-title___1Ig0D\"><strong>Detecci\u00f3n omnidireccional de ojo de pez con poca luz\u00a0<\/strong><\/p>\n<div class=\"style__item-content___2TwrZ\">La serie Matrice 4 cuenta con seis sensores de visi\u00f3n ojo de pez de alta definici\u00f3n con poca luz, lo que mejora significativamente el posicionamiento visual en condiciones de poca luz y la capacidad de evitar obst\u00e1culos. Esto permite la evitaci\u00f3n autom\u00e1tica de obst\u00e1culos, el redireccionamiento inteligente y el retorno seguro en entornos urbanos con poca luz.<\/div>\n<div>\n<p class=\"style__headline___1ripS style__headline-text___1tW5r aos-init aos-animate\" data-aos=\"fade-up\" data-aos-once=\"true\"><strong>Teleobjetivo medio mejorado<\/strong><\/p>\n<p class=\"text-ms-20 style__description___2V1Q7 aos-init aos-animate\" data-aos=\"fade-up\" data-aos-once=\"true\">La serie Matrice 4 est\u00e1 equipada con una telec\u00e1mara de alcance medio, lo que ampl\u00eda sus capacidades para tareas de inspecci\u00f3n de mediano alcance. Durante las inspecciones de l\u00edneas el\u00e9ctricas o puentes, puede detectar tornillos y grietas a una distancia de 10 metros y leer con claridad los datos de los instrumentos en\u00a0<span class=\"nowrap\">las subestaciones.\u00a0<\/span><\/p>\n<p class=\"style__headline___1ripS style__headline-text___1tW5r aos-init aos-animate\" data-aos=\"fade-up\" data-aos-once=\"true\"><strong>Teleobjetivo de s\u00faper resoluci\u00f3n<\/strong><\/p>\n<p class=\"text-ms-20 style__description___2V1Q7 aos-init aos-animate\" data-aos=\"fade-up\" data-aos-once=\"true\">La telec\u00e1mara de la serie Matrice 4 ha mejorado significativamente la claridad, con una resoluci\u00f3n de 48 MP, capaz de capturar detalles incre\u00edbles de se\u00f1ales hasta a 250 metros de distancia. \u00a0Adem\u00e1s, la Matrice 4T est\u00e1 equipada con un filtro de corte IR, lo que garantiza operaciones 24\/7.<\/p>\n<p class=\"text-ms-48 style__headline___1ripS style__headline-text___1tW5r aos-init aos-animate\" data-aos=\"fade-in\" data-aos-once=\"true\"><strong>Disparo r\u00e1pido a intervalos de 0,5 segundos<\/strong><\/p>\n<p>La c\u00e1mara gran angular Matrice 4E permite disparos r\u00e1pidos a intervalos de 0,5 segundos en los modos de ortofoto y fotograf\u00eda oblicua, lo que permite realizar levantamientos a\u00e9reos a alta velocidad desde m\u00faltiples \u00e1ngulos. Adem\u00e1s, la velocidad de vuelo cartogr\u00e1fico puede alcanzar hasta 21 metros por segundo, lo que mejora significativamente la eficiencia del trabajo.<\/p>\n<div style=\"width: 1136px;\" class=\"wp-video\"><video class=\"wp-video-shortcode\" id=\"video-25057-2\" width=\"1136\" height=\"568\" preload=\"metadata\" controls=\"controls\"><source type=\"video\/mp4\" src=\"https:\/\/kpn.com.uy\/web\/wp-content\/uploads\/2025\/05\/7a530960-eb20-4ec5-ac58-70387edf69a6.mp4?_=2\" \/><a href=\"https:\/\/kpn.com.uy\/web\/wp-content\/uploads\/2025\/05\/7a530960-eb20-4ec5-ac58-70387edf69a6.mp4\">https:\/\/kpn.com.uy\/web\/wp-content\/uploads\/2025\/05\/7a530960-eb20-4ec5-ac58-70387edf69a6.mp4<\/a><\/video><\/div>\n<p class=\"style__headline___1ripS style__headline-text___1tW5r aos-init aos-animate\" data-aos=\"fade-up\" data-aos-once=\"true\"><strong>Captura oblicua de 5 direcciones<\/strong><\/p>\n<p class=\"style__description___2V1Q7 aos-init aos-animate\" data-aos=\"fade-up\" data-aos-once=\"true\">La serie Matrice 4 admite una nueva captura oblicua en cinco direcciones. El estabilizador puede rotar y disparar de forma inteligente desde m\u00faltiples \u00e1ngulos seg\u00fan el \u00e1rea de estudio, logrando el efecto de m\u00faltiples disparos en un solo vuelo en comparaci\u00f3n con los modelos anteriores\u00a0<sup>[9]<\/sup>\u00a0, lo que mejora significativamente la eficiencia de la fotograf\u00eda oblicua con drones peque\u00f1os.<\/p>\n<div style=\"width: 1136px;\" class=\"wp-video\"><video class=\"wp-video-shortcode\" id=\"video-25057-3\" width=\"1136\" height=\"768\" preload=\"metadata\" controls=\"controls\"><source type=\"video\/mp4\" src=\"https:\/\/kpn.com.uy\/web\/wp-content\/uploads\/2025\/05\/14d594f2-22d8-4daa-a66c-02524d86eac9.mp4?_=3\" \/><a href=\"https:\/\/kpn.com.uy\/web\/wp-content\/uploads\/2025\/05\/14d594f2-22d8-4daa-a66c-02524d86eac9.mp4\">https:\/\/kpn.com.uy\/web\/wp-content\/uploads\/2025\/05\/14d594f2-22d8-4daa-a66c-02524d86eac9.mp4<\/a><\/video><\/div>\n<p class=\"style__headline___1ripS style__headline-text___1tW5r aos-init aos-animate\" data-aos=\"fade-up\" data-aos-once=\"true\"><strong><span class=\"nowrap\">Captura<\/span>\u00a0ortogonal tridireccional\u00a0<\/strong><\/p>\n<p class=\"style__description___2V1Q7 aos-init aos-animate\" data-aos=\"fade-up\" data-aos-once=\"true\">Matrice 4E admite la ortocaptura tridireccional, lo que permite la captura lateral mientras se realizan tareas de recolecci\u00f3n de ortofotos, lo que reduce la superposici\u00f3n lateral. Un solo vuelo puede completar operaciones de mapeo en un \u00e1rea de 2,8 kil\u00f3metros cuadrados.\u00a0<sup>[11]<\/sup>\u00a0No se requiere una ruta de vuelo de optimizaci\u00f3n de elevaci\u00f3n adicional para lograr una mayor precisi\u00f3n de elevaci\u00f3n. Combinado con las nuevas capacidades de DJI Terra, mejora a\u00fan m\u00e1s la eficiencia de la reconstrucci\u00f3n, garantizando al mismo tiempo la calidad.<\/p>\n<div style=\"width: 1136px;\" class=\"wp-video\"><video class=\"wp-video-shortcode\" id=\"video-25057-4\" width=\"1136\" height=\"768\" preload=\"metadata\" controls=\"controls\"><source type=\"video\/mp4\" src=\"https:\/\/kpn.com.uy\/web\/wp-content\/uploads\/2025\/05\/0f34d610-6471-4f07-a277-6a4a29130070.mp4?_=4\" \/><a href=\"https:\/\/kpn.com.uy\/web\/wp-content\/uploads\/2025\/05\/0f34d610-6471-4f07-a277-6a4a29130070.mp4\">https:\/\/kpn.com.uy\/web\/wp-content\/uploads\/2025\/05\/0f34d610-6471-4f07-a277-6a4a29130070.mp4<\/a><\/video><\/div>\n<p class=\"text-ms-48 style__headline___1ripS style__headline-text___1tW5r aos-init aos-animate\" data-aos=\"fade-in\" data-aos-once=\"true\"><strong>Captura 3D inteligente, modelado de precisi\u00f3n<\/strong><\/p>\n<p>El DJI Matrice 4E es compatible con la Captura 3D Inteligente, que permite capturar y crear un modelo aproximado en el control remoto. A partir de este modelo, puede generar r\u00e1pidamente rutas cartogr\u00e1ficas precisas cerca de la superficie de estructuras, realizando mediciones detalladas y modelando edificios irregulares. Tambi\u00e9n permite mostrar rutas espaciales virtuales y fotos de puntos de referencia para la captura 3D inteligente, lo que facilita la evaluaci\u00f3n de la seguridad de vuelo y el \u00e1rea de cobertura de rutas espec\u00edficas.<\/p>\n<p>&nbsp;<\/p>\n<\/div>\n<\/div>\n<\/div>\n<\/div>\n<\/div>\n<\/div>\n<\/div>\n<\/div>\n<\/div>\n<\/div>\n<\/div>\n<\/div>\n<\/div>\n<\/div>\n<\/div>\n","protected":false},"excerpt":{"rendered":"<h4 class=\"style__headline___1ripS style__headline-text___1tW5r aos-init aos-animate\" data-aos=\"fade-in\" data-aos-once=\"true\">Dos modelos, innumerables aplicaciones<\/h4>\n[maxbutton id=\"1\" url=\"https:\/\/drive.google.com\/file\/d\/12DQ3yCqO03BAQtmQDyyrnvMiu-BmX8qm\/view?usp=sharing\" text=\"PDF MATRICE 4T\" window=\"new\" ]\n[maxbutton id=\"1\" url=\"https:\/\/drive.google.com\/file\/d\/1V8LEMG5yNkYZ2BbxRP58sO05sg-K-_H_\/view?usp=sharing\" text=\"PDF MATRICE 4E\" window=\"new\" ]\n<p>&nbsp;<\/p>\n<p>&nbsp;<\/p>\n[video width=\"2400\" height=\"1200\" mp4=\"https:\/\/kpn.com.uy\/web\/wp-content\/uploads\/2025\/05\/98845d83-0db4-42df-a5ec-5297b2b39baf.mp4\"][\/video]\n<p>La serie DJI Matrice 4, una nueva serie insignia de drones multisensor, compactos e inteligentes, para empresas. Esta serie incluye los modelos <strong>Matrice 4T y Matrice 4E<\/strong>, cada uno equipado con funciones avanzadas como detecci\u00f3n y medici\u00f3n inteligentes con tel\u00e9metro l\u00e1ser. Las operaciones de vuelo ahora son m\u00e1s seguras y fiables gracias a sus capacidades de detecci\u00f3n significativamente mejoradas. Los accesorios de la serie Matrice 4 tambi\u00e9n se han mejorado significativamente. El Matrice 4T es ideal para una amplia gama de sectores, como la electricidad, la respuesta a emergencias, la seguridad p\u00fablica y la conservaci\u00f3n forestal. El Matrice 4E est\u00e1 dise\u00f1ado para aplicaciones geoespaciales como topograf\u00eda y cartograf\u00eda, construcci\u00f3n y miner\u00eda. Comienza una nueva era en las operaciones a\u00e9reas inteligentes.<\/p>\n<p>&nbsp;<\/p>\n<p>&nbsp;<\/p>\n<p>&nbsp;<\/p>\n","protected":false},"featured_media":25064,"template":"","meta":{"_exactmetrics_skip_tracking":false,"_exactmetrics_sitenote_active":false,"_exactmetrics_sitenote_note":"","_exactmetrics_sitenote_category":0,"_monsterinsights_skip_tracking":false,"_monsterinsights_sitenote_active":false,"_monsterinsights_sitenote_note":"","_monsterinsights_sitenote_category":0},"product_brand":[],"product_cat":[302,314],"product_tag":[],"class_list":{"0":"post-25057","1":"product","2":"type-product","3":"status-publish","4":"has-post-thumbnail","6":"product_cat-dji","7":"product_cat-drones","9":"first","10":"instock","11":"shipping-taxable","12":"product-type-simple","13":"col-xxl","14":"col-xl-4","15":"col-lg-6","16":"col-sm-6"},"_links":{"self":[{"href":"https:\/\/kpn.com.uy\/web\/wp-json\/wp\/v2\/product\/25057","targetHints":{"allow":["GET"]}}],"collection":[{"href":"https:\/\/kpn.com.uy\/web\/wp-json\/wp\/v2\/product"}],"about":[{"href":"https:\/\/kpn.com.uy\/web\/wp-json\/wp\/v2\/types\/product"}],"wp:featuredmedia":[{"embeddable":true,"href":"https:\/\/kpn.com.uy\/web\/wp-json\/wp\/v2\/media\/25064"}],"wp:attachment":[{"href":"https:\/\/kpn.com.uy\/web\/wp-json\/wp\/v2\/media?parent=25057"}],"wp:term":[{"taxonomy":"product_brand","embeddable":true,"href":"https:\/\/kpn.com.uy\/web\/wp-json\/wp\/v2\/product_brand?post=25057"},{"taxonomy":"product_cat","embeddable":true,"href":"https:\/\/kpn.com.uy\/web\/wp-json\/wp\/v2\/product_cat?post=25057"},{"taxonomy":"product_tag","embeddable":true,"href":"https:\/\/kpn.com.uy\/web\/wp-json\/wp\/v2\/product_tag?post=25057"}],"curies":[{"name":"wp","href":"https:\/\/api.w.org\/{rel}","templated":true}]}}