{"id":25138,"date":"2025-05-28T11:32:29","date_gmt":"2025-05-28T14:32:29","guid":{"rendered":"https:\/\/kpn.com.uy\/web\/?post_type=product&#038;p=25138"},"modified":"2025-05-28T11:32:30","modified_gmt":"2025-05-28T14:32:30","slug":"trimble-r980","status":"publish","type":"product","link":"https:\/\/kpn.com.uy\/web\/producto\/trimble-r980\/","title":{"rendered":"Trimble R980"},"content":{"rendered":"<h4 class=\"luna-super-hero__header\" data-sb-field-path=\"headline\">Alcance su m\u00e1ximo potencial<\/h4>\n<p class=\"luna-super-hero__subHeader\" data-sb-field-path=\"subhead\">El Trimble R980 es todo lo que necesita para lograr los m\u00e1s altos est\u00e1ndares para su trabajo.<\/p>\n<p class=\"headline headline--no-margin\" data-sb-field-path=\"headline\"><strong>Beneficios y rendimiento: <\/strong>Con un rendimiento GNSS inigualable en condiciones dif\u00edciles, una robusta compensaci\u00f3n de inclinaci\u00f3n y flujos de trabajo sin interrupciones, el R980 es altamente confiable y proporciona seguridad y confianza en cada sitio de la obra.<\/p>\n<p><strong>Flujos de trabajo productivos y conectados: <\/strong>Aumente la productividad con un rendimiento notablemente mejor en condiciones dif\u00edciles de GNSS y transmita correcciones utilizando una variedad de opciones de conectividad adecuadas para el trabajo.<\/p>\n<p><strong>Trabajo m\u00e1s r\u00e1pido y de manera m\u00e1s eficiente: <\/strong>La robusta compensaci\u00f3n de inclinaci\u00f3n basada en IMU elimina la necesidad de nivelar el jal\u00f3n, facilitando el acceso a espacios reducidos y permiti\u00e9ndole hacer m\u00e1s cosas m\u00e1s r\u00e1pido de lo que cre\u00eda posible.<\/p>\n<p><strong>Replantee y mida puntos con precisi\u00f3n de manera m\u00e1s r\u00e1pida y en m\u00e1s ubicaciones con el R980, mejorando enormemente la productividad de su levantamiento.<img fetchpriority=\"high\" decoding=\"async\" class=\"wp-image-25143 alignnone\" src=\"https:\/\/kpn.com.uy\/web\/wp-content\/uploads\/2025\/05\/5-3.png\" alt=\"\" width=\"550\" height=\"550\" srcset=\"https:\/\/kpn.com.uy\/web\/wp-content\/uploads\/2025\/05\/5-3.png 1080w, https:\/\/kpn.com.uy\/web\/wp-content\/uploads\/2025\/05\/5-3-100x100.png 100w, https:\/\/kpn.com.uy\/web\/wp-content\/uploads\/2025\/05\/5-3-500x500.png 500w, https:\/\/kpn.com.uy\/web\/wp-content\/uploads\/2025\/05\/5-3-401x401.png 401w, https:\/\/kpn.com.uy\/web\/wp-content\/uploads\/2025\/05\/5-3-480x480.png 480w, https:\/\/kpn.com.uy\/web\/wp-content\/uploads\/2025\/05\/5-3-640x640.png 640w, https:\/\/kpn.com.uy\/web\/wp-content\/uploads\/2025\/05\/5-3-92x92.png 92w, https:\/\/kpn.com.uy\/web\/wp-content\/uploads\/2025\/05\/5-3-842x842.png 842w, https:\/\/kpn.com.uy\/web\/wp-content\/uploads\/2025\/05\/5-3-200x200.png 200w, https:\/\/kpn.com.uy\/web\/wp-content\/uploads\/2025\/05\/5-3-300x300.png 300w\" sizes=\"(max-width: 550px) 100vw, 550px\" \/><\/strong><\/p>\n<ul>\n<li class=\"ter-bounded-card__header\" data-sb-field-path=\"header\">Trabajo de manera confiable en m\u00e1s lugares: El motor de posicionamiento Trimble ProPoint\u00a0\u00a0proporciona un rendimiento y productividad excepcionales en entornos GNSS dif\u00edciles, como en zonas con \u00e1rboles y edificaciones cercanas.<\/li>\n<\/ul>\n<div class=\"ter-bounded-card__text\" data-sb-field-path=\"textContent\">\n<div class=\"richtext-container transparent-dark-text richtext-container__bullet-theme--transparent-dark-text\" data-sb-object-id=\"6k9aMZVLLNMPmKbgCURXTT\">\n<ul>\n<li class=\"ter-bounded-card__header\" data-sb-field-path=\"header\">Replantee y mida con eficiencia: Revolucione la forma de realizar levantamientos con la tecnolog\u00eda Trimble TIP\u00a0<sup>\u2122<\/sup>\u00a0. Realice replanteos o mediciones de puntos con precisi\u00f3n sin necesidad de nivelar el jal\u00f3n utilizando la compensaci\u00f3n de inclinaci\u00f3n Trimble TIP basada en la IMU.<\/li>\n<li data-sb-field-path=\"header\">\n<p class=\"ter-bounded-card__header\" data-sb-field-path=\"header\">Acceda a correcciones al instante: Acceda f\u00e1cilmente a correcciones en tiempo real disponibles en todo momento en el campo con una variedad de opciones de conectividad mejoradas, incluyendo una radio UHF de doble banda y un m\u00f3dem 4G LTE.<\/p>\n<\/li>\n<li data-sb-field-path=\"header\">\n<p class=\"ter-bounded-card__header\" data-sb-field-path=\"header\">Realice levantamientos con toda libertad: Obtenga exactitud RTK a nivel mundial sin disponer de una estaci\u00f3n base o de una red en tiempo real, con correcciones CenterPoint RTX en tiempo real transmitidas por sat\u00e9lite o por Internet.<\/p>\n<\/li>\n<\/ul>\n<div class=\"ter-bounded-card__text\" data-sb-field-path=\"textContent\">\n<div class=\"richtext-container transparent-dark-text richtext-container__bullet-theme--transparent-dark-text\" data-sb-object-id=\"6BhDetrjxbXZkStDQ1sNtk\">\n<p>&nbsp;<\/p>\n<\/div>\n<\/div>\n<\/div>\n<\/div>\n","protected":false},"excerpt":{"rendered":"<div class=\"header\">\n<p class=\"subheading\" data-sb-field-path=\"subhead\">Conectividad sin interrupciones. Confianza total.<\/p>\n<\/div>\n<div class=\"content content__bullet-theme--transparent-light-text\" data-sb-field-path=\"body\">\n<p>El sistema Trimble\u00a0R980 GNSS ofrece a los top\u00f3grafos la m\u00e1xima exactitud y conectividad con un rendimiento GNSS probado. Dise\u00f1ado para superar condiciones GNSS desafiantes y destacar en ubicaciones remotas, el R980 funciona sin importar d\u00f3nde lo lleve su trabajo.<\/p>\n[maxbutton id=\"1\" url=\"https:\/\/drive.google.com\/file\/d\/1dZi2fSC1cDOvDEgUZhtcpvou4OJAAP-1\/view?usp=sharing\" text=\"HOJA DE DATOS\" window=\"new\" ]\n<p><img decoding=\"async\" class=\"alignnone size-full\" src=\"https:\/\/play.vidyard.com\/StzaPVgVfqxDyDsra47oS1.jpg\" width=\"1280\" height=\"675\" \/><\/p>\n<\/div>\n","protected":false},"featured_media":25139,"template":"","meta":{"_exactmetrics_skip_tracking":false,"_exactmetrics_sitenote_active":false,"_exactmetrics_sitenote_note":"","_exactmetrics_sitenote_category":0,"_monsterinsights_skip_tracking":false,"_monsterinsights_sitenote_active":false,"_monsterinsights_sitenote_note":"","_monsterinsights_sitenote_category":0},"product_brand":[],"product_cat":[275,93],"product_tag":[],"class_list":{"0":"post-25138","1":"product","2":"type-product","3":"status-publish","4":"has-post-thumbnail","6":"product_cat-gnss-topograficos","7":"product_cat-trimble","9":"first","10":"instock","11":"shipping-taxable","12":"product-type-simple","13":"col-xxl","14":"col-xl-4","15":"col-lg-6","16":"col-sm-6"},"_links":{"self":[{"href":"https:\/\/kpn.com.uy\/web\/wp-json\/wp\/v2\/product\/25138","targetHints":{"allow":["GET"]}}],"collection":[{"href":"https:\/\/kpn.com.uy\/web\/wp-json\/wp\/v2\/product"}],"about":[{"href":"https:\/\/kpn.com.uy\/web\/wp-json\/wp\/v2\/types\/product"}],"wp:featuredmedia":[{"embeddable":true,"href":"https:\/\/kpn.com.uy\/web\/wp-json\/wp\/v2\/media\/25139"}],"wp:attachment":[{"href":"https:\/\/kpn.com.uy\/web\/wp-json\/wp\/v2\/media?parent=25138"}],"wp:term":[{"taxonomy":"product_brand","embeddable":true,"href":"https:\/\/kpn.com.uy\/web\/wp-json\/wp\/v2\/product_brand?post=25138"},{"taxonomy":"product_cat","embeddable":true,"href":"https:\/\/kpn.com.uy\/web\/wp-json\/wp\/v2\/product_cat?post=25138"},{"taxonomy":"product_tag","embeddable":true,"href":"https:\/\/kpn.com.uy\/web\/wp-json\/wp\/v2\/product_tag?post=25138"}],"curies":[{"name":"wp","href":"https:\/\/api.w.org\/{rel}","templated":true}]}}