{"id":25209,"date":"2025-06-16T11:48:38","date_gmt":"2025-06-16T14:48:38","guid":{"rendered":"https:\/\/kpn.com.uy\/web\/?post_type=product&#038;p=25209"},"modified":"2025-06-16T11:48:39","modified_gmt":"2025-06-16T14:48:39","slug":"dji-matrice-400","status":"publish","type":"product","link":"https:\/\/kpn.com.uy\/web\/producto\/dji-matrice-400\/","title":{"rendered":"DJI Matrice 400"},"content":{"rendered":"<p>&nbsp;<\/p>\n<p><span>DJI Matrice 400, la plataforma insignia de drones empresariales, presume de un impresionante tiempo de vuelo de 59 minutos<\/span><span> , una capacidad de carga \u00fatil de hasta 6 kg<\/span><span> y un radar LiDAR giratorio y de ondas milim\u00e9tricas integrados para la detecci\u00f3n de obst\u00e1culos a nivel de l\u00edneas el\u00e9ctricas<\/span><span> . Tambi\u00e9n es compatible con la transmisi\u00f3n de video mejorada O4 Enterprise y la transmisi\u00f3n de video de retransmisi\u00f3n a\u00e9rea<\/span><span>, lo que garantiza un manejo m\u00e1s seguro y operaciones m\u00e1s sencillas. <\/span><\/p>\n<p><span>Al combinar la detecci\u00f3n inteligente con im\u00e1genes visibles y t\u00e9rmicas, proyecci\u00f3n de realidad aumentada (RA), despegue\/aterrizaje desde barcos y automatizaci\u00f3n avanzada, Matrice 400 destaca en respuesta a emergencias, inspecciones de energ\u00eda, cartograf\u00eda y AEC.<\/span><\/p>\n<p class=\"style__headline___1ripS style__headline-text___1tW5r aos-init aos-animate\" data-aos=\"fade-in\" data-aos-once=\"true\"><strong>Tiempo de vuelo prolongado, rendimiento de alta velocidad:<\/strong><\/p>\n<p class=\"text-ms-20 style__description___2V1Q7 aos-init aos-animate\" data-aos=\"fade-in\" data-aos-once=\"true\"><span>Las capacidades de vuelo del Matrice 400 son excepcionales, ofreciendo hasta 59 minutos de vuelo hacia adelante, incluso con carga \u00fatil, y hasta 53 minutos de vuelo estacionario<\/span><span> . Estas capacidades lo convierten en una herramienta fiable para operaciones continuas y de larga duraci\u00f3n, como b\u00fasqueda y rescate, extinci\u00f3n de incendios y cartograf\u00eda a gran escala. Tambi\u00e9n puede esquivar grandes obst\u00e1culos,<\/span><span>\u00a0como edificios y monta\u00f1as, a velocidades de vuelo de hasta 25 m\/s.<\/span><\/p>\n<p class=\"style__headline___1ripS style__headline-text___1tW5r aos-init aos-animate\" data-aos=\"fade-in\" data-aos-once=\"true\"><strong>Multi-carga \u00fatil, multi-escena:<\/strong><\/p>\n<p class=\"text-ms-20 style__description___2V1Q7 aos-init aos-animate\" data-aos=\"fade-in\" data-aos-once=\"true\"><span>La gran capacidad de carga \u00fatil del Matrice 400 le permite satisfacer f\u00e1cilmente las demandas de una amplia gama de aplicaciones. Con una capacidad m\u00e1xima de carga \u00fatil de 6 kg<\/span><span> , el Matrice 400 permite cambiar sin problemas entre un estabilizador inferior \u00fanico\u00a0<\/span><span>y uno doble<\/span><span>. Adem\u00e1s, cuenta con un tercer conector de estabilizador en la parte inferior para mayor flexibilidad. La aeronave est\u00e1 equipada con cuatro puertos externos E-Port V2<\/span><span>, lo que permite el montaje simult\u00e1neo de hasta siete cargas \u00fatiles.<\/span><\/p>\n<p data-aos=\"fade-in\" data-aos-once=\"true\">Dependiendo de la tarea, Matrice 400 puede equiparse con la serie <strong>Zenmuse H30, L2, P1, S1 Spotlight, V1 Speaker, Manifold 3<\/strong> o cargas \u00fatiles de terceros, ampliando as\u00ed sus capacidades y desbloqueando todo el potencial del ecosistema DJI.<\/p>\n<p data-aos=\"fade-in\" data-aos-once=\"true\"><img decoding=\"async\" class=\"\" src=\"https:\/\/www-cdn.djiits.com\/dps\/e8e70dcc4c3ec3fa6c807eb0e986d9dc.png?w=780&amp;h=600\" width=\"188\" height=\"145\" \/><img decoding=\"async\" class=\"\" src=\"https:\/\/www-cdn.djiits.com\/dps\/827ca9c686fdd6080a88fcb3f175a98d.png?w=780&amp;h=600\" width=\"180\" height=\"139\" \/><img decoding=\"async\" class=\"\" src=\"https:\/\/www-cdn.djiits.com\/dps\/9887036661ad206beef8bbc38c63f871.png?w=780&amp;h=600\" width=\"210\" height=\"161\" \/><\/p>\n<p data-aos=\"fade-in\" data-aos-once=\"true\"><img loading=\"lazy\" decoding=\"async\" class=\"\" src=\"https:\/\/www-cdn.djiits.com\/dps\/8f47b44c0e74b368aa42867ca4cbcf95.png?w=780&amp;h=600\" width=\"192\" height=\"148\" \/><img loading=\"lazy\" decoding=\"async\" class=\"\" src=\"https:\/\/www-cdn.djiits.com\/dps\/87a3a7bfd4978b25f2de482cf61ea1cb.png?w=780&amp;h=600\" width=\"192\" height=\"148\" \/><img loading=\"lazy\" decoding=\"async\" class=\"\" src=\"https:\/\/www-cdn.djiits.com\/dps\/3c0d925b8967bfb505be008f47b15bdc.png?w=780&amp;h=600\" width=\"196\" height=\"151\" \/><\/p>\n<p class=\"text-ms-48 style__headline___1ripS style__headline-text___1tW5r aos-init aos-animate\" data-aos=\"fade-in\" data-aos-once=\"true\"><strong>Tiempo de vuelo: <\/strong><span>Calcule el tiempo de vuelo del Matrice 400 seg\u00fan la configuraci\u00f3n de la carga \u00fatil.<\/span><\/p>\n<p data-aos=\"fade-in\" data-aos-once=\"true\"><img loading=\"lazy\" decoding=\"async\" class=\"alignnone  wp-image-25210\" src=\"https:\/\/kpn.com.uy\/web\/wp-content\/uploads\/2025\/06\/Captura-de-pantalla-2025-06-16-112411.png\" alt=\"\" width=\"872\" height=\"393\" srcset=\"https:\/\/kpn.com.uy\/web\/wp-content\/uploads\/2025\/06\/Captura-de-pantalla-2025-06-16-112411.png 1585w, https:\/\/kpn.com.uy\/web\/wp-content\/uploads\/2025\/06\/Captura-de-pantalla-2025-06-16-112411-1536x693.png 1536w, https:\/\/kpn.com.uy\/web\/wp-content\/uploads\/2025\/06\/Captura-de-pantalla-2025-06-16-112411-401x181.png 401w, https:\/\/kpn.com.uy\/web\/wp-content\/uploads\/2025\/06\/Captura-de-pantalla-2025-06-16-112411-480x217.png 480w, https:\/\/kpn.com.uy\/web\/wp-content\/uploads\/2025\/06\/Captura-de-pantalla-2025-06-16-112411-640x289.png 640w, https:\/\/kpn.com.uy\/web\/wp-content\/uploads\/2025\/06\/Captura-de-pantalla-2025-06-16-112411-204x92.png 204w, https:\/\/kpn.com.uy\/web\/wp-content\/uploads\/2025\/06\/Captura-de-pantalla-2025-06-16-112411-100x45.png 100w, https:\/\/kpn.com.uy\/web\/wp-content\/uploads\/2025\/06\/Captura-de-pantalla-2025-06-16-112411-200x90.png 200w, https:\/\/kpn.com.uy\/web\/wp-content\/uploads\/2025\/06\/Captura-de-pantalla-2025-06-16-112411-300x135.png 300w, https:\/\/kpn.com.uy\/web\/wp-content\/uploads\/2025\/06\/Captura-de-pantalla-2025-06-16-112411-500x226.png 500w\" sizes=\"(max-width: 872px) 100vw, 872px\" \/><\/p>\n<h4 class=\"style__headline___1ripS style__headline-text___1tW5r aos-init aos-animate\" data-aos=\"fade-in\" data-aos-once=\"true\"><strong>Vuelo seguro y confiable<\/strong><\/h4>\n<p class=\"text-ms-48 style__headline___1ripS style__headline-text___1tW5r aos-init aos-animate\" data-aos=\"fade-in\" data-aos-once=\"true\"><strong>Dise\u00f1ado para condiciones desafiantes : <\/strong><span>El Matrice 400 cuenta con un grado de protecci\u00f3n IP55 <\/span><span>, lo que le permite funcionar de forma fiable en condiciones adversas, como fuertes lluvias o polvo. Adem\u00e1s, mantiene un rendimiento estable en temperaturas de -20 \u00b0C a 50 \u00b0C (de -4 \u00b0F a 122 \u00b0F), ofreciendo resultados consistentes tanto en condiciones de calor como de fr\u00edo.<\/span><\/p>\n<p class=\"text-ms-48 style__headline___1ripS style__headline-text___1tW5r aos-init aos-animate\" data-aos=\"fade-in\" data-aos-once=\"true\"><strong>Detecci\u00f3n de obst\u00e1culos a nivel de l\u00ednea el\u00e9ctrica: <\/strong>El avanzado sistema de detecci\u00f3n de obst\u00e1culos del Matrice 400 integra un LiDAR rotatorio, un radar de ondas milim\u00e9tricas de alta precisi\u00f3n y sensores de visi\u00f3n ojo de pez a todo color con poca luz, lo que eleva la capacidad de detecci\u00f3n a niveles sin precedentes. El sistema detecta incluso obst\u00e1culos peque\u00f1os, como l\u00edneas el\u00e9ctricas de alta tensi\u00f3n en terrenos monta\u00f1osos, incluso en la oscuridad. Puede penetrar la lluvia y la niebla para detectar su entorno, lo que proporciona mayor seguridad en condiciones clim\u00e1ticas adversas.<\/p>\n<div style=\"width: 1136px;\" class=\"wp-video\"><!--[if lt IE 9]><script>document.createElement('video');<\/script><![endif]-->\n<video class=\"wp-video-shortcode\" id=\"video-25209-1\" width=\"1136\" height=\"568\" preload=\"metadata\" controls=\"controls\"><source type=\"video\/mp4\" src=\"https:\/\/kpn.com.uy\/web\/wp-content\/uploads\/2025\/06\/3a3a7b89-5c1f-4299-90fc-0f24771ae2f5.mp4?_=1\" \/><a href=\"https:\/\/kpn.com.uy\/web\/wp-content\/uploads\/2025\/06\/3a3a7b89-5c1f-4299-90fc-0f24771ae2f5.mp4\">https:\/\/kpn.com.uy\/web\/wp-content\/uploads\/2025\/06\/3a3a7b89-5c1f-4299-90fc-0f24771ae2f5.mp4<\/a><\/video><\/div>\n<h5 class=\"style__headline___1ripS style__headline-text___1tW5r\" data-aos=\"none\" data-aos-once=\"true\"><span>Sistema de transmisi\u00f3n de v\u00eddeo mejorado O4 Enterprise<\/span><\/h5>\n<p class=\"style__description___2V1Q7\" data-aos=\"none\" data-aos-once=\"true\"><span>Gracias al sistema de diez antenas de la aeronave y al sistema de antenas en fase de alta ganancia del control remoto, el Sistema de Transmisi\u00f3n de V\u00eddeo Mejorado O4 Enterprise puede transmitir im\u00e1genes a una distancia de hasta 40 km<\/span><span>\u00a0.<\/span><br \/>\n<span>El Matrice 400 tambi\u00e9n es compatible con la banda de frecuencia sub2G <\/span><span>y, al equiparse con dos DJI Cellular Dongle 2<\/span><span>\u00a0, puede cambiar autom\u00e1ticamente a la mejor red disponible, proporcionando una se\u00f1al m\u00e1s estable incluso en entornos urbanos con interferencias o en regiones remotas.<\/span><\/p>\n<p class=\"style__headline___1ripS style__headline-text___1tW5r\" data-aos=\"none\" data-aos-once=\"true\"><strong>Transmisi\u00f3n de video por retransmisi\u00f3n a\u00e9rea<\/strong><\/p>\n<p class=\"style__description___2V1Q7\" data-aos=\"none\" data-aos-once=\"true\"><span>El Matrice 400 incorpora un m\u00f3dulo de retransmisi\u00f3n de v\u00eddeo. Con esta configuraci\u00f3n, un Matrice 400 puede actuar como dron de retransmisi\u00f3n, volando a gran altura para proporcionar se\u00f1ales de retransmisi\u00f3n a otro Matrice 400 que opera a mayor distancia. Esta capacidad ampl\u00eda significativamente el alcance de transmisi\u00f3n, lo que lo hace ideal para tareas de b\u00fasqueda y rescate, as\u00ed como para inspecciones en zonas monta\u00f1osas.<\/span><\/p>\n<div style=\"width: 1136px;\" class=\"wp-video\"><video class=\"wp-video-shortcode\" id=\"video-25209-2\" width=\"1136\" height=\"768\" preload=\"metadata\" controls=\"controls\"><source type=\"video\/mp4\" src=\"https:\/\/kpn.com.uy\/web\/wp-content\/uploads\/2025\/06\/d1058ca1-76d0-4a47-8824-f00e3afe4859.mp4?_=2\" \/><a href=\"https:\/\/kpn.com.uy\/web\/wp-content\/uploads\/2025\/06\/d1058ca1-76d0-4a47-8824-f00e3afe4859.mp4\">https:\/\/kpn.com.uy\/web\/wp-content\/uploads\/2025\/06\/d1058ca1-76d0-4a47-8824-f00e3afe4859.mp4<\/a><\/video><\/div>\n<p>&nbsp;<\/p>\n<h5 class=\"style__headline___1ripS style__headline-text___1tW5r aos-init aos-animate\" data-aos=\"fade-up\" data-aos-once=\"true\"><span>Posicionamiento de fusi\u00f3n de aeronaves<\/span><\/h5>\n<p class=\"text-ms-20 style__description___2V1Q7 aos-init aos-animate\" data-aos=\"fade-up\" data-aos-once=\"true\"><span>El rendimiento de detecci\u00f3n omnidireccional<\/span><span>\u00a0que ofrece el LiDAR rotatorio, el radar de ondas milim\u00e9tricas de alta precisi\u00f3n y los sensores de visi\u00f3n ojo de pez a todo color con poca luz proporciona al Matrice 400 una s\u00f3lida capacidad de posicionamiento. Puede volar de forma estable cerca de edificios con fachadas de cristal o palas de aerogeneradores y regresar con seguridad desde los bordes de edificios, bases de monta\u00f1as o laderas de puentes, incluso sin actualizar el punto de retorno.<\/span><\/p>\n<div style=\"width: 1136px;\" class=\"wp-video\"><video class=\"wp-video-shortcode\" id=\"video-25209-3\" width=\"1136\" height=\"852\" preload=\"metadata\" controls=\"controls\"><source type=\"video\/mp4\" src=\"https:\/\/kpn.com.uy\/web\/wp-content\/uploads\/2025\/06\/39844bb8-ade7-4447-bbea-090ab2f09efe.mp4?_=3\" \/><a href=\"https:\/\/kpn.com.uy\/web\/wp-content\/uploads\/2025\/06\/39844bb8-ade7-4447-bbea-090ab2f09efe.mp4\">https:\/\/kpn.com.uy\/web\/wp-content\/uploads\/2025\/06\/39844bb8-ade7-4447-bbea-090ab2f09efe.mp4<\/a><\/video><\/div>\n<h5 class=\"style__headline___1ripS style__headline-text___1tW5r aos-init aos-animate\" data-aos=\"fade-up\" data-aos-once=\"true\"><span>Asistente de visi\u00f3n a todo color<\/span><\/h5>\n<p class=\"text-ms-20 style__description___2V1Q7 aos-init aos-animate\" data-aos=\"fade-up\" data-aos-once=\"true\"><span>Los cuatro sensores de visi\u00f3n ojo de pez a todo color con poca luz en el avi\u00f3n brindan asistencia de visi\u00f3n a todo color <\/span><span>para garantizar un vuelo m\u00e1s seguro.<\/span><\/p>\n<h5 class=\"style__headline___1ripS style__headline-text___1tW5r aos-init aos-animate\" data-aos=\"fade-in\" data-aos-once=\"true\"><span>Inteligencia y eficiencia mejoradas<\/span><\/h5>\n<p class=\"text-ms-48 style__headline___1ripS style__headline-text___1tW5r aos-init aos-animate\" data-aos=\"fade-in\" data-aos-once=\"true\"><strong>Detecci\u00f3n inteligente:<\/strong> Con la tecnolog\u00eda de im\u00e1genes visibles y t\u00e9rmicas de la serie Zenmuse H30, Matrice 400 puede detectar veh\u00edculos, embarcaciones y sujetos durante operaciones de b\u00fasqueda y rescate o vuelos de rutina. Adem\u00e1s, es compatible con otros modelos, lo que permite ampliar los escenarios de aplicaci\u00f3n. Adem\u00e1s, admite fotos de cuadr\u00edcula de alta resoluci\u00f3n y cuenta con potentes funciones de seguimiento.<\/p>\n<div style=\"width: 1136px;\" class=\"wp-video\"><video class=\"wp-video-shortcode\" id=\"video-25209-4\" width=\"1136\" height=\"568\" preload=\"metadata\" controls=\"controls\"><source type=\"video\/mp4\" src=\"https:\/\/kpn.com.uy\/web\/wp-content\/uploads\/2025\/06\/1b04fc04-059c-4f44-9060-d2074aead6ba.mp4?_=4\" \/><a href=\"https:\/\/kpn.com.uy\/web\/wp-content\/uploads\/2025\/06\/1b04fc04-059c-4f44-9060-d2074aead6ba.mp4\">https:\/\/kpn.com.uy\/web\/wp-content\/uploads\/2025\/06\/1b04fc04-059c-4f44-9060-d2074aead6ba.mp4<\/a><\/video><\/div>\n<h5 class=\"style__headline___1ripS style__headline-text___1tW5r aos-init aos-animate\" data-aos=\"fade-in\" data-aos-once=\"true\"><span>Proyecci\u00f3n AR inteligente<\/span><\/h5>\n<div class=\"style__tab-item___2XPNc style__tab-item-active___2Xb8y \" data-ga-label=\"all-0-tab-button\">\n<div><strong>L\u00ednea el\u00e9ctrica AR: <\/strong>Durante tareas como la inspecci\u00f3n de la red el\u00e9ctrica, el sistema de detecci\u00f3n de obst\u00e1culos detecta autom\u00e1ticamente los obst\u00e1culos del cable frontal\u00a0y muestra l\u00edneas AR f\u00e1cilmente reconocibles en la pantalla del control remoto, lo que hace que el entorno circundante sea claro de un vistazo y garantiza un vuelo m\u00e1s seguro.<\/div>\n<div>\n<div class=\"style__tab-item___2XPNc style__tab-item-active___2Xb8y \" data-ga-label=\"all-1-tab-button\">\n<div><strong>Vista del mapa AR: <\/strong>Al operar durante el d\u00eda o la noche en regiones urbanas, el control remoto puede mostrar los nombres de edificios y puntos de referencia en tiempo real, marcando las carreteras principales con l\u00edneas prominentes.<\/div>\n<div>\n<div class=\"style__tab-item___2XPNc style__tab-item-active___2Xb8y \" data-ga-label=\"all-2-tab-button\">\n<div><strong>Punto de referencia de vuelo AR: <\/strong>La vista previa de la ruta en tiempo real est\u00e1 disponible para el dron durante el RTH, la detecci\u00f3n de obst\u00e1culos y las operaciones FlyTo. Durante el aterrizaje, se puede mostrar la Sombra de la Aeronave AR para ayudar a los operadores a confirmar la ubicaci\u00f3n del aterrizaje.<\/div>\n<div><strong>Anotaciones en vivo: <\/strong>Sin modelar, puedes marcar puntos en la pantalla del control remoto para obtener la ubicaci\u00f3n de los sujetos, dibujar l\u00edneas para medir distancias entre varios puntos y delimitar \u00e1reas para calcular su tama\u00f1o. Los resultados de las mediciones se pueden sincronizar con DJI FlightHub 2 para optimizar la eficiencia del equipo.<\/div>\n<\/div>\n<\/div>\n<\/div>\n<div class=\"style__tab-item___2XPNc \" data-ga-label=\"all-3-tab-button\">\n<h5 class=\"style__headline___1ripS style__headline-text___1tW5r aos-init aos-animate\" data-aos=\"fade-up\" data-aos-once=\"true\">Seguimiento del terreno en tiempo real<\/h5>\n<\/div>\n<div class=\"style__tab-item___2XPNc \" data-ga-label=\"all-2-tab-button\">Matrice 400 permite el seguimiento del terreno en tiempo real en cualquier direcci\u00f3n horizontal \u00a0. Esta funci\u00f3n se puede activar tanto durante el vuelo manual como durante las rutas de vuelo automatizadas, lo que garantiza una altura relativa estable al suelo.<br \/>\nDurante operaciones de b\u00fasqueda y rescate a gran escala, el tama\u00f1o de los objetos terrestres se mantiene constante en la pantalla del control remoto, lo que reduce la necesidad de ajustes frecuentes del zoom y mejora la eficiencia. Durante las misiones de mapeo, se puede mantener una distancia de muestreo del terreno (GSD) constante para obtener datos cartogr\u00e1ficos de alta precisi\u00f3n.<\/div>\n<\/div>\n<div data-ga-label=\"all-2-tab-button\">\n<h5 class=\"style__headline___1ripS style__headline-text___1tW5r aos-init aos-animate\" data-aos=\"fade-up\" data-aos-once=\"true\">Despegue y aterrizaje en\u00a0<span class=\"nowrap\">barcos\u00a0<\/span><\/h5>\n<p class=\"text-ms-20 style__description___2V1Q7 aos-init aos-animate\" data-aos=\"fade-up\" data-aos-once=\"true\">Para satisfacer las necesidades de operaciones offshore, como patrullaje mar\u00edtimo e inspecci\u00f3n de aerogeneradores, el Matrice 400 est\u00e1 equipado con la capacidad de despegar y aterrizar desde buques, facilitando el despegue desde embarcaciones estacionarias y el aterrizaje en embarcaciones en movimiento. Al detectar patrones de puntos de aterrizaje en la cubierta, puede lograr aterrizajes seguros y precisos.<\/p>\n<p class=\"style__headline___1ripS style__headline-text___1tW5r aos-init aos-animate\" data-aos=\"fade-in\" data-aos-once=\"true\"><strong>Modos de vuelo inteligentes<\/strong><\/p>\n<\/div>\n<\/div>\n<div class=\"style__tab-item___2XPNc \" data-ga-label=\"all-1-tab-button\"><strong>Crucero:<\/strong> Active el modo de control de crucero para pilotar el dron en una direcci\u00f3n espec\u00edfica sin presionar constantemente las palancas de control, lo que facilita los vuelos de larga distancia o las inspecciones lineales.<\/div>\n<div data-ga-label=\"all-1-tab-button\">\n<div class=\"style__tab-item___2XPNc style__tab-item-active___2Xb8y \" data-ga-label=\"all-1-tab-button\">\n<div><strong>Vuela a: <\/strong>En caso de emergencia o desastre, el dron puede ajustar autom\u00e1ticamente su trayectoria de vuelo y velocidad en funci\u00f3n del entorno circundante, lo que le permite llegar a una ubicaci\u00f3n designada sin ajustes manuales.<\/div>\n<div>\n<div class=\"style__tab-item___2XPNc style__tab-item-active___2Xb8y \" data-ga-label=\"all-2-tab-button\">\n<div><strong>Pista inteligente: <\/strong>Smart Track permite un posicionamiento preciso del sujeto y ajustes autom\u00e1ticos del zoom, lo que facilita el cambio de sujeto. Puede volver a capturar un sujeto autom\u00e1ticamente incluso si se oculta brevemente.<\/div>\n<\/div>\n<div class=\"style__tab-item___2XPNc \" data-ga-label=\"all-3-tab-button\"><strong>PDI: <\/strong>POI permite la observaci\u00f3n continua y el modelado 3D de edificios mientras orbitan un \u00e1rea designada, lo que mejora enormemente la eficiencia de las tareas de observaci\u00f3n y modelado de puntos fijos.<\/div>\n<\/div>\n<div data-ga-label=\"all-3-tab-button\">\n<h5 class=\"style__headline___1ripS style__headline-text___1tW5r aos-init aos-animate\" data-aos=\"fade-in\" data-aos-once=\"true\">Operaciones automatizadas m\u00e1s f\u00e1ciles<\/h5>\n<div class=\"style__tab-item___2XPNc style__tab-item-active___2Xb8y \" data-ga-label=\"all-0-tab-button\">\n<div><strong>Seguimiento de la l\u00ednea el\u00e9ctrica con Zenmuse L2: <\/strong>Equipado con el sistema LiDAR L2, el Matrice 400 puede realizar vuelos automatizados de seguimiento de l\u00edneas de transmisi\u00f3n y distribuci\u00f3n de energ\u00eda. Utiliza el LiDAR giratorio para detectar obst\u00e1culos en tiempo real y evitar autom\u00e1ticamente las l\u00edneas que cruzan.<\/div>\n<div><strong>Ruta de pendiente y ruta geom\u00e9trica: <\/strong>Matrice 400 facilita la planificaci\u00f3n y ejecuci\u00f3n de rutas con pendientes y geometr\u00eda a trav\u00e9s de DJI Pilot 2 o DJI FlightHub 2. Ya sea para realizar estudios a\u00e9reos detallados de fachadas de edificios, pendientes u otras superficies inclinadas, o para recopilar datos cartogr\u00e1ficos de edificios o estructuras individuales, Matrice 400 puede planificar r\u00e1pidamente rutas con pendientes o geometr\u00eda para adquirir datos de alta precisi\u00f3n de forma eficiente.<\/div>\n<\/div>\n<div class=\"style__tab-item___2XPNc \" data-ga-label=\"all-1-tab-button\"><\/div>\n<\/div>\n<\/div>\n<div class=\"style__tab-item___2XPNc \" data-ga-label=\"all-2-tab-button\"><\/div>\n<\/div>\n","protected":false},"excerpt":{"rendered":"<p><strong>Plataforma de drones de larga duraci\u00f3n con detecci\u00f3n de obst\u00e1culos a nivel de l\u00ednea el\u00e9ctrica<\/strong><\/p>\n<h5>Ingenier\u00eda de excelencia, dise\u00f1o vers\u00e1til.<\/h5>\n<p><img loading=\"lazy\" decoding=\"async\" class=\" wp-image-25217\" src=\"https:\/\/kpn.com.uy\/web\/wp-content\/uploads\/2025\/06\/DJI-Matrice-400-H30T-Aplicacion-SAR-A-Top-Topografia-2-1536x1151-1.jpg\" alt=\"\" width=\"712\" height=\"534\" srcset=\"https:\/\/kpn.com.uy\/web\/wp-content\/uploads\/2025\/06\/DJI-Matrice-400-H30T-Aplicacion-SAR-A-Top-Topografia-2-1536x1151-1.jpg 1536w, https:\/\/kpn.com.uy\/web\/wp-content\/uploads\/2025\/06\/DJI-Matrice-400-H30T-Aplicacion-SAR-A-Top-Topografia-2-1536x1151-1-401x300.jpg 401w, https:\/\/kpn.com.uy\/web\/wp-content\/uploads\/2025\/06\/DJI-Matrice-400-H30T-Aplicacion-SAR-A-Top-Topografia-2-1536x1151-1-480x360.jpg 480w, https:\/\/kpn.com.uy\/web\/wp-content\/uploads\/2025\/06\/DJI-Matrice-400-H30T-Aplicacion-SAR-A-Top-Topografia-2-1536x1151-1-640x480.jpg 640w, https:\/\/kpn.com.uy\/web\/wp-content\/uploads\/2025\/06\/DJI-Matrice-400-H30T-Aplicacion-SAR-A-Top-Topografia-2-1536x1151-1-123x92.jpg 123w, https:\/\/kpn.com.uy\/web\/wp-content\/uploads\/2025\/06\/DJI-Matrice-400-H30T-Aplicacion-SAR-A-Top-Topografia-2-1536x1151-1-100x75.jpg 100w, https:\/\/kpn.com.uy\/web\/wp-content\/uploads\/2025\/06\/DJI-Matrice-400-H30T-Aplicacion-SAR-A-Top-Topografia-2-1536x1151-1-200x150.jpg 200w, https:\/\/kpn.com.uy\/web\/wp-content\/uploads\/2025\/06\/DJI-Matrice-400-H30T-Aplicacion-SAR-A-Top-Topografia-2-1536x1151-1-300x225.jpg 300w, https:\/\/kpn.com.uy\/web\/wp-content\/uploads\/2025\/06\/DJI-Matrice-400-H30T-Aplicacion-SAR-A-Top-Topografia-2-1536x1151-1-500x375.jpg 500w\" sizes=\"(max-width: 712px) 100vw, 712px\" \/><\/p>\n","protected":false},"featured_media":25215,"template":"","meta":{"_exactmetrics_skip_tracking":false,"_exactmetrics_sitenote_active":false,"_exactmetrics_sitenote_note":"","_exactmetrics_sitenote_category":0,"_monsterinsights_skip_tracking":false,"_monsterinsights_sitenote_active":false,"_monsterinsights_sitenote_note":"","_monsterinsights_sitenote_category":0},"product_brand":[],"product_cat":[302,314,341],"product_tag":[],"class_list":{"0":"post-25209","1":"product","2":"type-product","3":"status-publish","4":"has-post-thumbnail","6":"product_cat-dji","7":"product_cat-drones","8":"product_cat-lidar","10":"first","11":"instock","12":"shipping-taxable","13":"product-type-simple","14":"col-xxl","15":"col-xl-4","16":"col-lg-6","17":"col-sm-6"},"_links":{"self":[{"href":"https:\/\/kpn.com.uy\/web\/wp-json\/wp\/v2\/product\/25209","targetHints":{"allow":["GET"]}}],"collection":[{"href":"https:\/\/kpn.com.uy\/web\/wp-json\/wp\/v2\/product"}],"about":[{"href":"https:\/\/kpn.com.uy\/web\/wp-json\/wp\/v2\/types\/product"}],"wp:featuredmedia":[{"embeddable":true,"href":"https:\/\/kpn.com.uy\/web\/wp-json\/wp\/v2\/media\/25215"}],"wp:attachment":[{"href":"https:\/\/kpn.com.uy\/web\/wp-json\/wp\/v2\/media?parent=25209"}],"wp:term":[{"taxonomy":"product_brand","embeddable":true,"href":"https:\/\/kpn.com.uy\/web\/wp-json\/wp\/v2\/product_brand?post=25209"},{"taxonomy":"product_cat","embeddable":true,"href":"https:\/\/kpn.com.uy\/web\/wp-json\/wp\/v2\/product_cat?post=25209"},{"taxonomy":"product_tag","embeddable":true,"href":"https:\/\/kpn.com.uy\/web\/wp-json\/wp\/v2\/product_tag?post=25209"}],"curies":[{"name":"wp","href":"https:\/\/api.w.org\/{rel}","templated":true}]}}